{"id":2299,"date":"2024-05-24T11:51:37","date_gmt":"2024-05-24T10:51:37","guid":{"rendered":"https:\/\/autopdz.com\/product\/pate-effaceur-de-rayures-m5\/"},"modified":"2025-07-26T16:25:18","modified_gmt":"2025-07-26T15:25:18","slug":"pate-effaceur-de-rayures-m5","status":"publish","type":"product","link":"https:\/\/autopdz.com\/ar\/product\/pate-effaceur-de-rayures-m5\/","title":{"rendered":"P\u00e2te effaceur de rayures M5"},"content":{"rendered":"<h2 class=\"-m -fs14 -phs\" style=\"padding:0px8px;margin:0px;font-weight:500;font-size:0.875rem;font-family:-apple-system,BlinkMacSystemFont,Roboto,\">\nPrincipales caract\u00e9ristiques<\/h2>\n<div class=\"markup -pas\" style=\"padding:8px;font-family:-apple-system,BlinkMacSystemFont,Roboto,\">\n<ul style=\"padding:0px0px0px16px;margin:0px\">\n<li style=\"padding:0px;margin:0px\"><font size=\"2\">Les petites \u00e9gratignures sur votre voiture ou votre moto <\/font><\/li>\n<li style=\"padding:0px;margin:0px\"><font size=\"2\"><b>Facile \u00e0 Appliquer :<\/b><\/font><font size=\"2\"> Mettez un peu de M5 sur les \u00e9gratignures<\/font><\/li>\n<li style=\"padding:0px;margin:0px\"><font size=\"2\"><b>Frottez Doucement<\/b><\/font><font size=\"2\"> : Utilisez Un Microfibre en faisant des cercles pour que le produit fasse son travail.<\/font><\/li>\n<li style=\"padding:0px;margin:0px\"><font size=\"2\"><b>Essuyez :<\/b><\/font><font size=\"2\"> Finissez en essuyant pour r\u00e9v\u00e9ler une peinture propre et lisse.<\/font><\/li>\n<li style=\"padding:0px;margin:0px\"><font size=\"2\"><b>R\u00e9paration Rapide :<\/b><\/font><font size=\"2\"> En quelques minutes, les \u00e9gratignures disparaissent, redonnant vie \u00e0 votre peinture<\/font><\/li>\n<li style=\"padding:0px;margin:0px\"><font size=\"2\"><b>\u00c9conomique <\/b><\/font><font size=\"2\">: \u00c9vitez les frais co\u00fbteux de r\u00e9paration tout en pr\u00e9servant la valeur de votre voiture ou de votre moto<\/font><\/li>\n<li><\/li>\n<li>P\u00e2te de r\u00e9paration M5 puissante pour rayures de voiture : le dissolvant ne r\u00e9agit pas avec la peinture de la voiture, de sorte qu&rsquo;il peut r\u00e9parer les rayures sans affecter la peinture d&rsquo;origine de la voiture, suppression professionnelle des rayures : la r\u00e9paration de rayures de voiture est con\u00e7ue pour restaurer l&rsquo;\u00e9clat et la couleur d&rsquo;origine. Facile \u00e0 enlever le film de rouille et la salet\u00e9, la couleur et l&rsquo;\u00e9clat sur la peinture de la voiture<br \/>\nP\u00e2te marine de qualit\u00e9 sup\u00e9rieure : utilisez notre cr\u00e8me de r\u00e9paration marine en fibre de verre pour r\u00e9parer d\u00e9finitivement les rayures, les trous de vis, les fissures, les gouges et les rayures sur la coque et le pont en fibre de verre. Les formulations \u00e0 haute viscosit\u00e9 qui ne s&rsquo;affaissent pas et ne coulent pas sont faciles \u00e0 appliquer, ont une large couverture et ont une haute brillance.<\/p>\n<p>Application facile en une seule \u00e9tape : facile \u00e0 utiliser, pour les petites rayures, il suffit de presser une quantit\u00e9 appropri\u00e9e de cr\u00e8me \u00e0 gratter sur une \u00e9ponge douce, puis de la frotter avec l&rsquo;\u00e9ponge plusieurs fois jusqu&rsquo;\u00e0 ce que les rayures soient retir\u00e9es.<\/li>\n<li>Largement utilis\u00e9 : vous pouvez \u00e9galement l&rsquo;utiliser pour r\u00e9parer des pi\u00e8ces composites sur les bateaux, motos, camping-cars et plus encore. Applicable pour r\u00e9parer les comptoirs, les appareils, les baignoires de salle de bain et les \u00e9viers.<\/li>\n<\/ul>\n<\/div>","protected":false},"excerpt":{"rendered":"<p>Principales caract\u00e9ristiques Les petites \u00e9gratignures sur votre voiture ou votre moto Facile \u00e0 Appliquer : Mettez un peu de M5 sur les \u00e9gratignures Frottez Doucement : Utilisez Un Microfibre en faisant des cercles pour que le produit fasse son travail. Essuyez : Finissez en essuyant pour r\u00e9v\u00e9ler une peinture propre et lisse. R\u00e9paration Rapide : [&hellip;]<\/p>","protected":false},"featured_media":2296,"comment_status":"open","ping_status":"closed","template":"","meta":[],"product_brand":[],"product_cat":[26],"product_tag":[],"class_list":{"0":"post-2299","1":"product","2":"type-product","3":"status-publish","4":"has-post-thumbnail","6":"product_cat-accessoires-exterieur","8":"first","9":"outofstock","10":"shipping-taxable","11":"purchasable","12":"product-type-simple"},"jetpack_sharing_enabled":true,"_links":{"self":[{"href":"https:\/\/autopdz.com\/ar\/wp-json\/wp\/v2\/product\/2299","targetHints":{"allow":["GET"]}}],"collection":[{"href":"https:\/\/autopdz.com\/ar\/wp-json\/wp\/v2\/product"}],"about":[{"href":"https:\/\/autopdz.com\/ar\/wp-json\/wp\/v2\/types\/product"}],"replies":[{"embeddable":true,"href":"https:\/\/autopdz.com\/ar\/wp-json\/wp\/v2\/comments?post=2299"}],"wp:featuredmedia":[{"embeddable":true,"href":"https:\/\/autopdz.com\/ar\/wp-json\/wp\/v2\/media\/2296"}],"wp:attachment":[{"href":"https:\/\/autopdz.com\/ar\/wp-json\/wp\/v2\/media?parent=2299"}],"wp:term":[{"taxonomy":"product_brand","embeddable":true,"href":"https:\/\/autopdz.com\/ar\/wp-json\/wp\/v2\/product_brand?post=2299"},{"taxonomy":"product_cat","embeddable":true,"href":"https:\/\/autopdz.com\/ar\/wp-json\/wp\/v2\/product_cat?post=2299"},{"taxonomy":"product_tag","embeddable":true,"href":"https:\/\/autopdz.com\/ar\/wp-json\/wp\/v2\/product_tag?post=2299"}],"curies":[{"name":"wp","href":"https:\/\/api.w.org\/{rel}","templated":true}]}}