{"id":23027,"date":"2025-09-10T14:52:00","date_gmt":"2025-09-10T13:52:00","guid":{"rendered":"https:\/\/autopdz.com\/product\/convertisseur-de-courant-12v-a-220v-onduleur-de-voiture-200w-charge-usb\/"},"modified":"2025-09-10T14:52:00","modified_gmt":"2025-09-10T13:52:00","slug":"convertisseur-de-courant-12v-a-220v-onduleur-de-voiture-200w-charge-usb","status":"publish","type":"product","link":"https:\/\/autopdz.com\/ar\/product\/convertisseur-de-courant-12v-a-220v-onduleur-de-voiture-200w-charge-usb\/","title":{"rendered":"Convertisseur de courant 12v \u00e0 220v onduleur de voiture 200W charge USB"},"content":{"rendered":"<p>Description<br \/>\nOnduleur de 200 W avec alimentation 12 V DC et prise AC 220 V,<\/p>\n<p>prend en charge \u00e0 la fois les prises \u00e9lectriques et les prises de courant.<\/p>\n<p>Utilisez une prise \u00e9lectrique de 220 volts.<\/p>\n<p>Vous cherchez une solution \u00e0 votre probl\u00e8me ?<\/p>\n<p>l&rsquo; Onduleur De Voiture 200W, 12V\/24V Dc \u00e0 220V AC est maintenant disponible<\/p>\n<p>Principales caract\u00e9ristiques<br \/>\nVoyages missions et affaires<br \/>\nChargement mobile USB<br \/>\nAlimentation de secours<br \/>\nAppareils \u00e9lectriques basse consommation<br \/>\nContenu de la bo\u00eete<br \/>\n1 convertisseur 12v 220 v 200 w<\/p>\n<p>Caract\u00e9ristiques<br \/>\nSKU: GE070CA1IU4G9NAFAMZ<\/p>\n<p>Mod\u00e8le: 12 v 200 w<\/p>\n<p>Pays de production: China<\/p>\n<p>Taille (Longueur x Largeur x Hauteur cm): 30x8x4<\/p>\n<p>Poids (kg): 0.7<\/p>\n<p>Couleur: noir<\/p>","protected":false},"excerpt":{"rendered":"<p>Description Onduleur de 200 W avec alimentation 12 V DC et prise AC 220 V, prend en charge \u00e0 la fois les prises \u00e9lectriques et les prises de courant. Utilisez une prise \u00e9lectrique de 220 volts. Vous cherchez une solution \u00e0 votre probl\u00e8me ? l&rsquo; Onduleur De Voiture 200W, 12V\/24V Dc \u00e0 220V AC est [&hellip;]<\/p>","protected":false},"featured_media":23024,"comment_status":"open","ping_status":"closed","template":"","meta":[],"product_brand":[],"product_cat":[24],"product_tag":[],"class_list":{"0":"post-23027","1":"product","2":"type-product","3":"status-publish","4":"has-post-thumbnail","6":"product_cat-accessoires-interieur","8":"first","9":"instock","10":"shipping-taxable","11":"purchasable","12":"product-type-simple"},"jetpack_sharing_enabled":true,"_links":{"self":[{"href":"https:\/\/autopdz.com\/ar\/wp-json\/wp\/v2\/product\/23027","targetHints":{"allow":["GET"]}}],"collection":[{"href":"https:\/\/autopdz.com\/ar\/wp-json\/wp\/v2\/product"}],"about":[{"href":"https:\/\/autopdz.com\/ar\/wp-json\/wp\/v2\/types\/product"}],"replies":[{"embeddable":true,"href":"https:\/\/autopdz.com\/ar\/wp-json\/wp\/v2\/comments?post=23027"}],"wp:featuredmedia":[{"embeddable":true,"href":"https:\/\/autopdz.com\/ar\/wp-json\/wp\/v2\/media\/23024"}],"wp:attachment":[{"href":"https:\/\/autopdz.com\/ar\/wp-json\/wp\/v2\/media?parent=23027"}],"wp:term":[{"taxonomy":"product_brand","embeddable":true,"href":"https:\/\/autopdz.com\/ar\/wp-json\/wp\/v2\/product_brand?post=23027"},{"taxonomy":"product_cat","embeddable":true,"href":"https:\/\/autopdz.com\/ar\/wp-json\/wp\/v2\/product_cat?post=23027"},{"taxonomy":"product_tag","embeddable":true,"href":"https:\/\/autopdz.com\/ar\/wp-json\/wp\/v2\/product_tag?post=23027"}],"curies":[{"name":"wp","href":"https:\/\/api.w.org\/{rel}","templated":true}]}}