{"id":2335,"date":"2024-05-28T15:34:35","date_gmt":"2024-05-28T14:34:35","guid":{"rendered":"https:\/\/autopdz.com\/?post_type=product&#038;p=2335"},"modified":"2025-11-06T14:50:04","modified_gmt":"2025-11-06T13:50:04","slug":"coussin-appui-tete-voiture-2pcs","status":"publish","type":"product","link":"https:\/\/autopdz.com\/ar\/product\/coussin-appui-tete-voiture-2pcs\/","title":{"rendered":"Coussin appui t\u00eate voiture 2Pcs"},"content":{"rendered":"<p>Mat\u00e9riau de haute qualit\u00e9 &#8211; Semi Cuir synth\u00e9tique, polyester, \u00e9ponge, \u00e9lastique haute r\u00e9sistance, ferme et durable sans d\u00e9formation.<\/p>\n<p>Protection efficace &#8211; Cet oreiller soutiendra confortablement votre t\u00eate et votre cou. Rendez votre vie de conduite plus confortable et plus s\u00fbre.<\/p>\n<p>Conception portative compacte pour les bretelles &#8211; Emportez-le n&rsquo;importe o\u00f9, sa petite taille vous permettra de l&rsquo;installer dans n&rsquo;importe quel sac que vous prenez.<\/p>\n<p>Facile \u00e0 nettoyer &#8211; Equip\u00e9 d&rsquo;une fermeture \u00e0 glissi\u00e8re \u00e0 l&rsquo;arri\u00e8re, pratique pour le nettoyage.<\/p>","protected":false},"excerpt":{"rendered":"<p>Mat\u00e9riau de haute qualit\u00e9 &#8211; Semi Cuir synth\u00e9tique, polyester, \u00e9ponge, \u00e9lastique haute r\u00e9sistance, ferme et durable sans d\u00e9formation. Protection efficace &#8211; Cet oreiller soutiendra confortablement votre t\u00eate et votre cou. Rendez votre vie de conduite plus confortable et plus s\u00fbre. Conception portative compacte pour les bretelles &#8211; Emportez-le n&rsquo;importe o\u00f9, sa petite taille vous permettra [&hellip;]<\/p>","protected":false},"featured_media":2332,"comment_status":"open","ping_status":"closed","template":"","meta":[],"product_brand":[],"product_cat":[24],"product_tag":[],"class_list":{"0":"post-2335","1":"product","2":"type-product","3":"status-publish","4":"has-post-thumbnail","6":"product_cat-accessoires-interieur","8":"first","9":"instock","10":"shipping-taxable","11":"purchasable","12":"product-type-variable"},"jetpack_sharing_enabled":true,"_links":{"self":[{"href":"https:\/\/autopdz.com\/ar\/wp-json\/wp\/v2\/product\/2335","targetHints":{"allow":["GET"]}}],"collection":[{"href":"https:\/\/autopdz.com\/ar\/wp-json\/wp\/v2\/product"}],"about":[{"href":"https:\/\/autopdz.com\/ar\/wp-json\/wp\/v2\/types\/product"}],"replies":[{"embeddable":true,"href":"https:\/\/autopdz.com\/ar\/wp-json\/wp\/v2\/comments?post=2335"}],"wp:featuredmedia":[{"embeddable":true,"href":"https:\/\/autopdz.com\/ar\/wp-json\/wp\/v2\/media\/2332"}],"wp:attachment":[{"href":"https:\/\/autopdz.com\/ar\/wp-json\/wp\/v2\/media?parent=2335"}],"wp:term":[{"taxonomy":"product_brand","embeddable":true,"href":"https:\/\/autopdz.com\/ar\/wp-json\/wp\/v2\/product_brand?post=2335"},{"taxonomy":"product_cat","embeddable":true,"href":"https:\/\/autopdz.com\/ar\/wp-json\/wp\/v2\/product_cat?post=2335"},{"taxonomy":"product_tag","embeddable":true,"href":"https:\/\/autopdz.com\/ar\/wp-json\/wp\/v2\/product_tag?post=2335"}],"curies":[{"name":"wp","href":"https:\/\/api.w.org\/{rel}","templated":true}]}}