{"id":23469,"date":"2025-09-15T15:02:04","date_gmt":"2025-09-15T14:02:04","guid":{"rendered":"https:\/\/autopdz.com\/product\/tablette-mp5-7-mirrorlink-usb-sd-fm-camera\/"},"modified":"2025-09-15T15:02:04","modified_gmt":"2025-09-15T14:02:04","slug":"tablette-mp5-7-mirrorlink-usb-sd-fm-camera","status":"publish","type":"product","link":"https:\/\/autopdz.com\/ar\/product\/tablette-mp5-7-mirrorlink-usb-sd-fm-camera\/","title":{"rendered":"Tablette Mp5 7&Prime; MirrorLink USB\/SD\/FM\/ Cam\u00e9ra"},"content":{"rendered":"<p>Caract\u00e9ristiques g\u00e9n\u00e9rales<\/p>\n<p>\u00c9cran tactile TFT num\u00e9rique de 7 pouces<\/p>\n<p>Avec emplacement pour carte TF, avec port USB 2.0.<\/p>\n<p>Format vid\u00e9o 1080p<\/p>\n<p>Prend en charge les formats de lecture audio MP3\/WMA\/WAV\/MKV\/FLAC\/OGG\/APE.<\/p>\n<p>Prend en charge les formats de lecture vid\u00e9o RM\/RMVB\/DVD(VOB)\/VCD(DAT)\/MP1\/MP2\/DIVX\/XVID\/MP4\/H263\/H264\/FLV\/3GP\/SWF\/AVI\/ASF\/MJPEG, etc.<\/p>\n<p>Amplificateur MOSFET : puissance de sortie maximale de 45 watts x 4.<\/p>\n<p>Gamme FM : 87,5 MHz ~ 108 MHz (Europe)<\/p>\n<p>Avec t\u00e9l\u00e9commande<\/p>\n<p>Mise hors tension avec fonction de m\u00e9morisation automatique en mode radio ou TF\/USB<\/p>\n<p>Fonction horloge<\/p>\n<p>Fonction muet<\/p>\n<p>Fonction BT<\/p>\n<p>Stabilisateur de canaux graves et aigus, G&amp;D<\/p>\n<p>Fonction d&rsquo;entr\u00e9e auxiliaire<\/p>\n<p>Fonction cam\u00e9ra de recul<\/p>\n<p>Fonction d&rsquo;entr\u00e9e vid\u00e9o<\/p>\n<p>Lien miroir<\/p>","protected":false},"excerpt":{"rendered":"<p>Caract\u00e9ristiques g\u00e9n\u00e9rales \u00c9cran tactile TFT num\u00e9rique de 7 pouces Avec emplacement pour carte TF, avec port USB 2.0. Format vid\u00e9o 1080p Prend en charge les formats de lecture audio MP3\/WMA\/WAV\/MKV\/FLAC\/OGG\/APE. Prend en charge les formats de lecture vid\u00e9o RM\/RMVB\/DVD(VOB)\/VCD(DAT)\/MP1\/MP2\/DIVX\/XVID\/MP4\/H263\/H264\/FLV\/3GP\/SWF\/AVI\/ASF\/MJPEG, etc. Amplificateur MOSFET : puissance de sortie maximale de 45 watts x 4. Gamme FM : [&hellip;]<\/p>","protected":false},"featured_media":23465,"comment_status":"open","ping_status":"closed","template":"","meta":[],"product_brand":[],"product_cat":[24],"product_tag":[],"class_list":{"0":"post-23469","1":"product","2":"type-product","3":"status-publish","4":"has-post-thumbnail","6":"product_cat-accessoires-interieur","8":"first","9":"instock","10":"shipping-taxable","11":"purchasable","12":"product-type-simple"},"jetpack_sharing_enabled":true,"_links":{"self":[{"href":"https:\/\/autopdz.com\/ar\/wp-json\/wp\/v2\/product\/23469","targetHints":{"allow":["GET"]}}],"collection":[{"href":"https:\/\/autopdz.com\/ar\/wp-json\/wp\/v2\/product"}],"about":[{"href":"https:\/\/autopdz.com\/ar\/wp-json\/wp\/v2\/types\/product"}],"replies":[{"embeddable":true,"href":"https:\/\/autopdz.com\/ar\/wp-json\/wp\/v2\/comments?post=23469"}],"wp:featuredmedia":[{"embeddable":true,"href":"https:\/\/autopdz.com\/ar\/wp-json\/wp\/v2\/media\/23465"}],"wp:attachment":[{"href":"https:\/\/autopdz.com\/ar\/wp-json\/wp\/v2\/media?parent=23469"}],"wp:term":[{"taxonomy":"product_brand","embeddable":true,"href":"https:\/\/autopdz.com\/ar\/wp-json\/wp\/v2\/product_brand?post=23469"},{"taxonomy":"product_cat","embeddable":true,"href":"https:\/\/autopdz.com\/ar\/wp-json\/wp\/v2\/product_cat?post=23469"},{"taxonomy":"product_tag","embeddable":true,"href":"https:\/\/autopdz.com\/ar\/wp-json\/wp\/v2\/product_tag?post=23469"}],"curies":[{"name":"wp","href":"https:\/\/api.w.org\/{rel}","templated":true}]}}