{"id":23472,"date":"2025-09-15T15:15:22","date_gmt":"2025-09-15T14:15:22","guid":{"rendered":"https:\/\/autopdz.com\/product\/effaceur-de-rayures-mineures-profwell-p3-250ml\/"},"modified":"2025-09-15T15:15:22","modified_gmt":"2025-09-15T14:15:22","slug":"effaceur-de-rayures-mineures-profwell-p3-250ml","status":"publish","type":"product","link":"https:\/\/autopdz.com\/ar\/product\/effaceur-de-rayures-mineures-profwell-p3-250ml\/","title":{"rendered":"Effaceur De Rayures Mineures Profwell P3 250ml"},"content":{"rendered":"<p>\u00c9limine les rayures mineures et laisse un \u00e9clat \u00e9clatant sur la carrosserie. Les ridules, les tourbillons et les petites rayures ne sont plus qu&rsquo;un lointain souvenir.<\/p>\n<p>Un produit v\u00e9ritablement professionnel pour des r\u00e9sultats exceptionnels.<\/p>","protected":false},"excerpt":{"rendered":"<p>\u00c9limine les rayures mineures et laisse un \u00e9clat \u00e9clatant sur la carrosserie. Les ridules, les tourbillons et les petites rayures ne sont plus qu&rsquo;un lointain souvenir. Un produit v\u00e9ritablement professionnel pour des r\u00e9sultats exceptionnels.<\/p>","protected":false},"featured_media":23471,"comment_status":"open","ping_status":"closed","template":"","meta":[],"product_brand":[],"product_cat":[26],"product_tag":[],"class_list":{"0":"post-23472","1":"product","2":"type-product","3":"status-publish","4":"has-post-thumbnail","6":"product_cat-accessoires-exterieur","8":"first","9":"instock","10":"shipping-taxable","11":"purchasable","12":"product-type-simple"},"jetpack_sharing_enabled":true,"_links":{"self":[{"href":"https:\/\/autopdz.com\/ar\/wp-json\/wp\/v2\/product\/23472","targetHints":{"allow":["GET"]}}],"collection":[{"href":"https:\/\/autopdz.com\/ar\/wp-json\/wp\/v2\/product"}],"about":[{"href":"https:\/\/autopdz.com\/ar\/wp-json\/wp\/v2\/types\/product"}],"replies":[{"embeddable":true,"href":"https:\/\/autopdz.com\/ar\/wp-json\/wp\/v2\/comments?post=23472"}],"wp:featuredmedia":[{"embeddable":true,"href":"https:\/\/autopdz.com\/ar\/wp-json\/wp\/v2\/media\/23471"}],"wp:attachment":[{"href":"https:\/\/autopdz.com\/ar\/wp-json\/wp\/v2\/media?parent=23472"}],"wp:term":[{"taxonomy":"product_brand","embeddable":true,"href":"https:\/\/autopdz.com\/ar\/wp-json\/wp\/v2\/product_brand?post=23472"},{"taxonomy":"product_cat","embeddable":true,"href":"https:\/\/autopdz.com\/ar\/wp-json\/wp\/v2\/product_cat?post=23472"},{"taxonomy":"product_tag","embeddable":true,"href":"https:\/\/autopdz.com\/ar\/wp-json\/wp\/v2\/product_tag?post=23472"}],"curies":[{"name":"wp","href":"https:\/\/api.w.org\/{rel}","templated":true}]}}