{"id":2365,"date":"2024-05-28T18:55:03","date_gmt":"2024-05-28T17:55:03","guid":{"rendered":"https:\/\/autopdz.com\/product\/led-eclairage-a-pedale-de-voiture\/"},"modified":"2025-12-07T14:27:34","modified_gmt":"2025-12-07T13:27:34","slug":"led-eclairage-a-pedale-de-voiture","status":"publish","type":"product","link":"https:\/\/autopdz.com\/ar\/product\/led-eclairage-a-pedale-de-voiture\/","title":{"rendered":"LED \u00e9clairage \u00e0 p\u00e9dale de voiture"},"content":{"rendered":"<p>Kit d&rsquo;\u00e9clairage int\u00e9rieur de voiture LED 7 couleurs 4 pi\u00e8ces\/et d\u00e9coration int\u00e9rieure de voiture lumi\u00e8re d&rsquo;ambiance et t\u00e9l\u00e9commande sans fil<\/p>\n<p>Kit d&rsquo;\u00e9clairage int\u00e9rieur de voiture LED<br \/>\nt\u00e9l\u00e9commande sans fil<br \/>\n4 pi\u00e8ces<br \/>\n7 couleurs<\/p>","protected":false},"excerpt":{"rendered":"<p>Kit d&rsquo;\u00e9clairage int\u00e9rieur de voiture LED 7 couleurs 4 pi\u00e8ces\/et d\u00e9coration int\u00e9rieure de voiture lumi\u00e8re d&rsquo;ambiance et t\u00e9l\u00e9commande sans fil Kit d&rsquo;\u00e9clairage int\u00e9rieur de voiture LED t\u00e9l\u00e9commande sans fil 4 pi\u00e8ces 7 couleurs<\/p>","protected":false},"featured_media":2362,"comment_status":"open","ping_status":"closed","template":"","meta":[],"product_brand":[],"product_cat":[23],"product_tag":[],"class_list":{"0":"post-2365","1":"product","2":"type-product","3":"status-publish","4":"has-post-thumbnail","6":"product_cat-eclairage","8":"first","9":"instock","10":"sale","11":"shipping-taxable","12":"purchasable","13":"product-type-simple"},"jetpack_sharing_enabled":true,"_links":{"self":[{"href":"https:\/\/autopdz.com\/ar\/wp-json\/wp\/v2\/product\/2365","targetHints":{"allow":["GET"]}}],"collection":[{"href":"https:\/\/autopdz.com\/ar\/wp-json\/wp\/v2\/product"}],"about":[{"href":"https:\/\/autopdz.com\/ar\/wp-json\/wp\/v2\/types\/product"}],"replies":[{"embeddable":true,"href":"https:\/\/autopdz.com\/ar\/wp-json\/wp\/v2\/comments?post=2365"}],"wp:featuredmedia":[{"embeddable":true,"href":"https:\/\/autopdz.com\/ar\/wp-json\/wp\/v2\/media\/2362"}],"wp:attachment":[{"href":"https:\/\/autopdz.com\/ar\/wp-json\/wp\/v2\/media?parent=2365"}],"wp:term":[{"taxonomy":"product_brand","embeddable":true,"href":"https:\/\/autopdz.com\/ar\/wp-json\/wp\/v2\/product_brand?post=2365"},{"taxonomy":"product_cat","embeddable":true,"href":"https:\/\/autopdz.com\/ar\/wp-json\/wp\/v2\/product_cat?post=2365"},{"taxonomy":"product_tag","embeddable":true,"href":"https:\/\/autopdz.com\/ar\/wp-json\/wp\/v2\/product_tag?post=2365"}],"curies":[{"name":"wp","href":"https:\/\/api.w.org\/{rel}","templated":true}]}}