{"id":23688,"date":"2025-09-18T12:40:40","date_gmt":"2025-09-18T11:40:40","guid":{"rendered":"https:\/\/autopdz.com\/?post_type=product&#038;p=23688"},"modified":"2026-04-18T14:38:21","modified_gmt":"2026-04-18T13:38:21","slug":"led-phare-50w-12v-a9-topsystem","status":"publish","type":"product","link":"https:\/\/autopdz.com\/ar\/product\/led-phare-50w-12v-a9-topsystem\/","title":{"rendered":"Led Phare 50W 12V A9 TOPSYSTEM"},"content":{"rendered":"<p>SUPER \u00c9CONOMIE D&rsquo;\u00c9NERGIE<\/p>\n<p>SUPER \u00c9CLAIRAGE<\/p>\n<p>DUR\u00c9E DE VIE PLUS LONGUE<\/p>\n<p>INSTALLATION SIMPLE<\/p>\n<p>75 % d&rsquo;\u00e9conomie sur une lampe halog\u00e8ne.<\/p>\n<p>La luminance est 2 \u00e0 4 fois sup\u00e9rieure \u00e0 celle d&rsquo;une lampe halog\u00e8ne.<\/p>\n<p>Temp\u00e9rature plus basse, dur\u00e9e de vie plus de 3 fois sup\u00e9rieure.<\/p>\n<p>Aucune modification de l&rsquo;assemblage et du r\u00e9flecteur d&rsquo;origine de la voiture<\/p>","protected":false},"excerpt":{"rendered":"<p>SUPER \u00c9CONOMIE D&rsquo;\u00c9NERGIE SUPER \u00c9CLAIRAGE DUR\u00c9E DE VIE PLUS LONGUE INSTALLATION SIMPLE 75 % d&rsquo;\u00e9conomie sur une lampe halog\u00e8ne. La luminance est 2 \u00e0 4 fois sup\u00e9rieure \u00e0 celle d&rsquo;une lampe halog\u00e8ne. Temp\u00e9rature plus basse, dur\u00e9e de vie plus de 3 fois sup\u00e9rieure. Aucune modification de l&rsquo;assemblage et du r\u00e9flecteur d&rsquo;origine de la voiture<\/p>","protected":false},"featured_media":23686,"comment_status":"open","ping_status":"closed","template":"","meta":[],"product_brand":[],"product_cat":[23],"product_tag":[],"class_list":{"0":"post-23688","1":"product","2":"type-product","3":"status-publish","4":"has-post-thumbnail","6":"product_cat-eclairage","8":"first","9":"instock","10":"sale","11":"shipping-taxable","12":"purchasable","13":"product-type-variable"},"jetpack_sharing_enabled":true,"_links":{"self":[{"href":"https:\/\/autopdz.com\/ar\/wp-json\/wp\/v2\/product\/23688","targetHints":{"allow":["GET"]}}],"collection":[{"href":"https:\/\/autopdz.com\/ar\/wp-json\/wp\/v2\/product"}],"about":[{"href":"https:\/\/autopdz.com\/ar\/wp-json\/wp\/v2\/types\/product"}],"replies":[{"embeddable":true,"href":"https:\/\/autopdz.com\/ar\/wp-json\/wp\/v2\/comments?post=23688"}],"wp:featuredmedia":[{"embeddable":true,"href":"https:\/\/autopdz.com\/ar\/wp-json\/wp\/v2\/media\/23686"}],"wp:attachment":[{"href":"https:\/\/autopdz.com\/ar\/wp-json\/wp\/v2\/media?parent=23688"}],"wp:term":[{"taxonomy":"product_brand","embeddable":true,"href":"https:\/\/autopdz.com\/ar\/wp-json\/wp\/v2\/product_brand?post=23688"},{"taxonomy":"product_cat","embeddable":true,"href":"https:\/\/autopdz.com\/ar\/wp-json\/wp\/v2\/product_cat?post=23688"},{"taxonomy":"product_tag","embeddable":true,"href":"https:\/\/autopdz.com\/ar\/wp-json\/wp\/v2\/product_tag?post=23688"}],"curies":[{"name":"wp","href":"https:\/\/api.w.org\/{rel}","templated":true}]}}