{"id":2389,"date":"2024-05-29T14:00:00","date_gmt":"2024-05-29T13:00:00","guid":{"rendered":"https:\/\/autopdz.com\/product\/mini-ventilateur\/"},"modified":"2024-06-07T14:20:04","modified_gmt":"2024-06-07T13:20:04","slug":"mini-ventilateur","status":"publish","type":"product","link":"https:\/\/autopdz.com\/ar\/product\/mini-ventilateur\/","title":{"rendered":"Mini ventilateur de refroidissement 5W"},"content":{"rendered":"<p>Fonction : le ventilateur de refroidissement de la voiture peut refroidir la temp\u00e9rature int\u00e9rieure en une minute lorsque le courant alternatif est faible par temps chaud.<br \/>\nLe ventilateur est aliment\u00e9 par un c\u00e2ble allume-cigare 12V, 5W<br \/>\nInstallation facile : le ventilateur de voiture est facile \u00e0 installer, aucun outil sp\u00e9cial n&rsquo;est requis.<br \/>\nUniversel : le ventilateur de refroidissement de voiture est universel pour toutes les voitures, SUV et camions.<br \/>\nLe forfait comprend : 1 x ventilateur de refroidissement de voiture, 1 x autocollant, 1 x manuel d&rsquo;utilisation<\/p>\n<p>Facile \u00e0 installer et \u00e0 retirer, r\u00e9glable \u00e0 360 degr\u00e9s.<br \/>\nUn incontournable pour les longs voyages en voiture, calme et frais.<br \/>\nUn ventilateur portable professionnel avec int\u00e9gration de design, apparence simple et structure ferme.<br \/>\nPerformances fiables, enti\u00e8rement fonctionnelles et faciles \u00e0 utiliser.<\/p>","protected":false},"excerpt":{"rendered":"<p>Fonction : le ventilateur de refroidissement de la voiture peut refroidir la temp\u00e9rature int\u00e9rieure en une minute lorsque le courant alternatif est faible par temps chaud. Le ventilateur est aliment\u00e9 par un c\u00e2ble allume-cigare 12V, 5W Installation facile : le ventilateur de voiture est facile \u00e0 installer, aucun outil sp\u00e9cial n&rsquo;est requis. Universel : le [&hellip;]<\/p>","protected":false},"featured_media":2390,"comment_status":"open","ping_status":"closed","template":"","meta":[],"product_brand":[],"product_cat":[24],"product_tag":[],"class_list":{"0":"post-2389","1":"product","2":"type-product","3":"status-publish","4":"has-post-thumbnail","6":"product_cat-accessoires-interieur","8":"first","9":"instock","10":"shipping-taxable","11":"purchasable","12":"product-type-simple"},"jetpack_sharing_enabled":true,"_links":{"self":[{"href":"https:\/\/autopdz.com\/ar\/wp-json\/wp\/v2\/product\/2389","targetHints":{"allow":["GET"]}}],"collection":[{"href":"https:\/\/autopdz.com\/ar\/wp-json\/wp\/v2\/product"}],"about":[{"href":"https:\/\/autopdz.com\/ar\/wp-json\/wp\/v2\/types\/product"}],"replies":[{"embeddable":true,"href":"https:\/\/autopdz.com\/ar\/wp-json\/wp\/v2\/comments?post=2389"}],"wp:featuredmedia":[{"embeddable":true,"href":"https:\/\/autopdz.com\/ar\/wp-json\/wp\/v2\/media\/2390"}],"wp:attachment":[{"href":"https:\/\/autopdz.com\/ar\/wp-json\/wp\/v2\/media?parent=2389"}],"wp:term":[{"taxonomy":"product_brand","embeddable":true,"href":"https:\/\/autopdz.com\/ar\/wp-json\/wp\/v2\/product_brand?post=2389"},{"taxonomy":"product_cat","embeddable":true,"href":"https:\/\/autopdz.com\/ar\/wp-json\/wp\/v2\/product_cat?post=2389"},{"taxonomy":"product_tag","embeddable":true,"href":"https:\/\/autopdz.com\/ar\/wp-json\/wp\/v2\/product_tag?post=2389"}],"curies":[{"name":"wp","href":"https:\/\/api.w.org\/{rel}","templated":true}]}}