{"id":2395,"date":"2024-05-29T14:17:05","date_gmt":"2024-05-29T13:17:05","guid":{"rendered":"https:\/\/autopdz.com\/product\/ventilateur-de-voiture-portable\/"},"modified":"2024-08-03T15:28:45","modified_gmt":"2024-08-03T14:28:45","slug":"ventilateur-de-voiture-portable","status":"publish","type":"product","link":"https:\/\/autopdz.com\/ar\/product\/ventilateur-de-voiture-portable\/","title":{"rendered":"Ventilateur De Voiture Portable"},"content":{"rendered":"<p>Description:<br \/>\nVentilateur auto 12V, Rotation \u00e0 180\u00b0, refroidissement efficace. Montage s\u00e9curis\u00e9 avec pince solide et port allume-cigare. Utilisation facile et durable en plastique et acier inoxydable. Polyvalent pour voiture, maison, bureau.<\/p>\n<p>Caract\u00e9ristiques:<br \/>\nConstruit avec des mat\u00e9riaux en acier inoxydable et ABS durables de haute qualit\u00e9 qui garantissent long\u00e9vit\u00e9 et durabilit\u00e9.<br \/>\nLe treillis m\u00e9tallique est \u00e0 10 mm de la pale du ventilateur, sans danger et ne vous fait pas mal aux mains.<br \/>\nMoteur en cuivre \u00e0 faible bruit, gardez votre voiture silencieuse.<br \/>\nConception semi-ferm\u00e9e, nettoyage des lames plus facilement.<br \/>\nFonction de rotation \u00e0 180 degr\u00e9s, permet \u00e0 l&rsquo;air de circuler dans toute votre voiture.<br \/>\n\u00c9quip\u00e9 d&rsquo;une prise allume-cigare, plus besoin de piles suppl\u00e9mentaires.<br \/>\nFourni avec une pince solide et un support de montage permanent, fixez-le \u00e0 l&rsquo;endroit que vous souhaitez, tr\u00e8s pratique \u00e0 utiliser.<br \/>\nCe ventilateur de 12 volts fonctionnera dans les voitures, les camions, les bateaux, vous pouvez \u00e9galement le modifier pour votre maison, votre bureau ou n&rsquo;importe o\u00f9 avec une alimentation de 12 volts. (Adaptateur non inclus)<\/p>\n<p>Sp\u00e9cification:<br \/>\n\u00c9tat: tout neuf<br \/>\nMat\u00e9riau: acier inoxydable + ABS<br \/>\nCouleur: comme le montre l&rsquo;image<br \/>\nPuissance: 25W<br \/>\nTension:DC 12V<br \/>\nLongueur du c\u00e2ble : env. 1,4 m\/55,12 pouces<br \/>\nDiam\u00e8tre de la t\u00eate : env. 22 cm\/8,66 pouces<br \/>\nTaille enti\u00e8re (L xl): env. 22 x 28 cm\/8,66 x 11,02 pouces<br \/>\nPoids : env. 647g<\/p>\n<p>Forfait inclus:<br \/>\n1 x ventilateur oscillant de voiture<\/p>\n<p>Remarque:<br \/>\nVeuillez permettre une l\u00e9g\u00e8re d\u00e9viation pour la couleur et la mesure. Merci de votre compr\u00e9hension.<\/p>","protected":false},"excerpt":{"rendered":"<p>Description: Ventilateur auto 12V, Rotation \u00e0 180\u00b0, refroidissement efficace. Montage s\u00e9curis\u00e9 avec pince solide et port allume-cigare. Utilisation facile et durable en plastique et acier inoxydable. Polyvalent pour voiture, maison, bureau. Caract\u00e9ristiques: Construit avec des mat\u00e9riaux en acier inoxydable et ABS durables de haute qualit\u00e9 qui garantissent long\u00e9vit\u00e9 et durabilit\u00e9. Le treillis m\u00e9tallique est \u00e0 [&hellip;]<\/p>","protected":false},"featured_media":2394,"comment_status":"open","ping_status":"closed","template":"","meta":[],"product_brand":[],"product_cat":[24],"product_tag":[29,59],"class_list":{"0":"post-2395","1":"product","2":"type-product","3":"status-publish","4":"has-post-thumbnail","6":"product_cat-accessoires-interieur","7":"product_tag-ventilateur-voiture","8":"product_tag-ventilo-auto","10":"first","11":"outofstock","12":"sale","13":"shipping-taxable","14":"purchasable","15":"product-type-simple"},"jetpack_sharing_enabled":true,"_links":{"self":[{"href":"https:\/\/autopdz.com\/ar\/wp-json\/wp\/v2\/product\/2395","targetHints":{"allow":["GET"]}}],"collection":[{"href":"https:\/\/autopdz.com\/ar\/wp-json\/wp\/v2\/product"}],"about":[{"href":"https:\/\/autopdz.com\/ar\/wp-json\/wp\/v2\/types\/product"}],"replies":[{"embeddable":true,"href":"https:\/\/autopdz.com\/ar\/wp-json\/wp\/v2\/comments?post=2395"}],"wp:featuredmedia":[{"embeddable":true,"href":"https:\/\/autopdz.com\/ar\/wp-json\/wp\/v2\/media\/2394"}],"wp:attachment":[{"href":"https:\/\/autopdz.com\/ar\/wp-json\/wp\/v2\/media?parent=2395"}],"wp:term":[{"taxonomy":"product_brand","embeddable":true,"href":"https:\/\/autopdz.com\/ar\/wp-json\/wp\/v2\/product_brand?post=2395"},{"taxonomy":"product_cat","embeddable":true,"href":"https:\/\/autopdz.com\/ar\/wp-json\/wp\/v2\/product_cat?post=2395"},{"taxonomy":"product_tag","embeddable":true,"href":"https:\/\/autopdz.com\/ar\/wp-json\/wp\/v2\/product_tag?post=2395"}],"curies":[{"name":"wp","href":"https:\/\/api.w.org\/{rel}","templated":true}]}}