{"id":23985,"date":"2025-09-29T14:55:11","date_gmt":"2025-09-29T13:55:11","guid":{"rendered":"https:\/\/autopdz.com\/product\/gonfleur-de-pneu-portable-12v-150psi\/"},"modified":"2025-09-29T14:55:11","modified_gmt":"2025-09-29T13:55:11","slug":"gonfleur-de-pneu-portable-12v-150psi","status":"publish","type":"product","link":"https:\/\/autopdz.com\/ar\/product\/gonfleur-de-pneu-portable-12v-150psi\/","title":{"rendered":"Gonfleur de pneu portable 12V 150Psi"},"content":{"rendered":"<p>Tension<\/p>\n<p>CC 12 V-13,5 V<\/p>\n<p>Amp\u00e9rage max.<\/p>\n<p>12 A<\/p>\n<p>Dur\u00e9e<\/p>\n<p>12-15 min<\/p>\n<p>Pression max.<\/p>\n<p>150 psi<\/p>\n<p>Cylindr\u00e9e<\/p>\n<p>35 l\/min<\/p>","protected":false},"excerpt":{"rendered":"<p>Tension CC 12 V-13,5 V Amp\u00e9rage max. 12 A Dur\u00e9e 12-15 min Pression max. 150 psi Cylindr\u00e9e 35 l\/min<\/p>","protected":false},"featured_media":23979,"comment_status":"open","ping_status":"closed","template":"","meta":[],"product_brand":[],"product_cat":[26],"product_tag":[],"class_list":{"0":"post-23985","1":"product","2":"type-product","3":"status-publish","4":"has-post-thumbnail","6":"product_cat-accessoires-exterieur","8":"first","9":"instock","10":"shipping-taxable","11":"purchasable","12":"product-type-simple"},"jetpack_sharing_enabled":true,"_links":{"self":[{"href":"https:\/\/autopdz.com\/ar\/wp-json\/wp\/v2\/product\/23985","targetHints":{"allow":["GET"]}}],"collection":[{"href":"https:\/\/autopdz.com\/ar\/wp-json\/wp\/v2\/product"}],"about":[{"href":"https:\/\/autopdz.com\/ar\/wp-json\/wp\/v2\/types\/product"}],"replies":[{"embeddable":true,"href":"https:\/\/autopdz.com\/ar\/wp-json\/wp\/v2\/comments?post=23985"}],"wp:featuredmedia":[{"embeddable":true,"href":"https:\/\/autopdz.com\/ar\/wp-json\/wp\/v2\/media\/23979"}],"wp:attachment":[{"href":"https:\/\/autopdz.com\/ar\/wp-json\/wp\/v2\/media?parent=23985"}],"wp:term":[{"taxonomy":"product_brand","embeddable":true,"href":"https:\/\/autopdz.com\/ar\/wp-json\/wp\/v2\/product_brand?post=23985"},{"taxonomy":"product_cat","embeddable":true,"href":"https:\/\/autopdz.com\/ar\/wp-json\/wp\/v2\/product_cat?post=23985"},{"taxonomy":"product_tag","embeddable":true,"href":"https:\/\/autopdz.com\/ar\/wp-json\/wp\/v2\/product_tag?post=23985"}],"curies":[{"name":"wp","href":"https:\/\/api.w.org\/{rel}","templated":true}]}}