{"id":2400,"date":"2024-05-29T14:24:05","date_gmt":"2024-05-29T13:24:05","guid":{"rendered":"https:\/\/autopdz.com\/product\/nettoyant-et-protege-cuir-flamingo-295ml\/"},"modified":"2024-07-31T08:19:32","modified_gmt":"2024-07-31T07:19:32","slug":"nettoyant-et-protege-cuir-flamingo-295ml","status":"publish","type":"product","link":"https:\/\/autopdz.com\/ar\/product\/nettoyant-et-protege-cuir-flamingo-295ml\/","title":{"rendered":"Nettoyant et prot\u00e8ge cuir FLAMINGO 295ml"},"content":{"rendered":"<p>Flamingo fait briller et prot\u00e8ge La formule unique en silicone polym\u00e8re p\u00e9n\u00e8tre la surface pour faire briller et prot\u00e9ger le vinyle, le caoutchouc et le plastique. Flamingo brille et prot\u00e8ge aide \u00e0 prot\u00e9ger les surfaces de la d\u00e9coloration et des fissures en r\u00e9duisant la lumi\u00e8re ultraviolette, tout en faisant ressortir la couleur, en restaurant l&rsquo;\u00e9clat et la brillance. Prot\u00e8ge contre l&rsquo;abrasion. R\u00e9duit l&rsquo;\u00e9lectricit\u00e9 statique pour aider \u00e0 r\u00e9duire l&rsquo;attraction de la poussi\u00e8re et de la salet\u00e9<\/p>","protected":false},"excerpt":{"rendered":"<p>Flamingo fait briller et prot\u00e8ge La formule unique en silicone polym\u00e8re p\u00e9n\u00e8tre la surface pour faire briller et prot\u00e9ger le vinyle, le caoutchouc et le plastique. Flamingo brille et prot\u00e8ge aide \u00e0 prot\u00e9ger les surfaces de la d\u00e9coloration et des fissures en r\u00e9duisant la lumi\u00e8re ultraviolette, tout en faisant ressortir la couleur, en restaurant l&rsquo;\u00e9clat [&hellip;]<\/p>","protected":false},"featured_media":2399,"comment_status":"open","ping_status":"closed","template":"","meta":[],"product_brand":[],"product_cat":[15],"product_tag":[],"class_list":{"0":"post-2400","1":"product","2":"type-product","3":"status-publish","4":"has-post-thumbnail","6":"product_cat-divers","8":"first","9":"instock","10":"shipping-taxable","11":"purchasable","12":"product-type-simple"},"jetpack_sharing_enabled":true,"_links":{"self":[{"href":"https:\/\/autopdz.com\/ar\/wp-json\/wp\/v2\/product\/2400","targetHints":{"allow":["GET"]}}],"collection":[{"href":"https:\/\/autopdz.com\/ar\/wp-json\/wp\/v2\/product"}],"about":[{"href":"https:\/\/autopdz.com\/ar\/wp-json\/wp\/v2\/types\/product"}],"replies":[{"embeddable":true,"href":"https:\/\/autopdz.com\/ar\/wp-json\/wp\/v2\/comments?post=2400"}],"wp:featuredmedia":[{"embeddable":true,"href":"https:\/\/autopdz.com\/ar\/wp-json\/wp\/v2\/media\/2399"}],"wp:attachment":[{"href":"https:\/\/autopdz.com\/ar\/wp-json\/wp\/v2\/media?parent=2400"}],"wp:term":[{"taxonomy":"product_brand","embeddable":true,"href":"https:\/\/autopdz.com\/ar\/wp-json\/wp\/v2\/product_brand?post=2400"},{"taxonomy":"product_cat","embeddable":true,"href":"https:\/\/autopdz.com\/ar\/wp-json\/wp\/v2\/product_cat?post=2400"},{"taxonomy":"product_tag","embeddable":true,"href":"https:\/\/autopdz.com\/ar\/wp-json\/wp\/v2\/product_tag?post=2400"}],"curies":[{"name":"wp","href":"https:\/\/api.w.org\/{rel}","templated":true}]}}