{"id":2402,"date":"2024-05-29T14:35:52","date_gmt":"2024-05-29T13:35:52","guid":{"rendered":"https:\/\/autopdz.com\/product\/eliminateur-des-micro-rayures-multicolor-ultra-polish\/"},"modified":"2024-06-25T14:25:52","modified_gmt":"2024-06-25T13:25:52","slug":"eliminateur-des-micro-rayures-multicolor-ultra-polish","status":"publish","type":"product","link":"https:\/\/autopdz.com\/ar\/product\/eliminateur-des-micro-rayures-multicolor-ultra-polish\/","title":{"rendered":"\u00c9liminateur des micro-rayures multicolor Ultra Polish"},"content":{"rendered":"<p>ULTRA Polish nettoie,faut briller,restaur\u00e9 et ajoute de la couleur m. rapide et facile \u00e0 utiliser, il nettoie en douceur la surface peinte et masque les micro rayures pour les v\u00e9hicules de -5 ans<\/p>","protected":false},"excerpt":{"rendered":"<p>ULTRA Polish nettoie,faut briller,restaur\u00e9 et ajoute de la couleur m. rapide et facile \u00e0 utiliser, il nettoie en douceur la surface peinte et masque les micro rayures pour les v\u00e9hicules de -5 ans<\/p>","protected":false},"featured_media":2401,"comment_status":"open","ping_status":"closed","template":"","meta":[],"product_brand":[],"product_cat":[26],"product_tag":[],"class_list":{"0":"post-2402","1":"product","2":"type-product","3":"status-publish","4":"has-post-thumbnail","6":"product_cat-accessoires-exterieur","8":"first","9":"instock","10":"sale","11":"shipping-taxable","12":"purchasable","13":"product-type-simple"},"jetpack_sharing_enabled":true,"_links":{"self":[{"href":"https:\/\/autopdz.com\/ar\/wp-json\/wp\/v2\/product\/2402","targetHints":{"allow":["GET"]}}],"collection":[{"href":"https:\/\/autopdz.com\/ar\/wp-json\/wp\/v2\/product"}],"about":[{"href":"https:\/\/autopdz.com\/ar\/wp-json\/wp\/v2\/types\/product"}],"replies":[{"embeddable":true,"href":"https:\/\/autopdz.com\/ar\/wp-json\/wp\/v2\/comments?post=2402"}],"wp:featuredmedia":[{"embeddable":true,"href":"https:\/\/autopdz.com\/ar\/wp-json\/wp\/v2\/media\/2401"}],"wp:attachment":[{"href":"https:\/\/autopdz.com\/ar\/wp-json\/wp\/v2\/media?parent=2402"}],"wp:term":[{"taxonomy":"product_brand","embeddable":true,"href":"https:\/\/autopdz.com\/ar\/wp-json\/wp\/v2\/product_brand?post=2402"},{"taxonomy":"product_cat","embeddable":true,"href":"https:\/\/autopdz.com\/ar\/wp-json\/wp\/v2\/product_cat?post=2402"},{"taxonomy":"product_tag","embeddable":true,"href":"https:\/\/autopdz.com\/ar\/wp-json\/wp\/v2\/product_tag?post=2402"}],"curies":[{"name":"wp","href":"https:\/\/api.w.org\/{rel}","templated":true}]}}