{"id":2408,"date":"2024-05-29T14:41:43","date_gmt":"2024-05-29T13:41:43","guid":{"rendered":"https:\/\/autopdz.com\/product\/antenne-voiture-requin-standard\/"},"modified":"2025-12-24T14:09:10","modified_gmt":"2025-12-24T13:09:10","slug":"antenne-voiture-requin-standard","status":"publish","type":"product","link":"https:\/\/autopdz.com\/ar\/product\/antenne-voiture-requin-standard\/","title":{"rendered":"Antenne Voiture Requin Standard"},"content":{"rendered":"<p>\u3010Apparence unique\u3011 : diff\u00e9rentes des antennes de voiture ordinaires, les antennes \u00e0 ailerons de requin sont belles, individuelles, \u00e9l\u00e9gantes et modernes, rendant votre voiture cool et unique.<br \/>\n\u3010Signal stable en mat\u00e9riau durable\u3011 : nous utilisons un mat\u00e9riau ABS robuste, un traitement de peinture de qualit\u00e9 professionnelle, l&rsquo;antenne en aileron de requin est solide et durable, une antenne et une puce en cuivre pur int\u00e9gr\u00e9es, qui peuvent mieux accepter le signal AM\/FM et rendre le signal stable et puissant.<br \/>\n\u3010Facile \u00e0 installer\u3011 : facile \u00e0 installer\/aucun per\u00e7age requis, auto-adh\u00e9sif, il suffit de nettoyer et de s\u00e9cher votre voiture, adh\u00e9sif puissant, collez le becquet \u00e0 la surface, collez fermement, ne tombe pas facilement.<br \/>\n\u3010GARANTIE DE SERVICE\u3011: V\u00e9rifiez les instructions et le tableau de compatibilit\u00e9 avant d&rsquo;acheter. Si vous avez des questions, veuillez nous contacter, nous vous r\u00e9pondrons dans les 24 heures et vous fournirons le meilleur service.<\/p>","protected":false},"excerpt":{"rendered":"<p>\u3010Apparence unique\u3011 : diff\u00e9rentes des antennes de voiture ordinaires, les antennes \u00e0 ailerons de requin sont belles, individuelles, \u00e9l\u00e9gantes et modernes, rendant votre voiture cool et unique. \u3010Signal stable en mat\u00e9riau durable\u3011 : nous utilisons un mat\u00e9riau ABS robuste, un traitement de peinture de qualit\u00e9 professionnelle, l&rsquo;antenne en aileron de requin est solide et durable, [&hellip;]<\/p>","protected":false},"featured_media":31505,"comment_status":"open","ping_status":"closed","template":"","meta":[],"product_brand":[],"product_cat":[15],"product_tag":[],"class_list":{"0":"post-2408","1":"product","2":"type-product","3":"status-publish","4":"has-post-thumbnail","6":"product_cat-divers","8":"first","9":"instock","10":"shipping-taxable","11":"purchasable","12":"product-type-simple"},"jetpack_sharing_enabled":true,"_links":{"self":[{"href":"https:\/\/autopdz.com\/ar\/wp-json\/wp\/v2\/product\/2408","targetHints":{"allow":["GET"]}}],"collection":[{"href":"https:\/\/autopdz.com\/ar\/wp-json\/wp\/v2\/product"}],"about":[{"href":"https:\/\/autopdz.com\/ar\/wp-json\/wp\/v2\/types\/product"}],"replies":[{"embeddable":true,"href":"https:\/\/autopdz.com\/ar\/wp-json\/wp\/v2\/comments?post=2408"}],"wp:featuredmedia":[{"embeddable":true,"href":"https:\/\/autopdz.com\/ar\/wp-json\/wp\/v2\/media\/31505"}],"wp:attachment":[{"href":"https:\/\/autopdz.com\/ar\/wp-json\/wp\/v2\/media?parent=2408"}],"wp:term":[{"taxonomy":"product_brand","embeddable":true,"href":"https:\/\/autopdz.com\/ar\/wp-json\/wp\/v2\/product_brand?post=2408"},{"taxonomy":"product_cat","embeddable":true,"href":"https:\/\/autopdz.com\/ar\/wp-json\/wp\/v2\/product_cat?post=2408"},{"taxonomy":"product_tag","embeddable":true,"href":"https:\/\/autopdz.com\/ar\/wp-json\/wp\/v2\/product_tag?post=2408"}],"curies":[{"name":"wp","href":"https:\/\/api.w.org\/{rel}","templated":true}]}}