{"id":2413,"date":"2024-05-29T14:58:57","date_gmt":"2024-05-29T13:58:57","guid":{"rendered":"https:\/\/autopdz.com\/product\/pate-anti-rayures-sufwax\/"},"modified":"2026-02-01T12:07:29","modified_gmt":"2026-02-01T11:07:29","slug":"pate-anti-rayures-sufwax","status":"publish","type":"product","link":"https:\/\/autopdz.com\/ar\/product\/pate-anti-rayures-sufwax\/","title":{"rendered":"P\u00e2te Anti Rayures Sufwax"},"content":{"rendered":"<p>La p\u00e2te anti-rayures Sufwax est une solution efficace con\u00e7ue pour \u00e9liminer les \u00e9raflures l\u00e9g\u00e8res et les marques de surface sur la carrosserie. Sa formule sp\u00e9ciale agit en douceur pour polir et restaurer la peinture, offrant ainsi une protection contre les rayures. Facile \u00e0 appliquer, elle laisse souvent un fini lustr\u00e9 et r\u00e9sistant. Id\u00e9ale pour pr\u00e9server l&rsquo;apparence esth\u00e9tique de votre v\u00e9hicule, cette p\u00e2te est un alli\u00e9 pr\u00e9cieux dans l&rsquo;entretien automobile<\/p>","protected":false},"excerpt":{"rendered":"<p>La p\u00e2te anti-rayures Sufwax est une solution efficace con\u00e7ue pour \u00e9liminer les \u00e9raflures l\u00e9g\u00e8res et les marques de surface sur la carrosserie. Sa formule sp\u00e9ciale agit en douceur pour polir et restaurer la peinture, offrant ainsi une protection contre les rayures. Facile \u00e0 appliquer, elle laisse souvent un fini lustr\u00e9 et r\u00e9sistant. Id\u00e9ale pour pr\u00e9server [&hellip;]<\/p>","protected":false},"featured_media":2411,"comment_status":"open","ping_status":"closed","template":"","meta":[],"product_brand":[],"product_cat":[26],"product_tag":[],"class_list":{"0":"post-2413","1":"product","2":"type-product","3":"status-publish","4":"has-post-thumbnail","6":"product_cat-accessoires-exterieur","8":"first","9":"outofstock","10":"shipping-taxable","11":"purchasable","12":"product-type-simple"},"jetpack_sharing_enabled":true,"_links":{"self":[{"href":"https:\/\/autopdz.com\/ar\/wp-json\/wp\/v2\/product\/2413","targetHints":{"allow":["GET"]}}],"collection":[{"href":"https:\/\/autopdz.com\/ar\/wp-json\/wp\/v2\/product"}],"about":[{"href":"https:\/\/autopdz.com\/ar\/wp-json\/wp\/v2\/types\/product"}],"replies":[{"embeddable":true,"href":"https:\/\/autopdz.com\/ar\/wp-json\/wp\/v2\/comments?post=2413"}],"wp:featuredmedia":[{"embeddable":true,"href":"https:\/\/autopdz.com\/ar\/wp-json\/wp\/v2\/media\/2411"}],"wp:attachment":[{"href":"https:\/\/autopdz.com\/ar\/wp-json\/wp\/v2\/media?parent=2413"}],"wp:term":[{"taxonomy":"product_brand","embeddable":true,"href":"https:\/\/autopdz.com\/ar\/wp-json\/wp\/v2\/product_brand?post=2413"},{"taxonomy":"product_cat","embeddable":true,"href":"https:\/\/autopdz.com\/ar\/wp-json\/wp\/v2\/product_cat?post=2413"},{"taxonomy":"product_tag","embeddable":true,"href":"https:\/\/autopdz.com\/ar\/wp-json\/wp\/v2\/product_tag?post=2413"}],"curies":[{"name":"wp","href":"https:\/\/api.w.org\/{rel}","templated":true}]}}