{"id":24165,"date":"2025-10-01T12:37:43","date_gmt":"2025-10-01T11:37:43","guid":{"rendered":"https:\/\/autopdz.com\/product\/chargeur-de-voiture-sans-fil-ldnio-cm-20\/"},"modified":"2025-11-29T09:25:40","modified_gmt":"2025-11-29T08:25:40","slug":"chargeur-de-voiture-sans-fil-ldnio-cm-20","status":"publish","type":"product","link":"https:\/\/autopdz.com\/ar\/product\/chargeur-de-voiture-sans-fil-ldnio-cm-20\/","title":{"rendered":"Chargeur de voiture sans fil Ldnio CM-20"},"content":{"rendered":"<p>Communication et alimentation en d\u00e9placement<\/p>\n<p>Casque mono BT:<\/p>\n<p>Bluetooth V4.0. HEP, HSP, A2DP<\/p>\n<p>Son<\/p>\n<p>96 heures d&rsquo;autonomie en veille<\/p>\n<p>4 heures d&rsquo;autonomie en conversation<\/p>\n<p>Port\u00e9e de 10 m<\/p>\n<p>Couplage facile<\/p>\n<p>Recomposition<\/p>\n<p>Marche\/arr\u00eat automatique<\/p>\n<p>Chargeur de voiture:<\/p>\n<p>Tension d&rsquo;entr\u00e9e 12 V\/24 V<\/p>\n<p>Tension de sortie 2,4 A<\/p>\n<p>Universel:<\/p>\n<p>Compatible avec la plupart des t\u00e9l\u00e9phones Bluetooth de Nokia, Motorola, Samsung, Sony, LG, Blackberry, Apple et d&rsquo;autres marques<\/p>\n<p>Accessoires:<\/p>\n<p>3 embouts en caoutchouc pour s&rsquo;adapter \u00e0 la taille de votre oreille<\/p>\n<p>Manuel d&rsquo;utilisation:<\/p>\n<p>Les r\u00e9sultats r\u00e9els peuvent varier<\/p>\n<p>La marque et les logos Bluetooth sont des marques d\u00e9pos\u00e9es appartenant \u00e0 Bluetooth SIG, Inc. et toute utilisation de ces marques par Gibson est sous licence. Les autres marques et noms commerciaux appartiennent \u00e0 leurs propri\u00e9taires respectifs.<\/p>","protected":false},"excerpt":{"rendered":"<p>Communication et alimentation en d\u00e9placement Casque mono BT: Bluetooth V4.0. HEP, HSP, A2DP Son 96 heures d&rsquo;autonomie en veille 4 heures d&rsquo;autonomie en conversation Port\u00e9e de 10 m Couplage facile Recomposition Marche\/arr\u00eat automatique Chargeur de voiture: Tension d&rsquo;entr\u00e9e 12 V\/24 V Tension de sortie 2,4 A Universel: Compatible avec la plupart des t\u00e9l\u00e9phones Bluetooth de [&hellip;]<\/p>","protected":false},"featured_media":24161,"comment_status":"open","ping_status":"closed","template":"","meta":[],"product_brand":[],"product_cat":[24],"product_tag":[],"class_list":{"0":"post-24165","1":"product","2":"type-product","3":"status-publish","4":"has-post-thumbnail","6":"product_cat-accessoires-interieur","8":"first","9":"outofstock","10":"sale","11":"shipping-taxable","12":"purchasable","13":"product-type-simple"},"jetpack_sharing_enabled":true,"_links":{"self":[{"href":"https:\/\/autopdz.com\/ar\/wp-json\/wp\/v2\/product\/24165","targetHints":{"allow":["GET"]}}],"collection":[{"href":"https:\/\/autopdz.com\/ar\/wp-json\/wp\/v2\/product"}],"about":[{"href":"https:\/\/autopdz.com\/ar\/wp-json\/wp\/v2\/types\/product"}],"replies":[{"embeddable":true,"href":"https:\/\/autopdz.com\/ar\/wp-json\/wp\/v2\/comments?post=24165"}],"wp:featuredmedia":[{"embeddable":true,"href":"https:\/\/autopdz.com\/ar\/wp-json\/wp\/v2\/media\/24161"}],"wp:attachment":[{"href":"https:\/\/autopdz.com\/ar\/wp-json\/wp\/v2\/media?parent=24165"}],"wp:term":[{"taxonomy":"product_brand","embeddable":true,"href":"https:\/\/autopdz.com\/ar\/wp-json\/wp\/v2\/product_brand?post=24165"},{"taxonomy":"product_cat","embeddable":true,"href":"https:\/\/autopdz.com\/ar\/wp-json\/wp\/v2\/product_cat?post=24165"},{"taxonomy":"product_tag","embeddable":true,"href":"https:\/\/autopdz.com\/ar\/wp-json\/wp\/v2\/product_tag?post=24165"}],"curies":[{"name":"wp","href":"https:\/\/api.w.org\/{rel}","templated":true}]}}