{"id":2422,"date":"2024-05-29T15:19:09","date_gmt":"2024-05-29T14:19:09","guid":{"rendered":"https:\/\/autopdz.com\/product\/cire-a-polir-p5-wax-efface-rayure-300g\/"},"modified":"2025-08-19T16:06:29","modified_gmt":"2025-08-19T15:06:29","slug":"cire-a-polir-p5-wax-efface-rayure-300g","status":"publish","type":"product","link":"https:\/\/autopdz.com\/ar\/product\/cire-a-polir-p5-wax-efface-rayure-300g\/","title":{"rendered":"Cire \u00e0 polir P5 WAX- efface rayure 300g"},"content":{"rendered":"<p>P\u00e2te \u00e0 polir universelle granuleuse moyenne P5P\u00e2te \u00e0 polir.il est important de polir sa voiture au moins 2 fois par ans pour prot\u00e9ger la carrosserie et laisser la couleur \u00e9clatante* Poli, r\u00e9nove et laisse briller toutes les finitions.* Application \u00e0 la main ou avec la machine.* Convient pour tous les types de rev\u00eatements m\u00e9talliques ou Nichtmetallic, vernis 1K, vernis 2K, vernis \u00e0 ongles et vernis sur m\u00e9tal, bois, plastique, etc.*300Gr peut lustrer votre voiture 4 facilement , vous pouvez le faire 4 fois par an et m\u00eame plus<br \/>\nUtilisation:<br \/>\nColler P5 est utilis\u00e9 sur tous les Gackypen de Lackie. Il poli, r\u00e9nov\u00e9 et fait briller la surface en une seule op\u00e9ration. Ils permettent une bonne finition et \u00e9liminent le Zuf\u00e4 a lligen Lackierungsnebel. Il apaise et soulage la peau d&rsquo;orange et enl\u00e8ve les l\u00e9g\u00e8res rayures. You Deso Xidiert, renouvelle les rev\u00eatements Getr\u00fcbten, ce qui permet une grande brillance.<br \/>\nInstructions d&rsquo;utilisation:<\/p>\n<p>Avec une polisseuse avec de la laine d&rsquo;agneau de diam\u00e8tre. Ne pas d\u00e9passer 150 mm ou avec une \u00e9ponge de polissage \u00ab\u00a0Rose \u00e9quip\u00e9e, ce 1800 tours par minute.<br \/>\nLe produit un peu pour la finition de polissage que vous pouvez.<br \/>\nL&rsquo;article est monotone dans la couche mince avec l&rsquo;aide de la machine sur la surface.<br \/>\nAmener le polisseur en mouvement et le produit jusqu&rsquo;au s\u00e9chage, pour \u00e9viter les signes d&rsquo;usure de la colonne vert\u00e9brale.<br \/>\nPour polir l&rsquo;\u00e9ponge (disque) de sorte qu&rsquo;il soit d&rsquo;environ 1 pouce d&rsquo;\u00e9paisseur en utilisant une lame de coupe en m\u00e9tal.<br \/>\nLe \u00ab\u00a0Stay shine, est fortifi\u00e9 pendant longtemps avec un traitement haute brillance moyen PTFE.<br \/>\nEmballage: Bo\u00eetier en plastique pesant 300g<\/p>","protected":false},"excerpt":{"rendered":"<p>P\u00e2te \u00e0 polir universelle granuleuse moyenne P5P\u00e2te \u00e0 polir.il est important de polir sa voiture au moins 2 fois par ans pour prot\u00e9ger la carrosserie et laisser la couleur \u00e9clatante* Poli, r\u00e9nove et laisse briller toutes les finitions.* Application \u00e0 la main ou avec la machine.* Convient pour tous les types de rev\u00eatements m\u00e9talliques ou [&hellip;]<\/p>","protected":false},"featured_media":2420,"comment_status":"open","ping_status":"closed","template":"","meta":[],"product_brand":[],"product_cat":[15],"product_tag":[],"class_list":{"0":"post-2422","1":"product","2":"type-product","3":"status-publish","4":"has-post-thumbnail","6":"product_cat-divers","8":"first","9":"outofstock","10":"sale","11":"shipping-taxable","12":"purchasable","13":"product-type-simple"},"jetpack_sharing_enabled":true,"_links":{"self":[{"href":"https:\/\/autopdz.com\/ar\/wp-json\/wp\/v2\/product\/2422","targetHints":{"allow":["GET"]}}],"collection":[{"href":"https:\/\/autopdz.com\/ar\/wp-json\/wp\/v2\/product"}],"about":[{"href":"https:\/\/autopdz.com\/ar\/wp-json\/wp\/v2\/types\/product"}],"replies":[{"embeddable":true,"href":"https:\/\/autopdz.com\/ar\/wp-json\/wp\/v2\/comments?post=2422"}],"wp:featuredmedia":[{"embeddable":true,"href":"https:\/\/autopdz.com\/ar\/wp-json\/wp\/v2\/media\/2420"}],"wp:attachment":[{"href":"https:\/\/autopdz.com\/ar\/wp-json\/wp\/v2\/media?parent=2422"}],"wp:term":[{"taxonomy":"product_brand","embeddable":true,"href":"https:\/\/autopdz.com\/ar\/wp-json\/wp\/v2\/product_brand?post=2422"},{"taxonomy":"product_cat","embeddable":true,"href":"https:\/\/autopdz.com\/ar\/wp-json\/wp\/v2\/product_cat?post=2422"},{"taxonomy":"product_tag","embeddable":true,"href":"https:\/\/autopdz.com\/ar\/wp-json\/wp\/v2\/product_tag?post=2422"}],"curies":[{"name":"wp","href":"https:\/\/api.w.org\/{rel}","templated":true}]}}