{"id":2428,"date":"2024-05-29T15:32:13","date_gmt":"2024-05-29T14:32:13","guid":{"rendered":"https:\/\/autopdz.com\/product\/fume-demontable-pour-pare-brise-avant\/"},"modified":"2026-04-06T14:19:13","modified_gmt":"2026-04-06T13:19:13","slug":"fume-demontable-pour-pare-brise-avant","status":"publish","type":"product","link":"https:\/\/autopdz.com\/ar\/product\/fume-demontable-pour-pare-brise-avant\/","title":{"rendered":"Fum\u00e9 d\u00e9montable pour pare-brise avant (58&#215;1,25cm)"},"content":{"rendered":"<p>Film de contr\u00f4le solaire pour pare-soleil \u00e0 rouleau, taille 53x130cm<\/p>\n<p>Visi\u00e8re pratique pour prot\u00e9ger b\u00e9b\u00e9 lors des d\u00e9placements en voiture. Avec crochets simples pour l&rsquo;application sur le verre<\/p>\n<p>La conception du rouleau se r\u00e9tracte dans le bo\u00eetier lorsqu&rsquo;elle n&rsquo;est pas utilis\u00e9e<\/p>\n<p>Le syst\u00e8me d&rsquo;installation par ventouse simple et rapide<\/p>\n<p>Accessoire de voyage parfait pour les aventures en d\u00e9placement<\/p>","protected":false},"excerpt":{"rendered":"<p>Film de contr\u00f4le solaire pour pare-soleil \u00e0 rouleau, taille 53x130cm Visi\u00e8re pratique pour prot\u00e9ger b\u00e9b\u00e9 lors des d\u00e9placements en voiture. Avec crochets simples pour l&rsquo;application sur le verre La conception du rouleau se r\u00e9tracte dans le bo\u00eetier lorsqu&rsquo;elle n&rsquo;est pas utilis\u00e9e Le syst\u00e8me d&rsquo;installation par ventouse simple et rapide Accessoire de voyage parfait pour les [&hellip;]<\/p>","protected":false},"featured_media":2423,"comment_status":"open","ping_status":"closed","template":"","meta":[],"product_brand":[],"product_cat":[15],"product_tag":[],"class_list":{"0":"post-2428","1":"product","2":"type-product","3":"status-publish","4":"has-post-thumbnail","6":"product_cat-divers","8":"first","9":"outofstock","10":"sale","11":"shipping-taxable","12":"purchasable","13":"product-type-simple"},"jetpack_sharing_enabled":true,"_links":{"self":[{"href":"https:\/\/autopdz.com\/ar\/wp-json\/wp\/v2\/product\/2428","targetHints":{"allow":["GET"]}}],"collection":[{"href":"https:\/\/autopdz.com\/ar\/wp-json\/wp\/v2\/product"}],"about":[{"href":"https:\/\/autopdz.com\/ar\/wp-json\/wp\/v2\/types\/product"}],"replies":[{"embeddable":true,"href":"https:\/\/autopdz.com\/ar\/wp-json\/wp\/v2\/comments?post=2428"}],"wp:featuredmedia":[{"embeddable":true,"href":"https:\/\/autopdz.com\/ar\/wp-json\/wp\/v2\/media\/2423"}],"wp:attachment":[{"href":"https:\/\/autopdz.com\/ar\/wp-json\/wp\/v2\/media?parent=2428"}],"wp:term":[{"taxonomy":"product_brand","embeddable":true,"href":"https:\/\/autopdz.com\/ar\/wp-json\/wp\/v2\/product_brand?post=2428"},{"taxonomy":"product_cat","embeddable":true,"href":"https:\/\/autopdz.com\/ar\/wp-json\/wp\/v2\/product_cat?post=2428"},{"taxonomy":"product_tag","embeddable":true,"href":"https:\/\/autopdz.com\/ar\/wp-json\/wp\/v2\/product_tag?post=2428"}],"curies":[{"name":"wp","href":"https:\/\/api.w.org\/{rel}","templated":true}]}}