{"id":2434,"date":"2024-05-30T12:18:41","date_gmt":"2024-05-30T11:18:41","guid":{"rendered":"https:\/\/autopdz.com\/?post_type=product&#038;p=2434"},"modified":"2026-04-19T12:36:04","modified_gmt":"2026-04-19T11:36:04","slug":"aspirateur-de-voiture-portable-4-en-1","status":"publish","type":"product","link":"https:\/\/autopdz.com\/ar\/product\/aspirateur-de-voiture-portable-4-en-1\/","title":{"rendered":"Aspirateur de voiture portable 4 en 1"},"content":{"rendered":"<p>\u00c9clairage pneumatique \u00e0 pression d&rsquo;aspirateur humide et sec de grande puissance.<\/p>\n<p>Puissance : 120w<\/p>\n<p>Tension : 12 V<\/p>\n<p>Dimension : 34*11*14 cm poids : 1,3 kg (plus lourd que les autres mod\u00e8les du m\u00eame mod\u00e8le)<\/p>\n<p>Type d&rsquo;aspirateur : aspirateur \u00e0 main<\/p>\n<p>Degr\u00e9\u00a0:\u00a03500pa<\/p>\n<p>Couleur : or et argent<\/p>\n<p>\u2611\ufe0f Couvercle avant transparent amovible, \u00e9quip\u00e9 de filtres sp\u00e9ciaux pour faciliter le nettoyage r\u00e9gulier ; avec entrep\u00f4t de stockage transparent, peut \u00eatre un stockage d&rsquo;eau adsorb\u00e9.<\/p>\n<p>\u2611\ufe0f L&rsquo;aspirateur de voiture portable 4 en 1 est \u00e9quip\u00e9 d&rsquo;une t\u00eate plate d&rsquo;adsorption de coin sp\u00e9ciale, qui peut absorber la poussi\u00e8re et d&rsquo;un coin d&rsquo;aspiration puissant.<\/p>\n<p>\u2611\ufe0f Longueur du cordon d&rsquo;alimentation de l&rsquo;aspirateur de voiture portable 4 en 1 : 300 cm. Allume-cigare ordinaire extr\u00eamement l\u00e9ger, facile \u00e0 transporter.<br \/>\nTaille du c\u00e2ble d&rsquo;alimentation : 420 cm Alimentation : DC-12 V Puissance nominale : gonflage 60 W\/vide 100 W Fonction : \u00e9clairage, aspirateur, gonflage, pression des pneus Accessoires : un h\u00f4te, 4 pi\u00e8ces, un allume-cigare Mat\u00e9riau du produit : plastique ABS, plastique PP, fr\u00e9quence. moteur de conversion, effet de d\u00e9poussi\u00e9rage du filtre hepa\u00a0: 95\u00a0%<\/p>\n<p>\u2611\ufe0f Impossible de tirer sur le cordon d&rsquo;alimentation lors du d\u00e9placement de l&rsquo;appareil, appareils \u00e9lectriques facilement endommag\u00e9s\u00a0; pendant l&rsquo;utilisation, besoin de quelqu&rsquo;un pour garder, ne laissez pas les enfants jouer seuls, pour \u00e9viter tout danger\u00a0;<\/p>\n<p>\u2611\ufe0f L&rsquo;utilisation de cet aspirateur de voiture portable 4 en 1 ne peut pas se faire \u00e0 proximit\u00e9 d&rsquo;alcool et d&rsquo;autres mat\u00e9riaux combustibles. Lors de l&rsquo;utilisation, le filtre doit \u00eatre install\u00e9. Prise d&rsquo;alimentation DC12V sur un allume-cigare de voiture. Lorsque vous utilisez l&rsquo;interrupteur d&rsquo;alimentation sur la poign\u00e9e de l&rsquo;aspirateur en position marche, l&rsquo;interrupteur d&rsquo;alimentation est en position d&rsquo;arr\u00eat lorsqu&rsquo;il n&rsquo;est pas utilis\u00e9.<\/p>\n<p>\u2611\ufe0f En utilisant un espace large o\u00f9 une bouche large et un espace \u00e9troit o\u00f9 l&rsquo;utilisation d&rsquo;une bouche droite, aspire la poussi\u00e8re sous le si\u00e8ge, il faut \u00e9galement mettre le tuyau afin d&rsquo;augmenter la longueur. Gardez le sac propre, propre.<\/p>","protected":false},"excerpt":{"rendered":"<p>\u00c9clairage pneumatique \u00e0 pression d&rsquo;aspirateur humide et sec de grande puissance. Puissance : 120w Tension : 12 V Dimension : 34*11*14 cm poids : 1,3 kg (plus lourd que les autres mod\u00e8les du m\u00eame mod\u00e8le) Type d&rsquo;aspirateur : aspirateur \u00e0 main Degr\u00e9\u00a0:\u00a03500pa Couleur : or et argent \u2611\ufe0f Couvercle avant transparent amovible, \u00e9quip\u00e9 de filtres [&hellip;]<\/p>","protected":false},"featured_media":2435,"comment_status":"open","ping_status":"closed","template":"","meta":[],"product_brand":[],"product_cat":[26,24],"product_tag":[37,47,69],"class_list":{"0":"post-2434","1":"product","2":"type-product","3":"status-publish","4":"has-post-thumbnail","6":"product_cat-accessoires-exterieur","7":"product_cat-accessoires-interieur","8":"product_tag-aspirateur","9":"product_tag-compresseur","10":"product_tag-compresseur-et-aspirateur","12":"first","13":"outofstock","14":"shipping-taxable","15":"purchasable","16":"product-type-simple"},"jetpack_sharing_enabled":true,"_links":{"self":[{"href":"https:\/\/autopdz.com\/ar\/wp-json\/wp\/v2\/product\/2434","targetHints":{"allow":["GET"]}}],"collection":[{"href":"https:\/\/autopdz.com\/ar\/wp-json\/wp\/v2\/product"}],"about":[{"href":"https:\/\/autopdz.com\/ar\/wp-json\/wp\/v2\/types\/product"}],"replies":[{"embeddable":true,"href":"https:\/\/autopdz.com\/ar\/wp-json\/wp\/v2\/comments?post=2434"}],"wp:featuredmedia":[{"embeddable":true,"href":"https:\/\/autopdz.com\/ar\/wp-json\/wp\/v2\/media\/2435"}],"wp:attachment":[{"href":"https:\/\/autopdz.com\/ar\/wp-json\/wp\/v2\/media?parent=2434"}],"wp:term":[{"taxonomy":"product_brand","embeddable":true,"href":"https:\/\/autopdz.com\/ar\/wp-json\/wp\/v2\/product_brand?post=2434"},{"taxonomy":"product_cat","embeddable":true,"href":"https:\/\/autopdz.com\/ar\/wp-json\/wp\/v2\/product_cat?post=2434"},{"taxonomy":"product_tag","embeddable":true,"href":"https:\/\/autopdz.com\/ar\/wp-json\/wp\/v2\/product_tag?post=2434"}],"curies":[{"name":"wp","href":"https:\/\/api.w.org\/{rel}","templated":true}]}}