{"id":2448,"date":"2024-05-30T12:43:48","date_gmt":"2024-05-30T11:43:48","guid":{"rendered":"https:\/\/autopdz.com\/product\/led-a-feux-de-jour-pare-choc\/"},"modified":"2025-11-01T16:26:06","modified_gmt":"2025-11-01T15:26:06","slug":"led-a-feux-de-jour-pare-choc","status":"publish","type":"product","link":"https:\/\/autopdz.com\/ar\/product\/led-a-feux-de-jour-pare-choc\/","title":{"rendered":"LED \u00e0 feux de jour pare-choc 2Pcs"},"content":{"rendered":"<p>Informations Compl\u00e9mentaires:<\/p>\n<p>&#8211; Teinte : Blanc froid 6000K<\/p>\n<p>&#8211; Puissance : 6W<\/p>\n<p>-Tension : 12V<\/p>\n<p>&#8211; Dimensions : 17 cm x 1,5 cm<\/p>\n<p>&#8211; Applications : voitures (pour DRL auxiliaire)<\/p>\n<p>Contenu:<\/p>\n<p>02 barres DRL<\/p>\n<p>02 Rubans double face<\/p>\n<p>REMARQUE : Nous recommandons toujours que l&rsquo;installation soit effectu\u00e9e par un professionnel qualifi\u00e9. AUTOP DZ n&rsquo;est pas responsable des dommages caus\u00e9s au v\u00e9hicule ou au produit en raison d&rsquo;une mauvaise manipulation.<\/p>","protected":false},"excerpt":{"rendered":"<p>Informations Compl\u00e9mentaires: &#8211; Teinte : Blanc froid 6000K &#8211; Puissance : 6W -Tension : 12V &#8211; Dimensions : 17 cm x 1,5 cm &#8211; Applications : voitures (pour DRL auxiliaire) Contenu: 02 barres DRL 02 Rubans double face REMARQUE : Nous recommandons toujours que l&rsquo;installation soit effectu\u00e9e par un professionnel qualifi\u00e9. AUTOP DZ n&rsquo;est pas [&hellip;]<\/p>","protected":false},"featured_media":2444,"comment_status":"open","ping_status":"closed","template":"","meta":[],"product_brand":[],"product_cat":[23],"product_tag":[],"class_list":{"0":"post-2448","1":"product","2":"type-product","3":"status-publish","4":"has-post-thumbnail","6":"product_cat-eclairage","8":"first","9":"outofstock","10":"shipping-taxable","11":"purchasable","12":"product-type-simple"},"jetpack_sharing_enabled":true,"_links":{"self":[{"href":"https:\/\/autopdz.com\/ar\/wp-json\/wp\/v2\/product\/2448","targetHints":{"allow":["GET"]}}],"collection":[{"href":"https:\/\/autopdz.com\/ar\/wp-json\/wp\/v2\/product"}],"about":[{"href":"https:\/\/autopdz.com\/ar\/wp-json\/wp\/v2\/types\/product"}],"replies":[{"embeddable":true,"href":"https:\/\/autopdz.com\/ar\/wp-json\/wp\/v2\/comments?post=2448"}],"wp:featuredmedia":[{"embeddable":true,"href":"https:\/\/autopdz.com\/ar\/wp-json\/wp\/v2\/media\/2444"}],"wp:attachment":[{"href":"https:\/\/autopdz.com\/ar\/wp-json\/wp\/v2\/media?parent=2448"}],"wp:term":[{"taxonomy":"product_brand","embeddable":true,"href":"https:\/\/autopdz.com\/ar\/wp-json\/wp\/v2\/product_brand?post=2448"},{"taxonomy":"product_cat","embeddable":true,"href":"https:\/\/autopdz.com\/ar\/wp-json\/wp\/v2\/product_cat?post=2448"},{"taxonomy":"product_tag","embeddable":true,"href":"https:\/\/autopdz.com\/ar\/wp-json\/wp\/v2\/product_tag?post=2448"}],"curies":[{"name":"wp","href":"https:\/\/api.w.org\/{rel}","templated":true}]}}