{"id":25052,"date":"2025-10-11T15:30:54","date_gmt":"2025-10-11T14:30:54","guid":{"rendered":"https:\/\/autopdz.com\/product\/paire-de-phares-antibrouillard-led-2\/"},"modified":"2026-03-31T14:35:57","modified_gmt":"2026-03-31T13:35:57","slug":"paire-de-phares-antibrouillard-led-2","status":"publish","type":"product","link":"https:\/\/autopdz.com\/ar\/product\/paire-de-phares-antibrouillard-led-2\/","title":{"rendered":"Paire de phares antibrouillard LED"},"content":{"rendered":"<p>Description :<\/p>\n<p>&#8211; Le faisceau lumineux est plus lumineux que le faisceau bas standard et a un limite de coupure correcte (stg), pour la formation de 3 lentilles \u00e0 diode sont responsable dans chaque lampe frontale, cela ne aveugle \u00e0 venir.<\/p>\n<p>Une option populaire pour l&rsquo;installation dans les endroits r\u00e9guliers de voitures, ainsi que sur les VTT au lieu des phares principaux.<\/p>\n<p>Sp\u00e9cifications:<\/p>\n<p>Diam\u00e8tre du phare sur verre: 9 cm\/3,54 pouces;<\/p>\n<p>Num\u00e9ro de lentilles dans la lampe frontale: 3;<\/p>\n<p>Puissance: 30 W<\/p>\n<p>Tension de fonctionnement: 12-13,5V;<\/p>\n<p>Etanche: norme IP68;<\/p>\n<p>Refroidissement: radiateur m\u00e9tallique;<\/p>\n<p>Anti-bu\u00e9e: il y a une valve de ventilation;<\/p>\n<p>R\u00e9glage: il y a une vis de r\u00e9glage;<\/p>\n<p>PTF avec fonction DRL et clignotant<\/p>\n<p>&#8211; Phares antibrouillard blanc\/jaune environ 2600FC~3300FC (Lux 27986lx ~ 35521lx) [Note: Distance de test (20 cm)];<\/p>","protected":false},"excerpt":{"rendered":"<p>Description : &#8211; Le faisceau lumineux est plus lumineux que le faisceau bas standard et a un limite de coupure correcte (stg), pour la formation de 3 lentilles \u00e0 diode sont responsable dans chaque lampe frontale, cela ne aveugle \u00e0 venir. Une option populaire pour l&rsquo;installation dans les endroits r\u00e9guliers de voitures, ainsi que sur [&hellip;]<\/p>","protected":false},"featured_media":25050,"comment_status":"open","ping_status":"closed","template":"","meta":[],"product_brand":[],"product_cat":[23],"product_tag":[],"class_list":{"0":"post-25052","1":"product","2":"type-product","3":"status-publish","4":"has-post-thumbnail","6":"product_cat-eclairage","8":"first","9":"instock","10":"shipping-taxable","11":"purchasable","12":"product-type-simple"},"jetpack_sharing_enabled":true,"_links":{"self":[{"href":"https:\/\/autopdz.com\/ar\/wp-json\/wp\/v2\/product\/25052","targetHints":{"allow":["GET"]}}],"collection":[{"href":"https:\/\/autopdz.com\/ar\/wp-json\/wp\/v2\/product"}],"about":[{"href":"https:\/\/autopdz.com\/ar\/wp-json\/wp\/v2\/types\/product"}],"replies":[{"embeddable":true,"href":"https:\/\/autopdz.com\/ar\/wp-json\/wp\/v2\/comments?post=25052"}],"wp:featuredmedia":[{"embeddable":true,"href":"https:\/\/autopdz.com\/ar\/wp-json\/wp\/v2\/media\/25050"}],"wp:attachment":[{"href":"https:\/\/autopdz.com\/ar\/wp-json\/wp\/v2\/media?parent=25052"}],"wp:term":[{"taxonomy":"product_brand","embeddable":true,"href":"https:\/\/autopdz.com\/ar\/wp-json\/wp\/v2\/product_brand?post=25052"},{"taxonomy":"product_cat","embeddable":true,"href":"https:\/\/autopdz.com\/ar\/wp-json\/wp\/v2\/product_cat?post=25052"},{"taxonomy":"product_tag","embeddable":true,"href":"https:\/\/autopdz.com\/ar\/wp-json\/wp\/v2\/product_tag?post=25052"}],"curies":[{"name":"wp","href":"https:\/\/api.w.org\/{rel}","templated":true}]}}