{"id":2535,"date":"2024-06-02T14:36:02","date_gmt":"2024-06-02T13:36:02","guid":{"rendered":"https:\/\/autopdz.com\/product\/bouchon-despace-pour-siege-de-voiture-2pcs\/"},"modified":"2025-12-25T00:34:08","modified_gmt":"2025-12-24T23:34:08","slug":"bouchon-despace-pour-siege-de-voiture-2pcs","status":"publish","type":"product","link":"https:\/\/autopdz.com\/ar\/product\/bouchon-despace-pour-siege-de-voiture-2pcs\/","title":{"rendered":"Bouchon d&rsquo;espace pour si\u00e8ge de voiture 2Pcs"},"content":{"rendered":"<p>Description:<\/p>\n<p>\u3010Remplisseurs d&rsquo;espacement de si\u00e8ge automatique\u3011 : les remplisseurs d&rsquo;espacement de si\u00e8ge peuvent combler l&rsquo;espace pour emp\u00eacher les objets de tomber et compenser le d\u00e9faut selon lequel l&rsquo;espace est trop grand, ce qui est \u00e0 la fois beau et pratique.<\/p>\n<p>\u3010Haute qualit\u00e9\u3011 : le remplisseur d&rsquo;espace pour si\u00e8ge de voiture est fabriqu\u00e9 en polyur\u00e9thane de haute qualit\u00e9, plein de rembourrage, une meilleure flexibilit\u00e9, un mat\u00e9riau plus durable, \u00e0 texture de cuir fine, confortable au toucher.<\/p>\n<p>\u3010Facile \u00e0 utiliser\u3011 : le remplisseur d&rsquo;espace de si\u00e8ge n&rsquo;affecte pas le r\u00e9glage du si\u00e8ge en position fixe, et peut \u00eatre utilis\u00e9 \u00e0 la fois par le conducteur et le copilote, sans g\u00eaner l&rsquo;espace pour les jambes, et n&rsquo;affecte pas l&rsquo;utilisation des ceintures de s\u00e9curit\u00e9.<\/p>\n<p>\u3010Universel\u3011 : les remplisseurs d&rsquo;espace pour si\u00e8ges de voiture s&rsquo;adaptent \u00e0 la plupart des voitures, camions et SUV, etc.<\/p>\n<p>\u3010Le forfait comprend\u3011 : vous recevrez 2 pi\u00e8ces de remplissage d&rsquo;espace pour si\u00e8ge de voiture, faciles \u00e0 installer.<\/p>\n<p>Sp\u00e9cification:<\/p>\n<p>Mat\u00e9riel: Cuir Synth\u00e9tique<\/p>\n<p>Tableau de taille:<\/p>\n<p>40,9 cm x 6,5 cm x 3,3 cm\/16,10 pouces x 2,56 pouces x 1,30 pouces<\/p>\n<p>Le forfait Comprend:<\/p>\n<p>2 pi\u00e8ces de remplissage d&rsquo;espace de si\u00e8ge<\/p>\n<p>Note:<\/p>\n<p>Veuillez autoriser de l\u00e9g\u00e8res erreurs dues \u00e0 la mesure manuelle et aux diff\u00e9rents moniteurs.<\/p>","protected":false},"excerpt":{"rendered":"<p>Description: \u3010Remplisseurs d&rsquo;espacement de si\u00e8ge automatique\u3011 : les remplisseurs d&rsquo;espacement de si\u00e8ge peuvent combler l&rsquo;espace pour emp\u00eacher les objets de tomber et compenser le d\u00e9faut selon lequel l&rsquo;espace est trop grand, ce qui est \u00e0 la fois beau et pratique. \u3010Haute qualit\u00e9\u3011 : le remplisseur d&rsquo;espace pour si\u00e8ge de voiture est fabriqu\u00e9 en polyur\u00e9thane de [&hellip;]<\/p>","protected":false},"featured_media":9688,"comment_status":"open","ping_status":"closed","template":"","meta":[],"product_brand":[],"product_cat":[24],"product_tag":[],"class_list":{"0":"post-2535","1":"product","2":"type-product","3":"status-publish","4":"has-post-thumbnail","6":"product_cat-accessoires-interieur","8":"first","9":"instock","10":"sale","11":"shipping-taxable","12":"purchasable","13":"product-type-simple"},"jetpack_sharing_enabled":true,"_links":{"self":[{"href":"https:\/\/autopdz.com\/ar\/wp-json\/wp\/v2\/product\/2535","targetHints":{"allow":["GET"]}}],"collection":[{"href":"https:\/\/autopdz.com\/ar\/wp-json\/wp\/v2\/product"}],"about":[{"href":"https:\/\/autopdz.com\/ar\/wp-json\/wp\/v2\/types\/product"}],"replies":[{"embeddable":true,"href":"https:\/\/autopdz.com\/ar\/wp-json\/wp\/v2\/comments?post=2535"}],"wp:featuredmedia":[{"embeddable":true,"href":"https:\/\/autopdz.com\/ar\/wp-json\/wp\/v2\/media\/9688"}],"wp:attachment":[{"href":"https:\/\/autopdz.com\/ar\/wp-json\/wp\/v2\/media?parent=2535"}],"wp:term":[{"taxonomy":"product_brand","embeddable":true,"href":"https:\/\/autopdz.com\/ar\/wp-json\/wp\/v2\/product_brand?post=2535"},{"taxonomy":"product_cat","embeddable":true,"href":"https:\/\/autopdz.com\/ar\/wp-json\/wp\/v2\/product_cat?post=2535"},{"taxonomy":"product_tag","embeddable":true,"href":"https:\/\/autopdz.com\/ar\/wp-json\/wp\/v2\/product_tag?post=2535"}],"curies":[{"name":"wp","href":"https:\/\/api.w.org\/{rel}","templated":true}]}}