{"id":2543,"date":"2024-06-02T14:58:53","date_gmt":"2024-06-02T13:58:53","guid":{"rendered":"https:\/\/autopdz.com\/product\/bouchon-de-valve-fluorescent-4pcs\/"},"modified":"2025-01-01T22:45:29","modified_gmt":"2025-01-01T21:45:29","slug":"bouchon-de-valve-fluorescent-4pcs","status":"publish","type":"product","link":"https:\/\/autopdz.com\/ar\/product\/bouchon-de-valve-fluorescent-4pcs\/","title":{"rendered":"Bouchon de Valve fluorescent 4Pcs"},"content":{"rendered":"<p>Sp\u00e9cification:<br \/>\n1. Mat\u00e9riel: ABS<br \/>\n2. Couleur: vert<br \/>\n3. Taille: environ 1.6cm * 1.2cm, diam\u00e8tre int\u00e9rieur 0.8cm<br \/>\n4. Applicable: universel pour les mod\u00e8les<br \/>\n5. Quantit\u00e9: 4 pi\u00e8ces<\/p>\n<p>Description:<br \/>\n1,Portable et durable, facile \u00e0 transporter et l\u00e9ger.<br \/>\n2,Fabriqu\u00e9 en ABS l\u00e9ger de haute qualit\u00e9.<br \/>\n3,Et d\u00e9corez vos roues, r\u00e9sistantes \u00e0 la corrosion et imperm\u00e9ables.<br \/>\n4,Facile \u00e0 installer. Il suffit de le visser<br \/>\n5,D&rsquo;abord absorber l&rsquo;\u00e9nergie de toutes sortes de lumi\u00e8re visible et stocker l&rsquo;\u00e9nergie lumineuse, puis il peut automatiquement \u00e9mettre de la lumi\u00e8re dans l&rsquo;obscurit\u00e9, et il peut \u00eatre recycl\u00e9 \u00e0 l&rsquo;infini.<\/p>","protected":false},"excerpt":{"rendered":"<p>Sp\u00e9cification: 1. Mat\u00e9riel: ABS 2. Couleur: vert 3. Taille: environ 1.6cm * 1.2cm, diam\u00e8tre int\u00e9rieur 0.8cm 4. Applicable: universel pour les mod\u00e8les 5. Quantit\u00e9: 4 pi\u00e8ces Description: 1,Portable et durable, facile \u00e0 transporter et l\u00e9ger. 2,Fabriqu\u00e9 en ABS l\u00e9ger de haute qualit\u00e9. 3,Et d\u00e9corez vos roues, r\u00e9sistantes \u00e0 la corrosion et imperm\u00e9ables. 4,Facile \u00e0 installer. [&hellip;]<\/p>","protected":false},"featured_media":2542,"comment_status":"open","ping_status":"closed","template":"","meta":[],"product_brand":[],"product_cat":[26],"product_tag":[],"class_list":{"0":"post-2543","1":"product","2":"type-product","3":"status-publish","4":"has-post-thumbnail","6":"product_cat-accessoires-exterieur","8":"first","9":"outofstock","10":"shipping-taxable","11":"purchasable","12":"product-type-simple"},"jetpack_sharing_enabled":true,"_links":{"self":[{"href":"https:\/\/autopdz.com\/ar\/wp-json\/wp\/v2\/product\/2543","targetHints":{"allow":["GET"]}}],"collection":[{"href":"https:\/\/autopdz.com\/ar\/wp-json\/wp\/v2\/product"}],"about":[{"href":"https:\/\/autopdz.com\/ar\/wp-json\/wp\/v2\/types\/product"}],"replies":[{"embeddable":true,"href":"https:\/\/autopdz.com\/ar\/wp-json\/wp\/v2\/comments?post=2543"}],"wp:featuredmedia":[{"embeddable":true,"href":"https:\/\/autopdz.com\/ar\/wp-json\/wp\/v2\/media\/2542"}],"wp:attachment":[{"href":"https:\/\/autopdz.com\/ar\/wp-json\/wp\/v2\/media?parent=2543"}],"wp:term":[{"taxonomy":"product_brand","embeddable":true,"href":"https:\/\/autopdz.com\/ar\/wp-json\/wp\/v2\/product_brand?post=2543"},{"taxonomy":"product_cat","embeddable":true,"href":"https:\/\/autopdz.com\/ar\/wp-json\/wp\/v2\/product_cat?post=2543"},{"taxonomy":"product_tag","embeddable":true,"href":"https:\/\/autopdz.com\/ar\/wp-json\/wp\/v2\/product_tag?post=2543"}],"curies":[{"name":"wp","href":"https:\/\/api.w.org\/{rel}","templated":true}]}}