{"id":2545,"date":"2024-06-02T15:16:35","date_gmt":"2024-06-02T14:16:35","guid":{"rendered":"https:\/\/autopdz.com\/?post_type=product&#038;p=2545"},"modified":"2025-08-27T09:22:34","modified_gmt":"2025-08-27T08:22:34","slug":"couvre-etriers-brembo-grand-modele-2pcs","status":"publish","type":"product","link":"https:\/\/autopdz.com\/ar\/product\/couvre-etriers-brembo-grand-modele-2pcs\/","title":{"rendered":"Couvre-\u00e9triers Brembo Grand Mod\u00e8le 2pcs"},"content":{"rendered":"<p>Con\u00e7ues pour \u00eatre plac\u00e9es sur les \u00e9triers avant en raison de leur grande taille.<\/p>\n<p>Mesures: 24cm (longueur) 7cm (\u00e9paisseur)<\/p>\n<p>Mati\u00e8re : ABS Plastique<\/p>\n<p>PRIX PAR PAIRE<\/p>\n<p>V\u00c9RIFIER LA COMPATIBILIT\u00c9 AVEC LE V\u00c9HICULE<\/p>","protected":false},"excerpt":{"rendered":"<p>Con\u00e7ues pour \u00eatre plac\u00e9es sur les \u00e9triers avant en raison de leur grande taille. Mesures: 24cm (longueur) 7cm (\u00e9paisseur) Mati\u00e8re : ABS Plastique PRIX PAR PAIRE V\u00c9RIFIER LA COMPATIBILIT\u00c9 AVEC LE V\u00c9HICULE<\/p>","protected":false},"featured_media":2549,"comment_status":"open","ping_status":"closed","template":"","meta":[],"product_brand":[],"product_cat":[26],"product_tag":[],"class_list":{"0":"post-2545","1":"product","2":"type-product","3":"status-publish","4":"has-post-thumbnail","6":"product_cat-accessoires-exterieur","8":"first","9":"outofstock","10":"shipping-taxable","11":"purchasable","12":"product-type-variable"},"jetpack_sharing_enabled":true,"_links":{"self":[{"href":"https:\/\/autopdz.com\/ar\/wp-json\/wp\/v2\/product\/2545","targetHints":{"allow":["GET"]}}],"collection":[{"href":"https:\/\/autopdz.com\/ar\/wp-json\/wp\/v2\/product"}],"about":[{"href":"https:\/\/autopdz.com\/ar\/wp-json\/wp\/v2\/types\/product"}],"replies":[{"embeddable":true,"href":"https:\/\/autopdz.com\/ar\/wp-json\/wp\/v2\/comments?post=2545"}],"wp:featuredmedia":[{"embeddable":true,"href":"https:\/\/autopdz.com\/ar\/wp-json\/wp\/v2\/media\/2549"}],"wp:attachment":[{"href":"https:\/\/autopdz.com\/ar\/wp-json\/wp\/v2\/media?parent=2545"}],"wp:term":[{"taxonomy":"product_brand","embeddable":true,"href":"https:\/\/autopdz.com\/ar\/wp-json\/wp\/v2\/product_brand?post=2545"},{"taxonomy":"product_cat","embeddable":true,"href":"https:\/\/autopdz.com\/ar\/wp-json\/wp\/v2\/product_cat?post=2545"},{"taxonomy":"product_tag","embeddable":true,"href":"https:\/\/autopdz.com\/ar\/wp-json\/wp\/v2\/product_tag?post=2545"}],"curies":[{"name":"wp","href":"https:\/\/api.w.org\/{rel}","templated":true}]}}