{"id":25785,"date":"2025-10-19T14:44:46","date_gmt":"2025-10-19T13:44:46","guid":{"rendered":"https:\/\/autopdz.com\/product\/mini-loupe-prilight-p19-160w-17000lm-led-h4\/"},"modified":"2026-01-28T14:51:12","modified_gmt":"2026-01-28T13:51:12","slug":"mini-loupe-prilight-p19-160w-17000lm-led-h4","status":"publish","type":"product","link":"https:\/\/autopdz.com\/ar\/product\/mini-loupe-prilight-p19-160w-17000lm-led-h4\/","title":{"rendered":"Mini Loupe Prilight P19 160W 17000LM LED H4"},"content":{"rendered":"<p>PROJECTEUR \u00c0 LENTILLE LED H4<\/p>\n<p>LENTILLE DE PROJECTEUR HAUTE D\u00c9FINITION<\/p>\n<p>Concentration am\u00e9lior\u00e9e de 700 %, pour une lumi\u00e8re plus vive<\/p>\n<p>La lentille bi-optique am\u00e9liore la luminosit\u00e9 des phares<\/p>\n<p>Port\u00e9e plus longue, vision plus claire de l&rsquo;\u00e9tat de la route et conduite plus s\u00fbre<\/p>\n<p>17000LM<\/p>\n<p>160W<\/p>","protected":false},"excerpt":{"rendered":"<p>PROJECTEUR \u00c0 LENTILLE LED H4 LENTILLE DE PROJECTEUR HAUTE D\u00c9FINITION Concentration am\u00e9lior\u00e9e de 700 %, pour une lumi\u00e8re plus vive La lentille bi-optique am\u00e9liore la luminosit\u00e9 des phares Port\u00e9e plus longue, vision plus claire de l&rsquo;\u00e9tat de la route et conduite plus s\u00fbre 17000LM 160W<\/p>","protected":false},"featured_media":25784,"comment_status":"open","ping_status":"closed","template":"","meta":[],"product_brand":[],"product_cat":[23],"product_tag":[],"class_list":{"0":"post-25785","1":"product","2":"type-product","3":"status-publish","4":"has-post-thumbnail","6":"product_cat-eclairage","8":"first","9":"outofstock","10":"shipping-taxable","11":"purchasable","12":"product-type-simple"},"jetpack_sharing_enabled":true,"_links":{"self":[{"href":"https:\/\/autopdz.com\/ar\/wp-json\/wp\/v2\/product\/25785","targetHints":{"allow":["GET"]}}],"collection":[{"href":"https:\/\/autopdz.com\/ar\/wp-json\/wp\/v2\/product"}],"about":[{"href":"https:\/\/autopdz.com\/ar\/wp-json\/wp\/v2\/types\/product"}],"replies":[{"embeddable":true,"href":"https:\/\/autopdz.com\/ar\/wp-json\/wp\/v2\/comments?post=25785"}],"wp:featuredmedia":[{"embeddable":true,"href":"https:\/\/autopdz.com\/ar\/wp-json\/wp\/v2\/media\/25784"}],"wp:attachment":[{"href":"https:\/\/autopdz.com\/ar\/wp-json\/wp\/v2\/media?parent=25785"}],"wp:term":[{"taxonomy":"product_brand","embeddable":true,"href":"https:\/\/autopdz.com\/ar\/wp-json\/wp\/v2\/product_brand?post=25785"},{"taxonomy":"product_cat","embeddable":true,"href":"https:\/\/autopdz.com\/ar\/wp-json\/wp\/v2\/product_cat?post=25785"},{"taxonomy":"product_tag","embeddable":true,"href":"https:\/\/autopdz.com\/ar\/wp-json\/wp\/v2\/product_tag?post=25785"}],"curies":[{"name":"wp","href":"https:\/\/api.w.org\/{rel}","templated":true}]}}