{"id":2582,"date":"2024-06-04T12:19:25","date_gmt":"2024-06-04T11:19:25","guid":{"rendered":"https:\/\/autopdz.com\/product\/camera-de-plaque-dimmatriculation-et-detecteur-de-radar-3en1\/"},"modified":"2025-09-29T09:07:00","modified_gmt":"2025-09-29T08:07:00","slug":"camera-de-plaque-dimmatriculation-et-detecteur-de-radar-3en1","status":"publish","type":"product","link":"https:\/\/autopdz.com\/ar\/product\/camera-de-plaque-dimmatriculation-et-detecteur-de-radar-3en1\/","title":{"rendered":"Cam\u00e9ra de plaque d&rsquo;immatriculation et d\u00e9tecteur de radar 3en1"},"content":{"rendered":"<p>Cam\u00e9ra de plaque d&rsquo;immatriculation de voiture europ\u00e9enne PS 2459, cadre de plaque d&rsquo;immatriculation de voiture europ\u00e9enne Cam\u00e9ra de recul Vision nocturne \u00e0 170 degr\u00e9s avec 2 d\u00e9tecteurs de radar de recul visuel<\/p>\n<p>Caract\u00e9ristiques fonctionnelles :<br \/>\nCam\u00e9ra \u00e0 faible \u00e9clairage, l&rsquo;effet de vision nocturne est exceptionnel<br \/>\nLorsque la voiture passe la marche arri\u00e8re, le feu de recul s&rsquo;allume, le syst\u00e8me radar de d\u00e9marrage automatique<br \/>\nR\u00e9solution : 480 lignes TV<br \/>\nSon d&rsquo;alarme fort et clair, affichage de la distance d&rsquo;obstacle<\/p>\n<p>Description:<br \/>\nConception unique 2 en 1, cam\u00e9ra de recul avec syst\u00e8me de radar de stationnement<br \/>\nCam\u00e9ra de recul grand angle 170 degr\u00e9s<br \/>\nPeut \u00eatre connect\u00e9 au DVD de voiture, mise \u00e0 niveau vers le radar de recul de voiture d&rsquo;origine<br \/>\nLa fr\u00e9quence de l&rsquo;alarme varie lorsque la distance change.<br \/>\nUniversellement adapt\u00e9 \u00e0 tous les mod\u00e8les de voiture toute l&rsquo;ann\u00e9e<br \/>\nHaute clart\u00e9, vision nocturne, avec fonction de ligne de r\u00e9f\u00e9rence, facile \u00e0 installer, vous pouvez simplement bricoler<br \/>\nTension d&rsquo;alimentation : 10-15 V CC.<br \/>\nTension nominale : 12 V CC.<br \/>\nCourant de fonctionnement : 20 mA-500 mA<br \/>\nDissipation de puissance maximale : 50 mW<br \/>\nPort\u00e9e maximale d\u00e9tectable : 2,0 m<br \/>\nPort\u00e9e minimale d\u00e9tectable : 0,3 m<br \/>\nPixels : 756 * 504<br \/>\nL&rsquo;\u00e9clairage minimum: 0,1 LUX<br \/>\nR\u00e9solution : 480 lignes TV<\/p>\n<p>Dimension : 545x145mm<br \/>\nSyst\u00e8me de t\u00e9l\u00e9vision : PAL<br \/>\nVolume de l&rsquo;alarme : 85-105 dB<br \/>\nTemp\u00e9rature de fonctionnement : -40\u00b0~85\u00b0<\/p>","protected":false},"excerpt":{"rendered":"<p>Cam\u00e9ra de plaque d&rsquo;immatriculation de voiture europ\u00e9enne PS 2459, cadre de plaque d&rsquo;immatriculation de voiture europ\u00e9enne Cam\u00e9ra de recul Vision nocturne \u00e0 170 degr\u00e9s avec 2 d\u00e9tecteurs de radar de recul visuel Caract\u00e9ristiques fonctionnelles : Cam\u00e9ra \u00e0 faible \u00e9clairage, l&rsquo;effet de vision nocturne est exceptionnel Lorsque la voiture passe la marche arri\u00e8re, le feu de [&hellip;]<\/p>","protected":false},"featured_media":2579,"comment_status":"open","ping_status":"closed","template":"","meta":[],"product_brand":[],"product_cat":[26],"product_tag":[],"class_list":{"0":"post-2582","1":"product","2":"type-product","3":"status-publish","4":"has-post-thumbnail","6":"product_cat-accessoires-exterieur","8":"first","9":"outofstock","10":"shipping-taxable","11":"purchasable","12":"product-type-simple"},"jetpack_sharing_enabled":true,"_links":{"self":[{"href":"https:\/\/autopdz.com\/ar\/wp-json\/wp\/v2\/product\/2582","targetHints":{"allow":["GET"]}}],"collection":[{"href":"https:\/\/autopdz.com\/ar\/wp-json\/wp\/v2\/product"}],"about":[{"href":"https:\/\/autopdz.com\/ar\/wp-json\/wp\/v2\/types\/product"}],"replies":[{"embeddable":true,"href":"https:\/\/autopdz.com\/ar\/wp-json\/wp\/v2\/comments?post=2582"}],"wp:featuredmedia":[{"embeddable":true,"href":"https:\/\/autopdz.com\/ar\/wp-json\/wp\/v2\/media\/2579"}],"wp:attachment":[{"href":"https:\/\/autopdz.com\/ar\/wp-json\/wp\/v2\/media?parent=2582"}],"wp:term":[{"taxonomy":"product_brand","embeddable":true,"href":"https:\/\/autopdz.com\/ar\/wp-json\/wp\/v2\/product_brand?post=2582"},{"taxonomy":"product_cat","embeddable":true,"href":"https:\/\/autopdz.com\/ar\/wp-json\/wp\/v2\/product_cat?post=2582"},{"taxonomy":"product_tag","embeddable":true,"href":"https:\/\/autopdz.com\/ar\/wp-json\/wp\/v2\/product_tag?post=2582"}],"curies":[{"name":"wp","href":"https:\/\/api.w.org\/{rel}","templated":true}]}}