{"id":26709,"date":"2025-10-30T14:57:13","date_gmt":"2025-10-30T13:57:13","guid":{"rendered":"https:\/\/autopdz.com\/?post_type=product&#038;p=26709"},"modified":"2025-10-30T15:23:32","modified_gmt":"2025-10-30T14:23:32","slug":"baffe-haut-parleur-mr-smart-400-600-800-w","status":"publish","type":"product","link":"https:\/\/autopdz.com\/ar\/product\/baffe-haut-parleur-mr-smart-400-600-800-w\/","title":{"rendered":"Baffe Haut Parleur Mr Smart (400-600-800 W)"},"content":{"rendered":"<p>1. Enceinte 2 voies<\/p>\n<p>2. Puissance musicale max. 400,600,800W<\/p>\n<p>3. Puissance nominale 40,50,60 W<\/p>\n<p>4. Woofer 100,135,160 mm<\/p>\n<p>5. M\u00e9dium \u00e0 d\u00f4me 30,40mm<\/p>\n<p>6. Super tweeter 15 mm<\/p>\n<p>7. Imp\u00e9dance 4 ohms<\/p>\n<p>8. Sensibilit\u00e9 93 dB\/W (1 m)<\/p>\n<p>9. R\u00e9ponse en fr\u00e9quence 40-30 000 Hz<\/p>","protected":false},"excerpt":{"rendered":"<p>1. Enceinte 2 voies 2. Puissance musicale max. 400,600,800W 3. Puissance nominale 40,50,60 W 4. Woofer 100,135,160 mm 5. M\u00e9dium \u00e0 d\u00f4me 30,40mm 6. Super tweeter 15 mm 7. Imp\u00e9dance 4 ohms 8. Sensibilit\u00e9 93 dB\/W (1 m) 9. R\u00e9ponse en fr\u00e9quence 40-30 000 Hz<\/p>","protected":false},"featured_media":26707,"comment_status":"open","ping_status":"closed","template":"","meta":[],"product_brand":[],"product_cat":[15],"product_tag":[],"class_list":{"0":"post-26709","1":"product","2":"type-product","3":"status-publish","4":"has-post-thumbnail","6":"product_cat-divers","8":"first","9":"instock","10":"shipping-taxable","11":"purchasable","12":"product-type-variable"},"jetpack_sharing_enabled":true,"_links":{"self":[{"href":"https:\/\/autopdz.com\/ar\/wp-json\/wp\/v2\/product\/26709","targetHints":{"allow":["GET"]}}],"collection":[{"href":"https:\/\/autopdz.com\/ar\/wp-json\/wp\/v2\/product"}],"about":[{"href":"https:\/\/autopdz.com\/ar\/wp-json\/wp\/v2\/types\/product"}],"replies":[{"embeddable":true,"href":"https:\/\/autopdz.com\/ar\/wp-json\/wp\/v2\/comments?post=26709"}],"wp:featuredmedia":[{"embeddable":true,"href":"https:\/\/autopdz.com\/ar\/wp-json\/wp\/v2\/media\/26707"}],"wp:attachment":[{"href":"https:\/\/autopdz.com\/ar\/wp-json\/wp\/v2\/media?parent=26709"}],"wp:term":[{"taxonomy":"product_brand","embeddable":true,"href":"https:\/\/autopdz.com\/ar\/wp-json\/wp\/v2\/product_brand?post=26709"},{"taxonomy":"product_cat","embeddable":true,"href":"https:\/\/autopdz.com\/ar\/wp-json\/wp\/v2\/product_cat?post=26709"},{"taxonomy":"product_tag","embeddable":true,"href":"https:\/\/autopdz.com\/ar\/wp-json\/wp\/v2\/product_tag?post=26709"}],"curies":[{"name":"wp","href":"https:\/\/api.w.org\/{rel}","templated":true}]}}