{"id":26719,"date":"2025-10-30T15:36:54","date_gmt":"2025-10-30T14:36:54","guid":{"rendered":"https:\/\/autopdz.com\/product\/baffe-haut-parleur-120w-13cm\/"},"modified":"2025-11-23T09:24:06","modified_gmt":"2025-11-23T08:24:06","slug":"baffe-haut-parleur-120w-13cm","status":"publish","type":"product","link":"https:\/\/autopdz.com\/ar\/product\/baffe-haut-parleur-120w-13cm\/","title":{"rendered":"Baffe Haut Parleur 120W 13cm"},"content":{"rendered":"<p>PUISSANCE  MAX. 120 W<\/p>\n<p>PUISSANCE NOMINALE 40 W<\/p>\n<p>HAUT-PARLEUR DE GRAVES 130 mm (5&Prime;)<\/p>\n<p>HAUT-PARLEUR DE M\u00c9DIUMS 40 mm<\/p>\n<p>IMP\u00c9DANCE 4 OHMS<\/p>\n<p>SENSIBILIT\u00c9 92 dB (\u00b11,5 dB)<\/p>\n<p>R\u00c9PONSE EN FR\u00c9QUENCE 30 Hz \u00c0 36 kHz (-20 dB)<\/p>\n<p>POIDS BRUT 1,60 kg 8 oz<\/p>","protected":false},"excerpt":{"rendered":"<p>PUISSANCE MAX. 120 W PUISSANCE NOMINALE 40 W HAUT-PARLEUR DE GRAVES 130 mm (5&Prime;) HAUT-PARLEUR DE M\u00c9DIUMS 40 mm IMP\u00c9DANCE 4 OHMS SENSIBILIT\u00c9 92 dB (\u00b11,5 dB) R\u00c9PONSE EN FR\u00c9QUENCE 30 Hz \u00c0 36 kHz (-20 dB) POIDS BRUT 1,60 kg 8 oz<\/p>","protected":false},"featured_media":26718,"comment_status":"open","ping_status":"closed","template":"","meta":[],"product_brand":[],"product_cat":[24],"product_tag":[],"class_list":{"0":"post-26719","1":"product","2":"type-product","3":"status-publish","4":"has-post-thumbnail","6":"product_cat-accessoires-interieur","8":"first","9":"outofstock","10":"shipping-taxable","11":"purchasable","12":"product-type-simple"},"jetpack_sharing_enabled":true,"_links":{"self":[{"href":"https:\/\/autopdz.com\/ar\/wp-json\/wp\/v2\/product\/26719","targetHints":{"allow":["GET"]}}],"collection":[{"href":"https:\/\/autopdz.com\/ar\/wp-json\/wp\/v2\/product"}],"about":[{"href":"https:\/\/autopdz.com\/ar\/wp-json\/wp\/v2\/types\/product"}],"replies":[{"embeddable":true,"href":"https:\/\/autopdz.com\/ar\/wp-json\/wp\/v2\/comments?post=26719"}],"wp:featuredmedia":[{"embeddable":true,"href":"https:\/\/autopdz.com\/ar\/wp-json\/wp\/v2\/media\/26718"}],"wp:attachment":[{"href":"https:\/\/autopdz.com\/ar\/wp-json\/wp\/v2\/media?parent=26719"}],"wp:term":[{"taxonomy":"product_brand","embeddable":true,"href":"https:\/\/autopdz.com\/ar\/wp-json\/wp\/v2\/product_brand?post=26719"},{"taxonomy":"product_cat","embeddable":true,"href":"https:\/\/autopdz.com\/ar\/wp-json\/wp\/v2\/product_cat?post=26719"},{"taxonomy":"product_tag","embeddable":true,"href":"https:\/\/autopdz.com\/ar\/wp-json\/wp\/v2\/product_tag?post=26719"}],"curies":[{"name":"wp","href":"https:\/\/api.w.org\/{rel}","templated":true}]}}