{"id":2752,"date":"2024-06-12T18:07:21","date_gmt":"2024-06-12T17:07:21","guid":{"rendered":"https:\/\/autopdz.com\/product\/support-de-telephone-ventouse-grille-ventilation-3en1\/"},"modified":"2024-07-08T16:12:57","modified_gmt":"2024-07-08T15:12:57","slug":"support-de-telephone-ventouse-grille-ventilation-3en1","status":"publish","type":"product","link":"https:\/\/autopdz.com\/ar\/product\/support-de-telephone-ventouse-grille-ventilation-3en1\/","title":{"rendered":"Support De T\u00e9l\u00e9phone Ventouse &amp; Grille Ventilation 3en1"},"content":{"rendered":"<p>support de t\u00e9l\u00e9phone de voiture 3 en 1, support de t\u00e9l\u00e9phone pour tableau de bord, pare-brise, grille da\u00e9ration, rotation \u00e0 360 \u00b0, long bras \u00e0 ventouse forte pour support de t\u00e9l\u00e9phone (black)<\/p>\n<p>support de t\u00e9l\u00e9phone de voiture 3 en 1, support de t\u00e9l\u00e9phone pour tableau de bord, pare-brise, grille da\u00e9ration, rotation \u00e0 3[A28]<\/p>\n<p>support de t\u00e9l\u00e9phone de voiture 3 en 1, support de t\u00e9l\u00e9phone pour tableau de bord, pare-brise, grille da\u00e9ration, rotation \u00e0 3[A28]<br \/>\nsupport de t\u00e9l\u00e9phone de voiture 3 en 1, support de t\u00e9l\u00e9phone pour tableau de bord, pare-brise, grille da\u00e9ration, rotation \u00e0 3[A28]<br \/>\nsupport de t\u00e9l\u00e9phone de voiture 3 en 1, support de t\u00e9l\u00e9phone pour tableau de bord, pare-brise, grille da\u00e9ration, rotation \u00e0 3[A28]<br \/>\nsupport de t\u00e9l\u00e9phone de voiture 3 en 1, support de t\u00e9l\u00e9phone pour tableau de bord, pare-brise, grille da\u00e9ration, rotation \u00e0 3[A28]<\/p>\n<p>74,97 \u20ac<br \/>\nPrix de comparaison<br \/>\ni<br \/>\n52 \u20ac29<\/p>\n<p>Livr\u00e9 entre le 03\/07 et le 09\/07 d\u00e9tails<br \/>\nVendu et exp\u00e9di\u00e9 par bbceparis &#8211; En stock<\/p>\n<p>Voir les avis<\/p>\n<p>Partager<br \/>\nProduits similaires<br \/>\nSupport Telephone V\u00e9lo Universel, Support Telephone Moto,Trottinette \u00c9lectrique,VTT,pour 3,5 &#8211; 6,8&Prime; iPhone 14 Pro<br \/>\nSupport Telephone V\u00e9lo Universel, Support Telephone Moto,Trottinette \u00c9lectrique,VTT,pour 3,5 &#8211; 6,8&Prime; iPhone 14 Pro<br \/>\n4,5 \/ 5<br \/>\n32 avis<br \/>\n14,99 \u20ac<br \/>\nPrix de comparaison<br \/>\n9,97 \u20ac<br \/>\nSupport Telephone Voiture Grille a\u00e9ration, Porte Telephone Voiture Tableau de Bord Rotation 360\u00b0 pour iPhone Samsung Xiaomi -Noir<br \/>\nSupport Telephone Voiture Grille a\u00e9ration, Porte Telephone Voiture Tableau de Bord Rotation 360\u00b0 pour iPhone Samsung Xiaomi -Noir<br \/>\n4,6 \/ 5<br \/>\n118 avis<br \/>\n21,88 \u20ac<br \/>\nPrix de comparaison<br \/>\n12,84 \u20ac<br \/>\nSupport Telephone Voiture,3 en 1 Universel Porte Telephone Voiture Tableau de Bord Rotation 360\u00b0pour Smartphones iPhone ect<br \/>\n5 \/ 5<br \/>\n3 avis<br \/>\n11,99 \u20ac<br \/>\nTikawi x2 Support T\u00e9l\u00e9phone Voiture Magn\u00e9tique UNIVERSEL (Samsung \/ IPhone \/ Etc) Tableau de Bord &#8211; Support Portable Noir \/ Silver<br \/>\n4,4 \/ 5<br \/>\n240 avis<br \/>\n20,00 \u20ac<br \/>\nPrix de comparaison<br \/>\n10,99 \u20ac<br \/>\nSupport T\u00e9l\u00e9phone Voiture Ventouse pour Tableau de Bord Pare-Brise, Support Voiture Rotation 360\u00b0 Bras Prolong\u00e9 Angle T\u00e9lescopique<br \/>\n4,3 \/ 5<br \/>\n11 avis<br \/>\n5,49 \u20ac<br \/>\nSupport Telephone Voiture,3 en 1 Universel Porte Telephone Voiture Tableau de Bord Rotation 360\u00b0pour Smartphones iPhone Kindle<br \/>\n4,4 \/ 5<br \/>\n13 avis<br \/>\n12,99 \u20ac<br \/>\nSupport Telephone Voiture Grille d\u2019a\u00e9ration Universel Porte Telephone Voiture Tableau de Bord pour iPhone Samsung<br \/>\n4,8 \/ 5<br \/>\n17 avis<br \/>\n23,67 \u20ac<br \/>\nPrix de comparaison<br \/>\n9,98 \u20ac<br \/>\nSupport de t\u00e9l\u00e9phone de voiture \u00e0 ventouse M4, Rotation 360\u00b0 deux en un [sortie d&rsquo;air + ventouse]<br \/>\n4,3 \/ 5<br \/>\n49 avis<br \/>\n18,99 \u20ac<br \/>\nPrix de comparaison<br \/>\n12,99 \u20ac<br \/>\nSupport universel de t\u00e9l\u00e9phone portable pour voiture avec crochet, fixation sur grille d&rsquo;a\u00e9ration, socle noir BLACK<br \/>\n4,6 \/ 5<br \/>\n26 avis<br \/>\n33,12 \u20ac<br \/>\nPrix de comparaison<br \/>\n9,98 \u20ac<br \/>\nSupport T\u00e9l\u00e9phone Voiture Ventouse, Pour Tableau de Bord Pare-Brise, Rotation 360\u00b0,Un Bouton de Lib\u00e9ration, libre et r\u00e9tractable<br \/>\n99,00 \u20ac<br \/>\nPrix de comparaison<br \/>\n6,99 \u20ac<br \/>\nSupport t\u00e9l\u00e9phonique pour la voiture &#8211; Sur le pare-brise ou le tableau de bord &#8211; Noir<br \/>\n4,2 \/ 5<br \/>\n285 avis<br \/>\n56,00 \u20ac<br \/>\nPrix de comparaison<br \/>\n4,98 \u20ac<br \/>\nSupport Telephone Voiture, Rotation 360\u00b0 Support Telephone Voiture Ventouse pour Tableau de Bord &amp; Pare-Brise<br \/>\n4,1 \/ 5<br \/>\n11 avis<br \/>\n11,99 \u20ac<br \/>\nSupport de t\u00e9l\u00e9phone magn\u00e9tique universel pour le tableau de bord de la voiture &#8211; Noir (Samsung \/ iPhone Etc)<br \/>\n4 \/ 5<br \/>\n6 avis<br \/>\n15,99 \u20ac<br \/>\nPrix de comparaison<br \/>\n10,99 \u20ac<br \/>\nSupport de t\u00e9l\u00e9phone portable pour voiture LCC\u00ae Convient aux t\u00e9l\u00e9phones de 3 \u00e0 6,5 pouces Rotation \u00e0 360 Durable<br \/>\n4,2 \/ 5<br \/>\n106 avis<br \/>\n50,70 \u20ac<br \/>\nPrix de comparaison<br \/>\n16,90 \u20ac<br \/>\nsupport voiture t\u00e9l\u00e9phone TD\u00ae vitre pare-brise fixation solide multi surface \u00e0 ventouse camion \u00e0 fixation rotative distance<br \/>\n4,5 \/ 5<br \/>\n11 avis<br \/>\n66,72 \u20ac<br \/>\nPrix de comparaison<br \/>\n22,24 \u20ac<br \/>\nAWESAFE Support T\u00e9l\u00e9phone Voiture [Clip Militaire] Porte T\u00e9l\u00e9phone Voiture Rotatif \u00e0 360\u00b0 pour Smartphone iPhone Android (Gris)<br \/>\n4,7 \/ 5<br \/>\n42 avis<br \/>\n8,39 \u20ac<br \/>\nPrix de comparaison<br \/>\n5,99 \u20ac<br \/>\nTikawi x1 Support T\u00e9l\u00e9phone Voiture Magn\u00e9tique UNIVERSEL (Samsung \/ IPhone \/ Etc) Tableau de Bord &#8211; Support Portable Noir<br \/>\n4,4 \/ 5<br \/>\n240 avis<br \/>\n15,00 \u20ac<br \/>\nPrix de comparaison<br \/>\n7,99 \u20ac<br \/>\nSupport Telephone Voiture Universel 3 en 1 -Super stabilit\u00e9 forte ventouse &#8211; Rotation r\u00e9tractable de 360\u00b0pour Xiaomi,Huawei etc<br \/>\n3,9 \/ 5<br \/>\n9 avis<br \/>\n12,99 \u20ac<br \/>\nTikawi x2 Supports T\u00e9l\u00e9phone Voiture Noir Magn\u00e9tique UNIVERSEL (Samsung \/ IPhone \/ Etc) Tableau de Bord &#8211; Support Portable Black<br \/>\n4,4 \/ 5<br \/>\n240 avis<br \/>\n20,00 \u20ac<br \/>\nPrix de comparaison<br \/>\n10,99 \u20ac<br \/>\nSponsoris\u00e9?<\/p>\n<p>Descriptif technique<br \/>\nsupport de t\u00e9l\u00e9phone de voiture 3 en 1, support de t\u00e9l\u00e9phone pour tableau de bord, pare-brise, grille da\u00e9ration, rotation \u00e0 360 \u00b0, long bras \u00e0 ventouse forte pour support de t\u00e9l\u00e9phone (black)<\/p>\n<p>Autres caract\u00e9ristiques<br \/>\nSUPPORT TELEPHONE \u3010Support de t\u00e9l\u00e9phone de voiture stable et s\u00e9curitaire\u3011 Ventouse adh\u00e9sive super puissante, et m\u00e9canisme de verrouillage en 2 \u00e9tapes offrent une puissance d&rsquo;aspiration extr\u00eamement forte. Il peut rester en toute s\u00e9curit\u00e9 dans la voiture. Le coussinet suppl\u00e9mentaire pour tableau de bord fournit une surface lisse. Le support de voiture peut rester plus fermement et en toute s\u00e9curit\u00e9. Le clip extr\u00eamement flexible pour grille d&rsquo;a\u00e9ration s&rsquo;adapte \u00e0 la plupart des voitures ; le silicone sur le clip aide ce support de t\u00e9l\u00e9phone \u00e0 tenir fermement sur la grille d&rsquo;a\u00e9ration et prot\u00e8ge les lames des rayures.<\/p>","protected":false},"excerpt":{"rendered":"<p>support de t\u00e9l\u00e9phone de voiture 3 en 1, support de t\u00e9l\u00e9phone pour tableau de bord, pare-brise, grille da\u00e9ration, rotation \u00e0 360 \u00b0, long bras \u00e0 ventouse forte pour support de t\u00e9l\u00e9phone (black) support de t\u00e9l\u00e9phone de voiture 3 en 1, support de t\u00e9l\u00e9phone pour tableau de bord, pare-brise, grille da\u00e9ration, rotation \u00e0 3[A28] support de [&hellip;]<\/p>","protected":false},"featured_media":2751,"comment_status":"open","ping_status":"closed","template":"","meta":[],"product_brand":[],"product_cat":[38],"product_tag":[],"class_list":{"0":"post-2752","1":"product","2":"type-product","3":"status-publish","4":"has-post-thumbnail","6":"product_cat-support-telephone","8":"first","9":"outofstock","10":"shipping-taxable","11":"purchasable","12":"product-type-simple"},"jetpack_sharing_enabled":true,"_links":{"self":[{"href":"https:\/\/autopdz.com\/ar\/wp-json\/wp\/v2\/product\/2752","targetHints":{"allow":["GET"]}}],"collection":[{"href":"https:\/\/autopdz.com\/ar\/wp-json\/wp\/v2\/product"}],"about":[{"href":"https:\/\/autopdz.com\/ar\/wp-json\/wp\/v2\/types\/product"}],"replies":[{"embeddable":true,"href":"https:\/\/autopdz.com\/ar\/wp-json\/wp\/v2\/comments?post=2752"}],"wp:featuredmedia":[{"embeddable":true,"href":"https:\/\/autopdz.com\/ar\/wp-json\/wp\/v2\/media\/2751"}],"wp:attachment":[{"href":"https:\/\/autopdz.com\/ar\/wp-json\/wp\/v2\/media?parent=2752"}],"wp:term":[{"taxonomy":"product_brand","embeddable":true,"href":"https:\/\/autopdz.com\/ar\/wp-json\/wp\/v2\/product_brand?post=2752"},{"taxonomy":"product_cat","embeddable":true,"href":"https:\/\/autopdz.com\/ar\/wp-json\/wp\/v2\/product_cat?post=2752"},{"taxonomy":"product_tag","embeddable":true,"href":"https:\/\/autopdz.com\/ar\/wp-json\/wp\/v2\/product_tag?post=2752"}],"curies":[{"name":"wp","href":"https:\/\/api.w.org\/{rel}","templated":true}]}}