{"id":2757,"date":"2024-06-12T18:17:09","date_gmt":"2024-06-12T17:17:09","guid":{"rendered":"https:\/\/autopdz.com\/product\/convertisseur-de-tension-en-voiture-avec-surveillance-de-puissance-150w\/"},"modified":"2025-01-31T23:42:58","modified_gmt":"2025-01-31T22:42:58","slug":"convertisseur-de-tension-en-voiture-avec-surveillance-de-puissance-150w","status":"publish","type":"product","link":"https:\/\/autopdz.com\/ar\/product\/convertisseur-de-tension-en-voiture-avec-surveillance-de-puissance-150w\/","title":{"rendered":"Convertisseur de tension en voiture avec surveillance de puissance 150W"},"content":{"rendered":"<p>L\u2019onduleur de tension de 150 watts convertit 12 volts en \u00e9nergie polyvalente. Equip\u00e9 de 2 ports USB et 1 port Type C, il permet de recharger des appareils \u00e9lectroniques n\u2019importe o\u00f9. Parfait pour les voyages et les urgences, alimentation pratique \u00e0 partir d\u2019une batterie de voiture ou d\u2019un autre 12 volts<br \/>\nSurveillance en temps r\u00e9el<br \/>\nAiguiseur de protection \u00e0 r\u00e9sistance unique 75N<br \/>\nProtection de court circuit<br \/>\nProtection contre la surchauffe<br \/>\nProtection contre les surintensit\u00e9s<br \/>\nProtection de surcharge<br \/>\nProtection de survoltage<br \/>\nProtection basse tension<\/p>","protected":false},"excerpt":{"rendered":"<p>L\u2019onduleur de tension de 150 watts convertit 12 volts en \u00e9nergie polyvalente. Equip\u00e9 de 2 ports USB et 1 port Type C, il permet de recharger des appareils \u00e9lectroniques n\u2019importe o\u00f9. Parfait pour les voyages et les urgences, alimentation pratique \u00e0 partir d\u2019une batterie de voiture ou d\u2019un autre 12 volts Surveillance en temps r\u00e9el [&hellip;]<\/p>","protected":false},"featured_media":11308,"comment_status":"open","ping_status":"closed","template":"","meta":[],"product_brand":[],"product_cat":[15],"product_tag":[],"class_list":{"0":"post-2757","1":"product","2":"type-product","3":"status-publish","4":"has-post-thumbnail","6":"product_cat-divers","8":"first","9":"instock","10":"shipping-taxable","11":"purchasable","12":"product-type-simple"},"jetpack_sharing_enabled":true,"_links":{"self":[{"href":"https:\/\/autopdz.com\/ar\/wp-json\/wp\/v2\/product\/2757","targetHints":{"allow":["GET"]}}],"collection":[{"href":"https:\/\/autopdz.com\/ar\/wp-json\/wp\/v2\/product"}],"about":[{"href":"https:\/\/autopdz.com\/ar\/wp-json\/wp\/v2\/types\/product"}],"replies":[{"embeddable":true,"href":"https:\/\/autopdz.com\/ar\/wp-json\/wp\/v2\/comments?post=2757"}],"wp:featuredmedia":[{"embeddable":true,"href":"https:\/\/autopdz.com\/ar\/wp-json\/wp\/v2\/media\/11308"}],"wp:attachment":[{"href":"https:\/\/autopdz.com\/ar\/wp-json\/wp\/v2\/media?parent=2757"}],"wp:term":[{"taxonomy":"product_brand","embeddable":true,"href":"https:\/\/autopdz.com\/ar\/wp-json\/wp\/v2\/product_brand?post=2757"},{"taxonomy":"product_cat","embeddable":true,"href":"https:\/\/autopdz.com\/ar\/wp-json\/wp\/v2\/product_cat?post=2757"},{"taxonomy":"product_tag","embeddable":true,"href":"https:\/\/autopdz.com\/ar\/wp-json\/wp\/v2\/product_tag?post=2757"}],"curies":[{"name":"wp","href":"https:\/\/api.w.org\/{rel}","templated":true}]}}