{"id":2761,"date":"2024-06-12T18:26:05","date_gmt":"2024-06-12T17:26:05","guid":{"rendered":"https:\/\/autopdz.com\/product\/super-colle-adhesif-rapide-et-universel-activateur-adhesif-rapide-mdf-200ml50g\/"},"modified":"2024-06-12T18:26:05","modified_gmt":"2024-06-12T17:26:05","slug":"super-colle-adhesif-rapide-et-universel-activateur-adhesif-rapide-mdf-200ml50g","status":"publish","type":"product","link":"https:\/\/autopdz.com\/ar\/product\/super-colle-adhesif-rapide-et-universel-activateur-adhesif-rapide-mdf-200ml50g\/","title":{"rendered":"Super colle, Adh\u00e9sif rapide et universel + activateur Adh\u00e9sif rapide MDF, 200ml+50g"},"content":{"rendered":"<p>Super colle, Adh\u00e9sif rapide et universel + activateur Adh\u00e9sif rapide MDF, 200ml+50g<\/p>\n<p>MDF cyanoacrylate est un ensemble compos\u00e9 d&rsquo;activateur d&rsquo;adh\u00e9sif et de viscosit\u00e9 \u00e9lev\u00e9e. Force d&rsquo;adh\u00e9rence \u00e9lev\u00e9e, facile \u00e0 appliquer, appropri\u00e9 pour une utilisation sur une surface verticale, s\u00e8che rapidement, sp\u00e9cialement utilis\u00e9 sur les surfaces poreux.<\/p>\n<p>Securit\u00e9:<br \/>\nInflammable et facilement combustible. Tenir hors de port\u00e9e des enfants. Ne pas inhaler. Ne pas fumer \u00e0 proximit\u00e9, \u00e9viter les temp\u00e9ratures \u00e9lev\u00e9es, les \u00e9tincelles et le feu. La d\u00e9glutition est tr\u00e8s dangereuse. Eviter le contact avec la peau et les yeux. En cas de contact avec la peau laver abondamment avec de l\u2019eau. En cas de d\u00e9glutition, contacter imm\u00e9diatement un m\u00e9decin.<\/p>\n<p>Temps de conservation:<br \/>\nLa date de fabrication et de p\u00e9remption se trouve sur le produit.<\/p>\n<p>Applications:<br \/>\nColler, r\u00e9parer et fixer des \u00e9l\u00e9ments en bois, tels que: MDF, tous type de bois, caoutchouc, cuir, verre aluminium, m\u00e9tal et la plupart des plastiques. L\u2019activateur rapide cyanoacrylate sert \u00e0 acc\u00e9l\u00e9rer la prise de la colle.<\/p>\n<p>Mode d\u2019emploi:<br \/>\nLes surfaces doivent \u00eatre propres, secs, d\u00e9poussi\u00e9r\u00e9s et d\u00e9graiss\u00e9s. Pulv\u00e9riser l&rsquo;activateur sur l\u2019une des surfaces, laisser s\u2019\u00e9vaporer. Appliquer la colle sur l\u2019autre surface. Assembler les pi\u00e8ces et tenir presser pendant quelques secondes.<\/p>","protected":false},"excerpt":{"rendered":"<p>Super colle, Adh\u00e9sif rapide et universel + activateur Adh\u00e9sif rapide MDF, 200ml+50g MDF cyanoacrylate est un ensemble compos\u00e9 d&rsquo;activateur d&rsquo;adh\u00e9sif et de viscosit\u00e9 \u00e9lev\u00e9e. Force d&rsquo;adh\u00e9rence \u00e9lev\u00e9e, facile \u00e0 appliquer, appropri\u00e9 pour une utilisation sur une surface verticale, s\u00e8che rapidement, sp\u00e9cialement utilis\u00e9 sur les surfaces poreux. Securit\u00e9: Inflammable et facilement combustible. Tenir hors de port\u00e9e [&hellip;]<\/p>","protected":false},"featured_media":2759,"comment_status":"open","ping_status":"closed","template":"","meta":[],"product_brand":[],"product_cat":[15],"product_tag":[],"class_list":{"0":"post-2761","1":"product","2":"type-product","3":"status-publish","4":"has-post-thumbnail","6":"product_cat-divers","8":"first","9":"instock","10":"shipping-taxable","11":"purchasable","12":"product-type-simple"},"jetpack_sharing_enabled":true,"_links":{"self":[{"href":"https:\/\/autopdz.com\/ar\/wp-json\/wp\/v2\/product\/2761","targetHints":{"allow":["GET"]}}],"collection":[{"href":"https:\/\/autopdz.com\/ar\/wp-json\/wp\/v2\/product"}],"about":[{"href":"https:\/\/autopdz.com\/ar\/wp-json\/wp\/v2\/types\/product"}],"replies":[{"embeddable":true,"href":"https:\/\/autopdz.com\/ar\/wp-json\/wp\/v2\/comments?post=2761"}],"wp:featuredmedia":[{"embeddable":true,"href":"https:\/\/autopdz.com\/ar\/wp-json\/wp\/v2\/media\/2759"}],"wp:attachment":[{"href":"https:\/\/autopdz.com\/ar\/wp-json\/wp\/v2\/media?parent=2761"}],"wp:term":[{"taxonomy":"product_brand","embeddable":true,"href":"https:\/\/autopdz.com\/ar\/wp-json\/wp\/v2\/product_brand?post=2761"},{"taxonomy":"product_cat","embeddable":true,"href":"https:\/\/autopdz.com\/ar\/wp-json\/wp\/v2\/product_cat?post=2761"},{"taxonomy":"product_tag","embeddable":true,"href":"https:\/\/autopdz.com\/ar\/wp-json\/wp\/v2\/product_tag?post=2761"}],"curies":[{"name":"wp","href":"https:\/\/api.w.org\/{rel}","templated":true}]}}