{"id":27649,"date":"2025-11-10T14:40:25","date_gmt":"2025-11-10T13:40:25","guid":{"rendered":"https:\/\/autopdz.com\/?post_type=product&#038;p=27649"},"modified":"2025-11-10T14:42:29","modified_gmt":"2025-11-10T13:42:29","slug":"embout-dechappement-en-acier-inoxydable-noir-chrome","status":"publish","type":"product","link":"https:\/\/autopdz.com\/ar\/product\/embout-dechappement-en-acier-inoxydable-noir-chrome\/","title":{"rendered":"Embout d&rsquo;\u00e9chappement en acier inoxydable Noir\/Chrom\u00e9"},"content":{"rendered":"<p>Embout de silencieux, chrom\u00e9 en acier inoxydable r\u00e9sistant aux acides<\/p>\n<p>Montage rapide et facile par serrage de colliers sp\u00e9ciaux (v\u00e9rifier le serrage apr\u00e8s 500-1000 km). L&#8217;embout peut \u00e9galement \u00eatre mont\u00e9 de mani\u00e8re permanente par soudage.<\/p>\n<p>Diam\u00e8tre de montage : 48 &#8211; 65 mm<\/p>","protected":false},"excerpt":{"rendered":"<p>Embout de silencieux, chrom\u00e9 en acier inoxydable r\u00e9sistant aux acides Montage rapide et facile par serrage de colliers sp\u00e9ciaux (v\u00e9rifier le serrage apr\u00e8s 500-1000 km). L&#8217;embout peut \u00e9galement \u00eatre mont\u00e9 de mani\u00e8re permanente par soudage. Diam\u00e8tre de montage : 48 &#8211; 65 mm<\/p>","protected":false},"featured_media":27645,"comment_status":"open","ping_status":"closed","template":"","meta":[],"product_brand":[],"product_cat":[26],"product_tag":[],"class_list":{"0":"post-27649","1":"product","2":"type-product","3":"status-publish","4":"has-post-thumbnail","6":"product_cat-accessoires-exterieur","8":"first","9":"instock","10":"shipping-taxable","11":"purchasable","12":"product-type-variable"},"jetpack_sharing_enabled":true,"_links":{"self":[{"href":"https:\/\/autopdz.com\/ar\/wp-json\/wp\/v2\/product\/27649","targetHints":{"allow":["GET"]}}],"collection":[{"href":"https:\/\/autopdz.com\/ar\/wp-json\/wp\/v2\/product"}],"about":[{"href":"https:\/\/autopdz.com\/ar\/wp-json\/wp\/v2\/types\/product"}],"replies":[{"embeddable":true,"href":"https:\/\/autopdz.com\/ar\/wp-json\/wp\/v2\/comments?post=27649"}],"wp:featuredmedia":[{"embeddable":true,"href":"https:\/\/autopdz.com\/ar\/wp-json\/wp\/v2\/media\/27645"}],"wp:attachment":[{"href":"https:\/\/autopdz.com\/ar\/wp-json\/wp\/v2\/media?parent=27649"}],"wp:term":[{"taxonomy":"product_brand","embeddable":true,"href":"https:\/\/autopdz.com\/ar\/wp-json\/wp\/v2\/product_brand?post=27649"},{"taxonomy":"product_cat","embeddable":true,"href":"https:\/\/autopdz.com\/ar\/wp-json\/wp\/v2\/product_cat?post=27649"},{"taxonomy":"product_tag","embeddable":true,"href":"https:\/\/autopdz.com\/ar\/wp-json\/wp\/v2\/product_tag?post=27649"}],"curies":[{"name":"wp","href":"https:\/\/api.w.org\/{rel}","templated":true}]}}