{"id":2767,"date":"2024-06-12T18:32:29","date_gmt":"2024-06-12T17:32:29","guid":{"rendered":"https:\/\/autopdz.com\/product\/support-smartphone-grille-ventilation-kaku\/"},"modified":"2024-12-18T13:43:42","modified_gmt":"2024-12-18T12:43:42","slug":"support-smartphone-grille-ventilation-kaku","status":"publish","type":"product","link":"https:\/\/autopdz.com\/ar\/product\/support-smartphone-grille-ventilation-kaku\/","title":{"rendered":"Support Smartphone Grille Ventilation KAKU"},"content":{"rendered":"<p>Support de t\u00e9l\u00e9phone pour voiture<\/p>\n<p>Mati\u00e8re: Plastique ABS<\/p>\n<p>Taille : 135*66*73 mm<br \/>\nCouleur: Noir<\/p>","protected":false},"excerpt":{"rendered":"<p>Support de t\u00e9l\u00e9phone pour voiture Mati\u00e8re: Plastique ABS Taille : 135*66*73 mm Couleur: Noir<\/p>","protected":false},"featured_media":2763,"comment_status":"open","ping_status":"closed","template":"","meta":[],"product_brand":[],"product_cat":[38],"product_tag":[],"class_list":{"0":"post-2767","1":"product","2":"type-product","3":"status-publish","4":"has-post-thumbnail","6":"product_cat-support-telephone","8":"first","9":"outofstock","10":"shipping-taxable","11":"purchasable","12":"product-type-simple"},"jetpack_sharing_enabled":true,"_links":{"self":[{"href":"https:\/\/autopdz.com\/ar\/wp-json\/wp\/v2\/product\/2767","targetHints":{"allow":["GET"]}}],"collection":[{"href":"https:\/\/autopdz.com\/ar\/wp-json\/wp\/v2\/product"}],"about":[{"href":"https:\/\/autopdz.com\/ar\/wp-json\/wp\/v2\/types\/product"}],"replies":[{"embeddable":true,"href":"https:\/\/autopdz.com\/ar\/wp-json\/wp\/v2\/comments?post=2767"}],"wp:featuredmedia":[{"embeddable":true,"href":"https:\/\/autopdz.com\/ar\/wp-json\/wp\/v2\/media\/2763"}],"wp:attachment":[{"href":"https:\/\/autopdz.com\/ar\/wp-json\/wp\/v2\/media?parent=2767"}],"wp:term":[{"taxonomy":"product_brand","embeddable":true,"href":"https:\/\/autopdz.com\/ar\/wp-json\/wp\/v2\/product_brand?post=2767"},{"taxonomy":"product_cat","embeddable":true,"href":"https:\/\/autopdz.com\/ar\/wp-json\/wp\/v2\/product_cat?post=2767"},{"taxonomy":"product_tag","embeddable":true,"href":"https:\/\/autopdz.com\/ar\/wp-json\/wp\/v2\/product_tag?post=2767"}],"curies":[{"name":"wp","href":"https:\/\/api.w.org\/{rel}","templated":true}]}}