{"id":2789,"date":"2024-06-12T18:57:01","date_gmt":"2024-06-12T17:57:01","guid":{"rendered":"https:\/\/autopdz.com\/product\/couvrecle-de-haute-qualite-pour-cle-telecommande-chery-3-boutons\/"},"modified":"2024-06-12T19:24:05","modified_gmt":"2024-06-12T18:24:05","slug":"couvrecle-de-haute-qualite-pour-cle-telecommande-chery-3-boutons","status":"publish","type":"product","link":"https:\/\/autopdz.com\/ar\/product\/couvrecle-de-haute-qualite-pour-cle-telecommande-chery-3-boutons\/","title":{"rendered":"Couvre cl\u00e9 de haute qualit\u00e9 pour t\u00e9l\u00e9commande Chery, 3 boutons"},"content":{"rendered":"<p>Design \u00e9l\u00e9gant : avec des bords dor\u00e9s luxueux, l&rsquo;\u00e9tui pour cl\u00e9 orne votre cl\u00e9 comme neuve et \u00e9l\u00e9gante, n&rsquo;affecte pas les signaux du porte-cl\u00e9s et les performances de la cl\u00e9.<br \/>\nMat\u00e9riau : fabriqu\u00e9 en Nano flexible et durable avec une sensation douce au toucher, il a une ouverture de moule 1:1 avec un placement pr\u00e9cis des boutons, con\u00e7u sur mesure pour votre porte-cl\u00e9s.<\/p>\n<p>Caract\u00e9ristiques de la coque en TPU de haute qualit\u00e9 :<\/p>\n<p>\u2022 Cette housse de porte-cl\u00e9s n&rsquo;affectera pas le signal de la cl\u00e9, le capteur n&rsquo;est pas limit\u00e9, cela n&rsquo;affectera pas votre utilisation quotidienne.<br \/>\n\u2022 Cache-cl\u00e9 en nano-mat\u00e9riau, aspect doux, design \u00e9l\u00e9gant, tr\u00e8s r\u00e9sistant.<br \/>\n\u2022 Prot\u00e9gez enti\u00e8rement vos cl\u00e9s de voiture contre les chutes, les chocs et les rayures.<br \/>\n\u2022 Il s&rsquo;agit d&rsquo;un produit non OEM, accessoire UNIQUEMENT !<\/p>","protected":false},"excerpt":{"rendered":"<p>Design \u00e9l\u00e9gant : avec des bords dor\u00e9s luxueux, l&rsquo;\u00e9tui pour cl\u00e9 orne votre cl\u00e9 comme neuve et \u00e9l\u00e9gante, n&rsquo;affecte pas les signaux du porte-cl\u00e9s et les performances de la cl\u00e9. Mat\u00e9riau : fabriqu\u00e9 en Nano flexible et durable avec une sensation douce au toucher, il a une ouverture de moule 1:1 avec un placement pr\u00e9cis [&hellip;]<\/p>","protected":false},"featured_media":2788,"comment_status":"open","ping_status":"closed","template":"","meta":[],"product_brand":[],"product_cat":[15],"product_tag":[],"class_list":{"0":"post-2789","1":"product","2":"type-product","3":"status-publish","4":"has-post-thumbnail","6":"product_cat-divers","8":"first","9":"instock","10":"shipping-taxable","11":"purchasable","12":"product-type-simple"},"jetpack_sharing_enabled":true,"_links":{"self":[{"href":"https:\/\/autopdz.com\/ar\/wp-json\/wp\/v2\/product\/2789","targetHints":{"allow":["GET"]}}],"collection":[{"href":"https:\/\/autopdz.com\/ar\/wp-json\/wp\/v2\/product"}],"about":[{"href":"https:\/\/autopdz.com\/ar\/wp-json\/wp\/v2\/types\/product"}],"replies":[{"embeddable":true,"href":"https:\/\/autopdz.com\/ar\/wp-json\/wp\/v2\/comments?post=2789"}],"wp:featuredmedia":[{"embeddable":true,"href":"https:\/\/autopdz.com\/ar\/wp-json\/wp\/v2\/media\/2788"}],"wp:attachment":[{"href":"https:\/\/autopdz.com\/ar\/wp-json\/wp\/v2\/media?parent=2789"}],"wp:term":[{"taxonomy":"product_brand","embeddable":true,"href":"https:\/\/autopdz.com\/ar\/wp-json\/wp\/v2\/product_brand?post=2789"},{"taxonomy":"product_cat","embeddable":true,"href":"https:\/\/autopdz.com\/ar\/wp-json\/wp\/v2\/product_cat?post=2789"},{"taxonomy":"product_tag","embeddable":true,"href":"https:\/\/autopdz.com\/ar\/wp-json\/wp\/v2\/product_tag?post=2789"}],"curies":[{"name":"wp","href":"https:\/\/api.w.org\/{rel}","templated":true}]}}