{"id":2799,"date":"2024-06-12T19:10:38","date_gmt":"2024-06-12T18:10:38","guid":{"rendered":"https:\/\/autopdz.com\/product\/couvrecle-hautte-qualite-pour-fiat-500\/"},"modified":"2024-06-12T19:10:47","modified_gmt":"2024-06-12T18:10:47","slug":"couvrecle-hautte-qualite-pour-fiat-500","status":"publish","type":"product","link":"https:\/\/autopdz.com\/ar\/product\/couvrecle-hautte-qualite-pour-fiat-500\/","title":{"rendered":"Couvre cl\u00e9 Hautte qualit\u00e9 pour Fiat 500"},"content":{"rendered":"<p>Le bo\u00eetier de cl\u00e9 en TPU s&rsquo;adapte directement sur votre porte-cl\u00e9s, pas besoin de d\u00e9visser la coque pr\u00e9c\u00e9dente. FACILE \u00c0 NETTOYER EN RIN\u00c7ANT JUSTE LE CAS AVEC DE L&rsquo;EAU AIDE \u00c0 CACHER L&rsquo;USURE PR\u00c9C\u00c9DENTE ET LES AUTRES IMPERFECTIONS   PROT\u00c8GE VOS CL\u00c9S FIAT DE : RAYURES R\u00c9SISTE \u00c0 L&rsquo;IMPACT DE LAISSER VOS CL\u00c9S POUR \u00c9VITER LES DOMMAGES FISSURES USURE ET D\u00c9CHIRURE HAUTEMENT DURABLE ET LONGUE DUR\u00c9E SALET\u00c9 EAU DE PLUIE  MERCI.<\/p>","protected":false},"excerpt":{"rendered":"<p>Le bo\u00eetier de cl\u00e9 en TPU s&rsquo;adapte directement sur votre porte-cl\u00e9s, pas besoin de d\u00e9visser la coque pr\u00e9c\u00e9dente. FACILE \u00c0 NETTOYER EN RIN\u00c7ANT JUSTE LE CAS AVEC DE L&rsquo;EAU AIDE \u00c0 CACHER L&rsquo;USURE PR\u00c9C\u00c9DENTE ET LES AUTRES IMPERFECTIONS PROT\u00c8GE VOS CL\u00c9S FIAT DE : RAYURES R\u00c9SISTE \u00c0 L&rsquo;IMPACT DE LAISSER VOS CL\u00c9S POUR \u00c9VITER LES [&hellip;]<\/p>","protected":false},"featured_media":2795,"comment_status":"open","ping_status":"closed","template":"","meta":[],"product_brand":[],"product_cat":[15],"product_tag":[],"class_list":{"0":"post-2799","1":"product","2":"type-product","3":"status-publish","4":"has-post-thumbnail","6":"product_cat-divers","8":"first","9":"instock","10":"shipping-taxable","11":"purchasable","12":"product-type-simple"},"jetpack_sharing_enabled":true,"_links":{"self":[{"href":"https:\/\/autopdz.com\/ar\/wp-json\/wp\/v2\/product\/2799","targetHints":{"allow":["GET"]}}],"collection":[{"href":"https:\/\/autopdz.com\/ar\/wp-json\/wp\/v2\/product"}],"about":[{"href":"https:\/\/autopdz.com\/ar\/wp-json\/wp\/v2\/types\/product"}],"replies":[{"embeddable":true,"href":"https:\/\/autopdz.com\/ar\/wp-json\/wp\/v2\/comments?post=2799"}],"wp:featuredmedia":[{"embeddable":true,"href":"https:\/\/autopdz.com\/ar\/wp-json\/wp\/v2\/media\/2795"}],"wp:attachment":[{"href":"https:\/\/autopdz.com\/ar\/wp-json\/wp\/v2\/media?parent=2799"}],"wp:term":[{"taxonomy":"product_brand","embeddable":true,"href":"https:\/\/autopdz.com\/ar\/wp-json\/wp\/v2\/product_brand?post=2799"},{"taxonomy":"product_cat","embeddable":true,"href":"https:\/\/autopdz.com\/ar\/wp-json\/wp\/v2\/product_cat?post=2799"},{"taxonomy":"product_tag","embeddable":true,"href":"https:\/\/autopdz.com\/ar\/wp-json\/wp\/v2\/product_tag?post=2799"}],"curies":[{"name":"wp","href":"https:\/\/api.w.org\/{rel}","templated":true}]}}