{"id":2810,"date":"2024-06-13T18:54:21","date_gmt":"2024-06-13T17:54:21","guid":{"rendered":"https:\/\/autopdz.com\/?post_type=product&#038;p=2810"},"modified":"2026-02-11T15:33:51","modified_gmt":"2026-02-11T14:33:51","slug":"porte-cle-laniere-en-suede-cuir-et-metal-avec-logo","status":"publish","type":"product","link":"https:\/\/autopdz.com\/ar\/product\/porte-cle-laniere-en-suede-cuir-et-metal-avec-logo\/","title":{"rendered":"Porte-cl\u00e9 lani\u00e8re en fibre de carbon  et m\u00e9tal avec Logo"},"content":{"rendered":"<p>Logo de voiture porte-cl\u00e9s en carbon boucle en m\u00e9tal porte-cl\u00e9s anneaux<\/p>\n<p>Couleur : Noir<br \/>\nStyle : neutre<br \/>\nCat\u00e9gorie : porte-cl\u00e9s logo voiture<br \/>\nTaille : 2 cm X 2,5 cm X 13,3 cm<br \/>\nEmballage : 1 x porte-cl\u00e9s de voiture<\/p>\n<p>Caract\u00e9ristiques:<br \/>\n\u00c0 la mode et durable<br \/>\nau milieu du m\u00e9tal et gaufrage du logo de la voiture sur le fibre de carbon \u3002<br \/>\nFabriqu\u00e9 en alliage de m\u00e9tal de haute qualit\u00e9 avec une duret\u00e9 et une qualit\u00e9 \u00e9lev\u00e9es.<br \/>\nfibre de carbon avec un bon sens du toucher, assurant la durabilit\u00e9 du produit<br \/>\nConfortable \u00e0 la main, design \u00e0 la mode, bonne texture, facile \u00e0 transporter avec un poids l\u00e9ger<\/p>\n<p>Mat\u00e9riau : fibre de carbon de qualit\u00e9 sup\u00e9rieure et alliage m\u00e9tallique.<br \/>\nCouleur : exactement comme indiqu\u00e9 sur les photos.<\/p>\n<p>Le forfait comprend :<br \/>\n1 x porte-cl\u00e9s (la cl\u00e9 n&rsquo;est pas incluse)<\/p>","protected":false},"excerpt":{"rendered":"<p>Logo de voiture porte-cl\u00e9s en carbon boucle en m\u00e9tal porte-cl\u00e9s anneaux Couleur : Noir Style : neutre Cat\u00e9gorie : porte-cl\u00e9s logo voiture Taille : 2 cm X 2,5 cm X 13,3 cm Emballage : 1 x porte-cl\u00e9s de voiture Caract\u00e9ristiques: \u00c0 la mode et durable au milieu du m\u00e9tal et gaufrage du logo de la [&hellip;]<\/p>","protected":false},"featured_media":2805,"comment_status":"open","ping_status":"closed","template":"","meta":[],"product_brand":[],"product_cat":[15],"product_tag":[],"class_list":{"0":"post-2810","1":"product","2":"type-product","3":"status-publish","4":"has-post-thumbnail","6":"product_cat-divers","8":"first","9":"instock","10":"shipping-taxable","11":"purchasable","12":"product-type-variable"},"jetpack_sharing_enabled":true,"_links":{"self":[{"href":"https:\/\/autopdz.com\/ar\/wp-json\/wp\/v2\/product\/2810","targetHints":{"allow":["GET"]}}],"collection":[{"href":"https:\/\/autopdz.com\/ar\/wp-json\/wp\/v2\/product"}],"about":[{"href":"https:\/\/autopdz.com\/ar\/wp-json\/wp\/v2\/types\/product"}],"replies":[{"embeddable":true,"href":"https:\/\/autopdz.com\/ar\/wp-json\/wp\/v2\/comments?post=2810"}],"wp:featuredmedia":[{"embeddable":true,"href":"https:\/\/autopdz.com\/ar\/wp-json\/wp\/v2\/media\/2805"}],"wp:attachment":[{"href":"https:\/\/autopdz.com\/ar\/wp-json\/wp\/v2\/media?parent=2810"}],"wp:term":[{"taxonomy":"product_brand","embeddable":true,"href":"https:\/\/autopdz.com\/ar\/wp-json\/wp\/v2\/product_brand?post=2810"},{"taxonomy":"product_cat","embeddable":true,"href":"https:\/\/autopdz.com\/ar\/wp-json\/wp\/v2\/product_cat?post=2810"},{"taxonomy":"product_tag","embeddable":true,"href":"https:\/\/autopdz.com\/ar\/wp-json\/wp\/v2\/product_tag?post=2810"}],"curies":[{"name":"wp","href":"https:\/\/api.w.org\/{rel}","templated":true}]}}