{"id":2849,"date":"2024-06-14T16:04:20","date_gmt":"2024-06-14T15:04:20","guid":{"rendered":"https:\/\/autopdz.com\/?post_type=product&#038;p=2849"},"modified":"2024-06-14T16:10:03","modified_gmt":"2024-06-14T15:10:03","slug":"krosti-nettoyant-tissus","status":"publish","type":"product","link":"https:\/\/autopdz.com\/ar\/product\/krosti-nettoyant-tissus\/","title":{"rendered":"Krosti nettoyant tissus"},"content":{"rendered":"<div class=\"woocommerce-product-details__short-description product-short-description\">\n<p>Super efficacit\u00e9 du nettoyant tissus krosti, test\u00e9 et prouv\u00e9, essayez et donner votre avis? il est utilisable pour tapis, moquettes, tissus de canap\u00e9 et fauteuils.<\/p>\n<\/div>\n<form class=\"cart single-ajax\" action=\"https:\/\/autoshop-dz.com\/produit\/krosti-nettoyant-tissus\/\" enctype=\"multipart\/form-data\" method=\"post\">\n<div class=\"quantity\"><\/div>\n<\/form>","protected":false},"excerpt":{"rendered":"<p>Super efficacit\u00e9 du nettoyant tissus krosti, test\u00e9 et prouv\u00e9, essayez et donner votre avis? il est utilisable pour tapis, moquettes, tissus de canap\u00e9 et fauteuils.<\/p>","protected":false},"featured_media":2850,"comment_status":"open","ping_status":"closed","template":"","meta":[],"product_brand":[],"product_cat":[15],"product_tag":[],"class_list":{"0":"post-2849","1":"product","2":"type-product","3":"status-publish","4":"has-post-thumbnail","6":"product_cat-divers","8":"first","9":"instock","10":"shipping-taxable","11":"purchasable","12":"product-type-simple"},"jetpack_sharing_enabled":true,"_links":{"self":[{"href":"https:\/\/autopdz.com\/ar\/wp-json\/wp\/v2\/product\/2849","targetHints":{"allow":["GET"]}}],"collection":[{"href":"https:\/\/autopdz.com\/ar\/wp-json\/wp\/v2\/product"}],"about":[{"href":"https:\/\/autopdz.com\/ar\/wp-json\/wp\/v2\/types\/product"}],"replies":[{"embeddable":true,"href":"https:\/\/autopdz.com\/ar\/wp-json\/wp\/v2\/comments?post=2849"}],"wp:featuredmedia":[{"embeddable":true,"href":"https:\/\/autopdz.com\/ar\/wp-json\/wp\/v2\/media\/2850"}],"wp:attachment":[{"href":"https:\/\/autopdz.com\/ar\/wp-json\/wp\/v2\/media?parent=2849"}],"wp:term":[{"taxonomy":"product_brand","embeddable":true,"href":"https:\/\/autopdz.com\/ar\/wp-json\/wp\/v2\/product_brand?post=2849"},{"taxonomy":"product_cat","embeddable":true,"href":"https:\/\/autopdz.com\/ar\/wp-json\/wp\/v2\/product_cat?post=2849"},{"taxonomy":"product_tag","embeddable":true,"href":"https:\/\/autopdz.com\/ar\/wp-json\/wp\/v2\/product_tag?post=2849"}],"curies":[{"name":"wp","href":"https:\/\/api.w.org\/{rel}","templated":true}]}}