{"id":2854,"date":"2024-06-14T16:26:39","date_gmt":"2024-06-14T15:26:39","guid":{"rendered":"https:\/\/autopdz.com\/?post_type=product&#038;p=2854"},"modified":"2025-07-03T15:16:04","modified_gmt":"2025-07-03T14:16:04","slug":"pistolet-buse-a-eau-haute-pression-reglable","status":"publish","type":"product","link":"https:\/\/autopdz.com\/ar\/product\/pistolet-buse-a-eau-haute-pression-reglable\/","title":{"rendered":"Pistolet Buse A Eau Haute Pression R\u00e9glable"},"content":{"rendered":"<div class=\"accordion-item\">\n<div class=\"accordion-inner\">\n<p><strong>Caract\u00e9ristiques:<\/strong><\/p>\n<ul>\n<li>1. Buse de pulv\u00e9risation de brumisation de pr\u00e9cision, fabriqu\u00e9e en mat\u00e9riau, durable \u00e0 utiliser.<\/li>\n<li>2. Forte pression d\u2019eau, pas de fuite, facile \u00e0 laver la salet\u00e9 et la poussi\u00e8re.<\/li>\n<li>3. Flexible et r\u00e9glable de la brume fine\/de la pulv\u00e9risation mod\u00e9r\u00e9e\/du jet en tournant la t\u00eate de gauche \u00e0 droite.<\/li>\n<li>4. Lavage professionnel de voiture\/moto, arrosage de jardin\/pelouse, il peut \u00e9galement \u00eatre utilis\u00e9 pour nettoyer la salle de bain, la cuisine, le balcon, le couloir, le tapis, etc.<\/li>\n<li>5. Facile \u00e0 installer, il est amovible et facile \u00e0 nettoyer.<\/li>\n<\/ul>\n<p><strong>Sp\u00e9cifications:<\/strong><\/p>\n<ul>\n<li>Mat\u00e9riau: Alliage d\u2019aluminium<\/li>\n<li>Taille: env. 17cm<\/li>\n<li>Connecteur: 3\/4 pouces<\/li>\n<li>Distance de pulv\u00e9risation: env. 32,8 pieds (10m)<\/li>\n<li>Type de pistolet \u00e0 eau:<\/li>\n<li>Direct, parapluie, brouillard<\/li>\n<li>Applications: Convient pour le nettoyage de voiture\/jardin\/maison<\/li>\n<\/ul>\n<\/div>\n<\/div>\n<div class=\"accordion-item\"><\/div>","protected":false},"excerpt":{"rendered":"<p>Caract\u00e9ristiques: 1. Buse de pulv\u00e9risation de brumisation de pr\u00e9cision, fabriqu\u00e9e en mat\u00e9riau, durable \u00e0 utiliser. 2. Forte pression d\u2019eau, pas de fuite, facile \u00e0 laver la salet\u00e9 et la poussi\u00e8re. 3. Flexible et r\u00e9glable de la brume fine\/de la pulv\u00e9risation mod\u00e9r\u00e9e\/du jet en tournant la t\u00eate de gauche \u00e0 droite. 4. Lavage professionnel de voiture\/moto, [&hellip;]<\/p>","protected":false},"featured_media":2855,"comment_status":"open","ping_status":"closed","template":"","meta":[],"product_brand":[],"product_cat":[15],"product_tag":[],"class_list":{"0":"post-2854","1":"product","2":"type-product","3":"status-publish","4":"has-post-thumbnail","6":"product_cat-divers","8":"first","9":"outofstock","10":"shipping-taxable","11":"purchasable","12":"product-type-simple"},"jetpack_sharing_enabled":true,"_links":{"self":[{"href":"https:\/\/autopdz.com\/ar\/wp-json\/wp\/v2\/product\/2854","targetHints":{"allow":["GET"]}}],"collection":[{"href":"https:\/\/autopdz.com\/ar\/wp-json\/wp\/v2\/product"}],"about":[{"href":"https:\/\/autopdz.com\/ar\/wp-json\/wp\/v2\/types\/product"}],"replies":[{"embeddable":true,"href":"https:\/\/autopdz.com\/ar\/wp-json\/wp\/v2\/comments?post=2854"}],"wp:featuredmedia":[{"embeddable":true,"href":"https:\/\/autopdz.com\/ar\/wp-json\/wp\/v2\/media\/2855"}],"wp:attachment":[{"href":"https:\/\/autopdz.com\/ar\/wp-json\/wp\/v2\/media?parent=2854"}],"wp:term":[{"taxonomy":"product_brand","embeddable":true,"href":"https:\/\/autopdz.com\/ar\/wp-json\/wp\/v2\/product_brand?post=2854"},{"taxonomy":"product_cat","embeddable":true,"href":"https:\/\/autopdz.com\/ar\/wp-json\/wp\/v2\/product_cat?post=2854"},{"taxonomy":"product_tag","embeddable":true,"href":"https:\/\/autopdz.com\/ar\/wp-json\/wp\/v2\/product_tag?post=2854"}],"curies":[{"name":"wp","href":"https:\/\/api.w.org\/{rel}","templated":true}]}}