{"id":28606,"date":"2025-11-23T14:09:33","date_gmt":"2025-11-23T13:09:33","guid":{"rendered":"https:\/\/autopdz.com\/product\/mini-souffleur-aspirateur-a-haute-puissance\/"},"modified":"2025-11-23T14:09:33","modified_gmt":"2025-11-23T13:09:33","slug":"mini-souffleur-aspirateur-a-haute-puissance","status":"publish","type":"product","link":"https:\/\/autopdz.com\/ar\/product\/mini-souffleur-aspirateur-a-haute-puissance\/","title":{"rendered":"Mini Souffleur Aspirateur a Haute Puissance"},"content":{"rendered":"<p>Param\u00e8tres :<\/p>\n<p>Tension nominale:<\/p>\n<p>7,4 V<\/p>\n<p>Entr\u00e9e nominale:<\/p>\n<p>5 V &#8211; 1,5 A<\/p>\n<p>Capacit\u00e9 du bac \u00e0 poussi\u00e8re:<br \/>\n0,35L<\/p>\n<p>Type d&rsquo;interface:<br \/>\nType-C<\/p>\n<p>Dimensions du produit:<br \/>\n146 x 68 x 47 mm<\/p>\n<p>Poids du produit:<br \/>\n263g<\/p>\n<p>Mat\u00e9riau d&rsquo;apparence:<br \/>\nABS+PC<\/p>\n<p>Type de moteur:<\/p>\n<p>Moteur CC sans balais<\/p>","protected":false},"excerpt":{"rendered":"<p>Param\u00e8tres : Tension nominale: 7,4 V Entr\u00e9e nominale: 5 V &#8211; 1,5 A Capacit\u00e9 du bac \u00e0 poussi\u00e8re: 0,35L Type d&rsquo;interface: Type-C Dimensions du produit: 146 x 68 x 47 mm Poids du produit: 263g Mat\u00e9riau d&rsquo;apparence: ABS+PC Type de moteur: Moteur CC sans balais<\/p>","protected":false},"featured_media":28597,"comment_status":"open","ping_status":"closed","template":"","meta":[],"product_brand":[],"product_cat":[15],"product_tag":[],"class_list":{"0":"post-28606","1":"product","2":"type-product","3":"status-publish","4":"has-post-thumbnail","6":"product_cat-divers","8":"first","9":"instock","10":"shipping-taxable","11":"purchasable","12":"product-type-simple"},"jetpack_sharing_enabled":true,"_links":{"self":[{"href":"https:\/\/autopdz.com\/ar\/wp-json\/wp\/v2\/product\/28606","targetHints":{"allow":["GET"]}}],"collection":[{"href":"https:\/\/autopdz.com\/ar\/wp-json\/wp\/v2\/product"}],"about":[{"href":"https:\/\/autopdz.com\/ar\/wp-json\/wp\/v2\/types\/product"}],"replies":[{"embeddable":true,"href":"https:\/\/autopdz.com\/ar\/wp-json\/wp\/v2\/comments?post=28606"}],"wp:featuredmedia":[{"embeddable":true,"href":"https:\/\/autopdz.com\/ar\/wp-json\/wp\/v2\/media\/28597"}],"wp:attachment":[{"href":"https:\/\/autopdz.com\/ar\/wp-json\/wp\/v2\/media?parent=28606"}],"wp:term":[{"taxonomy":"product_brand","embeddable":true,"href":"https:\/\/autopdz.com\/ar\/wp-json\/wp\/v2\/product_brand?post=28606"},{"taxonomy":"product_cat","embeddable":true,"href":"https:\/\/autopdz.com\/ar\/wp-json\/wp\/v2\/product_cat?post=28606"},{"taxonomy":"product_tag","embeddable":true,"href":"https:\/\/autopdz.com\/ar\/wp-json\/wp\/v2\/product_tag?post=28606"}],"curies":[{"name":"wp","href":"https:\/\/api.w.org\/{rel}","templated":true}]}}