{"id":2868,"date":"2024-06-18T12:10:47","date_gmt":"2024-06-18T11:10:47","guid":{"rendered":"https:\/\/autopdz.com\/product\/nettoyant-multi-usage-v6\/"},"modified":"2024-06-18T12:10:47","modified_gmt":"2024-06-18T11:10:47","slug":"nettoyant-multi-usage-v6","status":"publish","type":"product","link":"https:\/\/autopdz.com\/ar\/product\/nettoyant-multi-usage-v6\/","title":{"rendered":"Nettoyant Multi-Usage V6"},"content":{"rendered":"<p>nettoyant polyvalent id\u00e9al pour les plastiques , les surfaces peintes et la plupart des surfaces lavables.<\/p>\n<p>produit destin\u00e9 \u00e0 \u00eatre utilis\u00e9 dans le secteur automobile, l&rsquo;industrie, les bateaux, les cantines et les r\u00e9fectoires et autre surfaces<\/p>\n<p>500ml<\/p>","protected":false},"excerpt":{"rendered":"<p>nettoyant polyvalent id\u00e9al pour les plastiques , les surfaces peintes et la plupart des surfaces lavables. produit destin\u00e9 \u00e0 \u00eatre utilis\u00e9 dans le secteur automobile, l&rsquo;industrie, les bateaux, les cantines et les r\u00e9fectoires et autre surfaces 500ml<\/p>","protected":false},"featured_media":2867,"comment_status":"open","ping_status":"closed","template":"","meta":[],"product_brand":[],"product_cat":[26,24],"product_tag":[81],"class_list":{"0":"post-2868","1":"product","2":"type-product","3":"status-publish","4":"has-post-thumbnail","6":"product_cat-accessoires-exterieur","7":"product_cat-accessoires-interieur","8":"product_tag-nettoyant-multi-usage","10":"first","11":"instock","12":"shipping-taxable","13":"purchasable","14":"product-type-simple"},"jetpack_sharing_enabled":true,"_links":{"self":[{"href":"https:\/\/autopdz.com\/ar\/wp-json\/wp\/v2\/product\/2868","targetHints":{"allow":["GET"]}}],"collection":[{"href":"https:\/\/autopdz.com\/ar\/wp-json\/wp\/v2\/product"}],"about":[{"href":"https:\/\/autopdz.com\/ar\/wp-json\/wp\/v2\/types\/product"}],"replies":[{"embeddable":true,"href":"https:\/\/autopdz.com\/ar\/wp-json\/wp\/v2\/comments?post=2868"}],"wp:featuredmedia":[{"embeddable":true,"href":"https:\/\/autopdz.com\/ar\/wp-json\/wp\/v2\/media\/2867"}],"wp:attachment":[{"href":"https:\/\/autopdz.com\/ar\/wp-json\/wp\/v2\/media?parent=2868"}],"wp:term":[{"taxonomy":"product_brand","embeddable":true,"href":"https:\/\/autopdz.com\/ar\/wp-json\/wp\/v2\/product_brand?post=2868"},{"taxonomy":"product_cat","embeddable":true,"href":"https:\/\/autopdz.com\/ar\/wp-json\/wp\/v2\/product_cat?post=2868"},{"taxonomy":"product_tag","embeddable":true,"href":"https:\/\/autopdz.com\/ar\/wp-json\/wp\/v2\/product_tag?post=2868"}],"curies":[{"name":"wp","href":"https:\/\/api.w.org\/{rel}","templated":true}]}}