{"id":2875,"date":"2024-06-18T12:28:58","date_gmt":"2024-06-18T11:28:58","guid":{"rendered":"https:\/\/autopdz.com\/product\/camera-de-recul-hd-ccd-pour-voiture-vision-nocturne-grand-angle\/"},"modified":"2025-03-10T12:10:20","modified_gmt":"2025-03-10T11:10:20","slug":"camera-de-recul-hd-ccd-pour-voiture-vision-nocturne-grand-angle","status":"publish","type":"product","link":"https:\/\/autopdz.com\/ar\/product\/camera-de-recul-hd-ccd-pour-voiture-vision-nocturne-grand-angle\/","title":{"rendered":"Cam\u00e9ra de recul pour voiture, Vision nocturne, grand Angle"},"content":{"rendered":"<p>Configuration parfaite &#8212; 1280&#215;720 pixels, angle de vision de 150 \u00b0, pour assurer une imagerie haute d\u00e9finition, une faible distorsion, un large champ de vision invers\u00e9 et la s\u00e9curit\u00e9.<br \/>\nIP68 \u00e9tanche &#8212; L&rsquo;installation int\u00e9gr\u00e9e garantit une utilisation normale m\u00eame par mauvais temps, et la construction est robuste et durable.<br \/>\nInstallation facile &#8212; \u00c9quip\u00e9 de perceuses pour une installation facile, des accessoires tels que des c\u00e2bles vid\u00e9o et d&rsquo;alimentation sont disponibles pour un ajustement parfait et une installation facile.<br \/>\nFonction unique &#8212; Prend en charge la vision nocturne, m\u00eame la nuit, peut inverser la voiture en toute s\u00e9curit\u00e9, vue arri\u00e8re en miroir, vous permettant de mieux juger de la direction inverse et de conduire en toute s\u00e9curit\u00e9.<br \/>\nCam\u00e9ra de recul CCD &#8212; Applicable aux \u00e9crans prenant en charge les signaux AHD, RCA connecte les sorties vid\u00e9o et est livr\u00e9 avec un c\u00e2ble vid\u00e9o et un c\u00e2ble d&rsquo;alimentation suffisamment longs pour une installation facile.<\/p>\n<p>D\u00e9tails du produit<br \/>\nMarque: Dioche<br \/>\nType d&rsquo;installation: Montage en surface<br \/>\nR\u00e9solution d&rsquo;enregistrement : vid\u00e9o720p<br \/>\nTension: 12 Volts<br \/>\nType de lentille: Grand angle<br \/>\nAngle de vue r\u00e9el: 150 degr\u00e9s<\/p>","protected":false},"excerpt":{"rendered":"<p>Configuration parfaite &#8212; 1280&#215;720 pixels, angle de vision de 150 \u00b0, pour assurer une imagerie haute d\u00e9finition, une faible distorsion, un large champ de vision invers\u00e9 et la s\u00e9curit\u00e9. IP68 \u00e9tanche &#8212; L&rsquo;installation int\u00e9gr\u00e9e garantit une utilisation normale m\u00eame par mauvais temps, et la construction est robuste et durable. Installation facile &#8212; \u00c9quip\u00e9 de perceuses [&hellip;]<\/p>","protected":false},"featured_media":2869,"comment_status":"open","ping_status":"closed","template":"","meta":[],"product_brand":[],"product_cat":[26],"product_tag":[],"class_list":{"0":"post-2875","1":"product","2":"type-product","3":"status-publish","4":"has-post-thumbnail","6":"product_cat-accessoires-exterieur","8":"first","9":"instock","10":"shipping-taxable","11":"purchasable","12":"product-type-simple"},"jetpack_sharing_enabled":true,"_links":{"self":[{"href":"https:\/\/autopdz.com\/ar\/wp-json\/wp\/v2\/product\/2875","targetHints":{"allow":["GET"]}}],"collection":[{"href":"https:\/\/autopdz.com\/ar\/wp-json\/wp\/v2\/product"}],"about":[{"href":"https:\/\/autopdz.com\/ar\/wp-json\/wp\/v2\/types\/product"}],"replies":[{"embeddable":true,"href":"https:\/\/autopdz.com\/ar\/wp-json\/wp\/v2\/comments?post=2875"}],"wp:featuredmedia":[{"embeddable":true,"href":"https:\/\/autopdz.com\/ar\/wp-json\/wp\/v2\/media\/2869"}],"wp:attachment":[{"href":"https:\/\/autopdz.com\/ar\/wp-json\/wp\/v2\/media?parent=2875"}],"wp:term":[{"taxonomy":"product_brand","embeddable":true,"href":"https:\/\/autopdz.com\/ar\/wp-json\/wp\/v2\/product_brand?post=2875"},{"taxonomy":"product_cat","embeddable":true,"href":"https:\/\/autopdz.com\/ar\/wp-json\/wp\/v2\/product_cat?post=2875"},{"taxonomy":"product_tag","embeddable":true,"href":"https:\/\/autopdz.com\/ar\/wp-json\/wp\/v2\/product_tag?post=2875"}],"curies":[{"name":"wp","href":"https:\/\/api.w.org\/{rel}","templated":true}]}}