{"id":2878,"date":"2024-06-18T12:32:21","date_gmt":"2024-06-18T11:32:21","guid":{"rendered":"https:\/\/autopdz.com\/?post_type=product&#038;p=2878"},"modified":"2025-12-15T15:18:37","modified_gmt":"2025-12-15T14:18:37","slug":"marqueur-stylo-decriture-en-caoutchouc","status":"publish","type":"product","link":"https:\/\/autopdz.com\/ar\/product\/marqueur-stylo-decriture-en-caoutchouc\/","title":{"rendered":"Marqueur \u2013 Stylo d\u2019\u00e9criture en caoutchouc"},"content":{"rendered":"<p>Stylo d\u2019\u00e9criture en caoutchouc blancAvec une dur\u00e9e d\u2019utilisation maximale de 365 jours.<\/p>\n<p>Lorsqu\u2019il est appliqu\u00e9 correctement, Max pratiqu\u00e9 365 jours en vue ne se d\u00e9t\u00e9riore pas<\/p>\n<p>Stylos d\u2019\u00e9criture en caoutchouc personnalis\u00e9s blancs sur vos pneus avec des non-\u00e9critures \u00e9videntes qui deviennent visibles peuvent apporter et un look plus sportif.<\/p>\n<p>Un stylo en moyenne 4 pneus suffit.<\/p>\n<p>Comment puis-je l\u2019utiliser?<\/p>\n<p>Veuillez faire attention au tr\u00e8s propre et sec avant d\u2019appliquer le pneu.<\/p>\n<p>Stylo, la surface press\u00e9e de la peinture sera spontan\u00e9e.<\/p>\n<p>V\u00e9lo, moto, voiture, etc. tous les pneus peuvent \u00eatre utilis\u00e9s.<\/p>","protected":false},"excerpt":{"rendered":"<p>Stylo d\u2019\u00e9criture en caoutchouc blancAvec une dur\u00e9e d\u2019utilisation maximale de 365 jours. Lorsqu\u2019il est appliqu\u00e9 correctement, Max pratiqu\u00e9 365 jours en vue ne se d\u00e9t\u00e9riore pas Stylos d\u2019\u00e9criture en caoutchouc personnalis\u00e9s blancs sur vos pneus avec des non-\u00e9critures \u00e9videntes qui deviennent visibles peuvent apporter et un look plus sportif. Un stylo en moyenne 4 pneus [&hellip;]<\/p>","protected":false},"featured_media":2877,"comment_status":"open","ping_status":"closed","template":"","meta":[],"product_brand":[],"product_cat":[15],"product_tag":[],"class_list":{"0":"post-2878","1":"product","2":"type-product","3":"status-publish","4":"has-post-thumbnail","6":"product_cat-divers","8":"first","9":"outofstock","10":"shipping-taxable","11":"purchasable","12":"product-type-variable"},"jetpack_sharing_enabled":true,"_links":{"self":[{"href":"https:\/\/autopdz.com\/ar\/wp-json\/wp\/v2\/product\/2878","targetHints":{"allow":["GET"]}}],"collection":[{"href":"https:\/\/autopdz.com\/ar\/wp-json\/wp\/v2\/product"}],"about":[{"href":"https:\/\/autopdz.com\/ar\/wp-json\/wp\/v2\/types\/product"}],"replies":[{"embeddable":true,"href":"https:\/\/autopdz.com\/ar\/wp-json\/wp\/v2\/comments?post=2878"}],"wp:featuredmedia":[{"embeddable":true,"href":"https:\/\/autopdz.com\/ar\/wp-json\/wp\/v2\/media\/2877"}],"wp:attachment":[{"href":"https:\/\/autopdz.com\/ar\/wp-json\/wp\/v2\/media?parent=2878"}],"wp:term":[{"taxonomy":"product_brand","embeddable":true,"href":"https:\/\/autopdz.com\/ar\/wp-json\/wp\/v2\/product_brand?post=2878"},{"taxonomy":"product_cat","embeddable":true,"href":"https:\/\/autopdz.com\/ar\/wp-json\/wp\/v2\/product_cat?post=2878"},{"taxonomy":"product_tag","embeddable":true,"href":"https:\/\/autopdz.com\/ar\/wp-json\/wp\/v2\/product_tag?post=2878"}],"curies":[{"name":"wp","href":"https:\/\/api.w.org\/{rel}","templated":true}]}}