{"id":2885,"date":"2024-06-20T12:41:04","date_gmt":"2024-06-20T11:41:04","guid":{"rendered":"https:\/\/autopdz.com\/product\/pompe-a-eau-portatif\/"},"modified":"2025-07-16T16:01:41","modified_gmt":"2025-07-16T15:01:41","slug":"pompe-a-eau-portatif","status":"publish","type":"product","link":"https:\/\/autopdz.com\/ar\/product\/pompe-a-eau-portatif\/","title":{"rendered":"Pompe \u00e0 eau portatif"},"content":{"rendered":"<p>L\u00e9ger et de petite taille, vous pouvez l&#8217;emporter partout avec vous \ud83d\udcaf<\/p>\n<p>Vous gagnerez beaucoup de temps et r\u00e9duisez les efforts manuels fatigants pour transf\u00e9rer un d\u00e9bit constant et rapide de 20 \u00e0 30 litres par minute.<\/p>\n<p>Id\u00e9al pour le transport de liquides l\u00e9gers, tels que l&rsquo;eau douce, l&rsquo;huile, les solvants organiques dilu\u00e9s, les pesticides et les engrais liquides<\/p>\n<p>Il suffit de connecter une perceuse \u00e9lectrique \u00e0 cette pompe, compatible avec diff\u00e9rents types\ud83d\udc4c<\/p>","protected":false},"excerpt":{"rendered":"<p>L\u00e9ger et de petite taille, vous pouvez l&#8217;emporter partout avec vous \ud83d\udcaf Vous gagnerez beaucoup de temps et r\u00e9duisez les efforts manuels fatigants pour transf\u00e9rer un d\u00e9bit constant et rapide de 20 \u00e0 30 litres par minute. Id\u00e9al pour le transport de liquides l\u00e9gers, tels que l&rsquo;eau douce, l&rsquo;huile, les solvants organiques dilu\u00e9s, les pesticides [&hellip;]<\/p>","protected":false},"featured_media":2884,"comment_status":"open","ping_status":"closed","template":"","meta":[],"product_brand":[],"product_cat":[15],"product_tag":[],"class_list":{"0":"post-2885","1":"product","2":"type-product","3":"status-publish","4":"has-post-thumbnail","6":"product_cat-divers","8":"first","9":"outofstock","10":"shipping-taxable","11":"purchasable","12":"product-type-simple"},"jetpack_sharing_enabled":true,"_links":{"self":[{"href":"https:\/\/autopdz.com\/ar\/wp-json\/wp\/v2\/product\/2885","targetHints":{"allow":["GET"]}}],"collection":[{"href":"https:\/\/autopdz.com\/ar\/wp-json\/wp\/v2\/product"}],"about":[{"href":"https:\/\/autopdz.com\/ar\/wp-json\/wp\/v2\/types\/product"}],"replies":[{"embeddable":true,"href":"https:\/\/autopdz.com\/ar\/wp-json\/wp\/v2\/comments?post=2885"}],"wp:featuredmedia":[{"embeddable":true,"href":"https:\/\/autopdz.com\/ar\/wp-json\/wp\/v2\/media\/2884"}],"wp:attachment":[{"href":"https:\/\/autopdz.com\/ar\/wp-json\/wp\/v2\/media?parent=2885"}],"wp:term":[{"taxonomy":"product_brand","embeddable":true,"href":"https:\/\/autopdz.com\/ar\/wp-json\/wp\/v2\/product_brand?post=2885"},{"taxonomy":"product_cat","embeddable":true,"href":"https:\/\/autopdz.com\/ar\/wp-json\/wp\/v2\/product_cat?post=2885"},{"taxonomy":"product_tag","embeddable":true,"href":"https:\/\/autopdz.com\/ar\/wp-json\/wp\/v2\/product_tag?post=2885"}],"curies":[{"name":"wp","href":"https:\/\/api.w.org\/{rel}","templated":true}]}}