{"id":2892,"date":"2024-06-20T12:47:41","date_gmt":"2024-06-20T11:47:41","guid":{"rendered":"https:\/\/autopdz.com\/product\/pompe-seringue-daspiration-manuelle-pour-huile-liquide-200ml\/"},"modified":"2025-06-20T19:23:34","modified_gmt":"2025-06-20T18:23:34","slug":"pompe-seringue-daspiration-manuelle-pour-huile-liquide-200ml","status":"publish","type":"product","link":"https:\/\/autopdz.com\/ar\/product\/pompe-seringue-daspiration-manuelle-pour-huile-liquide-200ml\/","title":{"rendered":"Pompe seringue d&rsquo;aspiration manuelle pour huile liquide &#8211; 200ml"},"content":{"rendered":"<p>D\u00e9tails &amp; caract\u00e9ristiques<br \/>\nLa construction solide et durable rend la pompe \u00e9tanche et emp\u00eache les d\u00e9versements de liquide. Le r\u00e9servoir de liquide lui-m\u00eame est transparent et gradu\u00e9 (contr\u00f4le du niveau de liquide d&rsquo;aspiration).<br \/>\nLa construction solide et durable rend la pompe \u00e9tanche et emp\u00eache les d\u00e9versements de liquide. Le r\u00e9servoir de liquide lui-m\u00eame est transparent et gradu\u00e9 (contr\u00f4le du niveau de liquide d&rsquo;aspiration).<br \/>\nLa construction solide et durable rend la pompe \u00e9tanche et emp\u00eache les d\u00e9versements de liquide. Le r\u00e9servoir de liquide lui-m\u00eame est transparent et gradu\u00e9 (contr\u00f4le du niveau de liquide d&rsquo;aspiration).<br \/>\nParfait pour toute aspiration de fluide, remplacement d&rsquo;huiles moteur, liquide de frein, liquide de refroidissement, huile, liquide de direction assist\u00e9e, etc. L&rsquo;ensemble comprend deux c\u00e2bles d&rsquo;environ 20 cm de long et 6 mm et 8 mm de diam\u00e8tre.<br \/>\nDonn\u00e9es techniques: Capacit\u00e9 de la seringue : 200 ml Longueur totale : 30 cm Equip\u00e9 d&rsquo;un connecteur rapide de c\u00e2ble<\/p>","protected":false},"excerpt":{"rendered":"<p>D\u00e9tails &amp; caract\u00e9ristiques La construction solide et durable rend la pompe \u00e9tanche et emp\u00eache les d\u00e9versements de liquide. Le r\u00e9servoir de liquide lui-m\u00eame est transparent et gradu\u00e9 (contr\u00f4le du niveau de liquide d&rsquo;aspiration). La construction solide et durable rend la pompe \u00e9tanche et emp\u00eache les d\u00e9versements de liquide. Le r\u00e9servoir de liquide lui-m\u00eame est transparent [&hellip;]<\/p>","protected":false},"featured_media":2891,"comment_status":"open","ping_status":"closed","template":"","meta":[],"product_brand":[],"product_cat":[15],"product_tag":[],"class_list":{"0":"post-2892","1":"product","2":"type-product","3":"status-publish","4":"has-post-thumbnail","6":"product_cat-divers","8":"first","9":"instock","10":"shipping-taxable","11":"purchasable","12":"product-type-simple"},"jetpack_sharing_enabled":true,"_links":{"self":[{"href":"https:\/\/autopdz.com\/ar\/wp-json\/wp\/v2\/product\/2892","targetHints":{"allow":["GET"]}}],"collection":[{"href":"https:\/\/autopdz.com\/ar\/wp-json\/wp\/v2\/product"}],"about":[{"href":"https:\/\/autopdz.com\/ar\/wp-json\/wp\/v2\/types\/product"}],"replies":[{"embeddable":true,"href":"https:\/\/autopdz.com\/ar\/wp-json\/wp\/v2\/comments?post=2892"}],"wp:featuredmedia":[{"embeddable":true,"href":"https:\/\/autopdz.com\/ar\/wp-json\/wp\/v2\/media\/2891"}],"wp:attachment":[{"href":"https:\/\/autopdz.com\/ar\/wp-json\/wp\/v2\/media?parent=2892"}],"wp:term":[{"taxonomy":"product_brand","embeddable":true,"href":"https:\/\/autopdz.com\/ar\/wp-json\/wp\/v2\/product_brand?post=2892"},{"taxonomy":"product_cat","embeddable":true,"href":"https:\/\/autopdz.com\/ar\/wp-json\/wp\/v2\/product_cat?post=2892"},{"taxonomy":"product_tag","embeddable":true,"href":"https:\/\/autopdz.com\/ar\/wp-json\/wp\/v2\/product_tag?post=2892"}],"curies":[{"name":"wp","href":"https:\/\/api.w.org\/{rel}","templated":true}]}}