{"id":2893,"date":"2024-06-20T13:50:24","date_gmt":"2024-06-20T12:50:24","guid":{"rendered":"https:\/\/autopdz.com\/?post_type=product&#038;p=2893"},"modified":"2026-02-08T13:11:06","modified_gmt":"2026-02-08T12:11:06","slug":"coussin-daccoudoir-de-voiture","status":"publish","type":"product","link":"https:\/\/autopdz.com\/ar\/product\/coussin-daccoudoir-de-voiture\/","title":{"rendered":"Coussin d&rsquo;accoudoir de voiture"},"content":{"rendered":"<div class=\"ai-description\">\n<div class=\"origin-part box-sizing\">\n<p align=\"start\"><strong data-spm-anchor-id=\"a2g0o.detail.1000023.i0.42b7RqXmRqXmN3\">\u2022 Conception de broderie de vague :<\/strong>Le design de broderie \u00e0 vagues ajoute une touche d&rsquo;\u00e9l\u00e9gance et de sophistication \u00e0 l&rsquo;int\u00e9rieur de votre voiture.<\/p>\n<p align=\"start\"><strong>\u2022 Mat\u00e9riel en cuir PU :<\/strong>Fabriqu\u00e9 en cuir PU de haute qualit\u00e9, ce tapis d&rsquo;accoudoir est durable et facile \u00e0 nettoyer, assurant une utilisation durable.<\/p>\n<p align=\"start\"><strong>\u2022 Fonction protectrice :<\/strong>Ce tapis d&rsquo;accoudoir prot\u00e8ge la console centrale et les accoudoirs de votre voiture de l&rsquo;usure, leur permettant de rester neufs plus longtemps.<\/p>\n<p align=\"start\"><strong>\u2022 Housse de rangement, :<\/strong>Le coussin de couverture de bo\u00eete de rangement offre un espace de rangement suppl\u00e9mentaire pour votre voiture, ce qui facilite le rangement de vos effets personnels.<\/p>\n<\/div>\n<\/div>\n<p><strong>Accoudoir de voiture en cuir PU brod\u00e9 Wave, tapis central | protection de bras | coussin de protection pour accoudoirs automatiques | housse<\/strong><\/p>\n<p>Caract\u00e9ristiques:<\/p>\n<p>Tout neuf et de haute qualit\u00e9.<\/p>\n<p>Fabriqu\u00e9 en cuir artificiel de haute qualit\u00e9 (cuir PU) et rembourrage en mousse \u00e0 m\u00e9moire de forme.<\/p>\n<p>Facile \u00e0 installer.<\/p>\n<p>Ajustement universel pour la plupart des voitures.<\/p>\n<p>Sp\u00e9cifications:<\/p>\n<p>Mat\u00e9riel: cuir PU + mousse \u00e0 m\u00e9moire de forme<\/p>\n<p>Couleur: Noir, Beige, Gris, Marron<\/p>\n<p>Taille: Environ 33*21*5cm<\/p>\n<p>Paquet inclus:<\/p>\n<p>1 x Tapis d&rsquo;accoudoir de voiture<\/p>\n<p>Remarque:<\/p>\n<p data-spm-anchor-id=\"a2g0o.detail.1000023.i1.42b7RqXmRqXmN3\">1. Veuillez autoriser une erreur de taille subtile en raison de la mesure manuelle. Pls assurez-vous que cela ne vous d\u00e9range pas avant d&rsquo;ench\u00e9rir.<\/p>\n<p>2. En raison de la diff\u00e9rence entre les diff\u00e9rents moniteurs, l&rsquo;image peut ne pas refl\u00e9ter la couleur r\u00e9elle de l&rsquo;article. Merci!<\/p>","protected":false},"excerpt":{"rendered":"<p>\u2022 Conception de broderie de vague :Le design de broderie \u00e0 vagues ajoute une touche d&rsquo;\u00e9l\u00e9gance et de sophistication \u00e0 l&rsquo;int\u00e9rieur de votre voiture. \u2022 Mat\u00e9riel en cuir PU :Fabriqu\u00e9 en cuir PU de haute qualit\u00e9, ce tapis d&rsquo;accoudoir est durable et facile \u00e0 nettoyer, assurant une utilisation durable. \u2022 Fonction protectrice :Ce tapis d&rsquo;accoudoir [&hellip;]<\/p>","protected":false},"featured_media":2897,"comment_status":"open","ping_status":"closed","template":"","meta":[],"product_brand":[],"product_cat":[24],"product_tag":[],"class_list":{"0":"post-2893","1":"product","2":"type-product","3":"status-publish","4":"has-post-thumbnail","6":"product_cat-accessoires-interieur","8":"first","9":"outofstock","10":"sale","11":"shipping-taxable","12":"purchasable","13":"product-type-simple"},"jetpack_sharing_enabled":true,"_links":{"self":[{"href":"https:\/\/autopdz.com\/ar\/wp-json\/wp\/v2\/product\/2893","targetHints":{"allow":["GET"]}}],"collection":[{"href":"https:\/\/autopdz.com\/ar\/wp-json\/wp\/v2\/product"}],"about":[{"href":"https:\/\/autopdz.com\/ar\/wp-json\/wp\/v2\/types\/product"}],"replies":[{"embeddable":true,"href":"https:\/\/autopdz.com\/ar\/wp-json\/wp\/v2\/comments?post=2893"}],"wp:featuredmedia":[{"embeddable":true,"href":"https:\/\/autopdz.com\/ar\/wp-json\/wp\/v2\/media\/2897"}],"wp:attachment":[{"href":"https:\/\/autopdz.com\/ar\/wp-json\/wp\/v2\/media?parent=2893"}],"wp:term":[{"taxonomy":"product_brand","embeddable":true,"href":"https:\/\/autopdz.com\/ar\/wp-json\/wp\/v2\/product_brand?post=2893"},{"taxonomy":"product_cat","embeddable":true,"href":"https:\/\/autopdz.com\/ar\/wp-json\/wp\/v2\/product_cat?post=2893"},{"taxonomy":"product_tag","embeddable":true,"href":"https:\/\/autopdz.com\/ar\/wp-json\/wp\/v2\/product_tag?post=2893"}],"curies":[{"name":"wp","href":"https:\/\/api.w.org\/{rel}","templated":true}]}}