{"id":2905,"date":"2024-06-20T14:14:52","date_gmt":"2024-06-20T13:14:52","guid":{"rendered":"https:\/\/autopdz.com\/product\/crochet-pour-siege-repose-tete-2pcs\/"},"modified":"2026-02-22T13:48:20","modified_gmt":"2026-02-22T12:48:20","slug":"crochet-pour-siege-repose-tete-2pcs","status":"publish","type":"product","link":"https:\/\/autopdz.com\/ar\/product\/crochet-pour-siege-repose-tete-2pcs\/","title":{"rendered":"Crochet pour si\u00e8ge repose t\u00eate 2Pcs"},"content":{"rendered":"<p>\ud83d\ude97\u3010Mat\u00e9riau\u3011Les crochets de dossier de si\u00e8ge automatiques sont fabriqu\u00e9s en mat\u00e9riau ABS \u00e9cologique, 4 pi\u00e8ces par paquet.<br \/>\n\ud83d\udc5c\u3010Design Intime\u3011Ces crochets de si\u00e8ge de voiture compacts sont con\u00e7us avec des bords ronds et lisses, ce qui peut emp\u00eacher les adultes et les enfants d&rsquo;\u00eatre ray\u00e9s, s\u00fbr \u00e0 utiliser.<br \/>\n\ud83e\uddec\u3010Facile \u00e0 Installer\u3011Avec la conception sp\u00e9ciale \u00e0 demi ouverture, ces cintres de si\u00e8ge arri\u00e8re sont faciles \u00e0 installer en quelques secondes, il n&rsquo;est pas n\u00e9cessaire de d\u00e9monter l&rsquo;appui t\u00eate de la voiture et de les accrocher simplement autour des poteaux de l&rsquo;appui t\u00eate.<br \/>\n\ud83c\udf6c\u3010Gain de Place\u3011Exploitez pleinement l&rsquo;espace limit\u00e9 dans la voiture. Vous pouvez r\u00e9gler le crochet selon n&rsquo;importe quel angle et utiliser le crochet \u00e0 l&rsquo;avant ou \u00e0 l&rsquo;arri\u00e8re du si\u00e8ge selon vos besoins. En outre, le crochet peut \u00eatre masqu\u00e9 pour des raisons de place lorsqu&rsquo;il n&rsquo;est pas utilis\u00e9.<br \/>\n\ud83c\udf38\u3010Utilisation Polyvalente\u3011Ces crochets de si\u00e8ge arri\u00e8re universels au design \u00e9l\u00e9gant sont id\u00e9aux pour suspendre des produits d&rsquo;\u00e9picerie, des v\u00eatements, un parapluie, des sacs \u00e0 main, des bouteilles d&rsquo;eau, des fournitures pour b\u00e9b\u00e9 et bien plus encore, gardez votre voiture en ordre.<\/p>","protected":false},"excerpt":{"rendered":"<p>\ud83d\ude97\u3010Mat\u00e9riau\u3011Les crochets de dossier de si\u00e8ge automatiques sont fabriqu\u00e9s en mat\u00e9riau ABS \u00e9cologique, 4 pi\u00e8ces par paquet. \ud83d\udc5c\u3010Design Intime\u3011Ces crochets de si\u00e8ge de voiture compacts sont con\u00e7us avec des bords ronds et lisses, ce qui peut emp\u00eacher les adultes et les enfants d&rsquo;\u00eatre ray\u00e9s, s\u00fbr \u00e0 utiliser. \ud83e\uddec\u3010Facile \u00e0 Installer\u3011Avec la conception sp\u00e9ciale \u00e0 demi [&hellip;]<\/p>","protected":false},"featured_media":2904,"comment_status":"open","ping_status":"closed","template":"","meta":[],"product_brand":[],"product_cat":[24],"product_tag":[],"class_list":{"0":"post-2905","1":"product","2":"type-product","3":"status-publish","4":"has-post-thumbnail","6":"product_cat-accessoires-interieur","8":"first","9":"outofstock","10":"shipping-taxable","11":"purchasable","12":"product-type-simple"},"jetpack_sharing_enabled":true,"_links":{"self":[{"href":"https:\/\/autopdz.com\/ar\/wp-json\/wp\/v2\/product\/2905","targetHints":{"allow":["GET"]}}],"collection":[{"href":"https:\/\/autopdz.com\/ar\/wp-json\/wp\/v2\/product"}],"about":[{"href":"https:\/\/autopdz.com\/ar\/wp-json\/wp\/v2\/types\/product"}],"replies":[{"embeddable":true,"href":"https:\/\/autopdz.com\/ar\/wp-json\/wp\/v2\/comments?post=2905"}],"wp:featuredmedia":[{"embeddable":true,"href":"https:\/\/autopdz.com\/ar\/wp-json\/wp\/v2\/media\/2904"}],"wp:attachment":[{"href":"https:\/\/autopdz.com\/ar\/wp-json\/wp\/v2\/media?parent=2905"}],"wp:term":[{"taxonomy":"product_brand","embeddable":true,"href":"https:\/\/autopdz.com\/ar\/wp-json\/wp\/v2\/product_brand?post=2905"},{"taxonomy":"product_cat","embeddable":true,"href":"https:\/\/autopdz.com\/ar\/wp-json\/wp\/v2\/product_cat?post=2905"},{"taxonomy":"product_tag","embeddable":true,"href":"https:\/\/autopdz.com\/ar\/wp-json\/wp\/v2\/product_tag?post=2905"}],"curies":[{"name":"wp","href":"https:\/\/api.w.org\/{rel}","templated":true}]}}