{"id":2915,"date":"2024-06-20T14:26:12","date_gmt":"2024-06-20T13:26:12","guid":{"rendered":"https:\/\/autopdz.com\/?post_type=product&#038;p=2915"},"modified":"2025-05-25T09:36:08","modified_gmt":"2025-05-25T08:36:08","slug":"couvre-volant-alcantara-a-coudre","status":"publish","type":"product","link":"https:\/\/autopdz.com\/ar\/product\/couvre-volant-alcantara-a-coudre\/","title":{"rendered":"Couvre Volant Alcantara \u00c0 Coudre"},"content":{"rendered":"<p style=\"margin-top:0px;margin-bottom:1rem;font-family:Rubik,BlinkMacSystemFont,\">Ce produit s&rsquo;adapte sur des v\u00e9hicules ayant un volant d&rsquo;un diam\u00e8tre compris en 36 et 38 centim\u00e8tres inclus.<\/p>\n<p style=\"margin-top:0px;margin-bottom:1rem;font-family:Rubik,BlinkMacSystemFont,\">Ce couvre volant en su\u00e8de \u00e0 coudre effet alcantara vous permettra d\u2019am\u00e9liorer facilement l\u2019esth\u00e9tique de votre v\u00e9hicule.<\/p>\n<p style=\"margin-top:0px;margin-bottom:1rem;font-family:Rubik,BlinkMacSystemFont,\">Cette simple installation vous offre la possibilit\u00e9 de moderniser facilement l\u2019int\u00e9rieur de votre v\u00e9hicule, en plus d\u2019apporter un confort de conduite sup\u00e9rieur.<\/p>\n<p style=\"margin-top:0px;margin-bottom:1rem;font-family:Rubik,BlinkMacSystemFont,\">Ce produit peut aussi bien \u00eatre install\u00e9 sur un volant neuf que us\u00e9 et il s&rsquo;adaptera parfaitement \u00e0 votre volant.<\/p>\n<p style=\"margin-top:0px;margin-bottom:1rem;font-family:Rubik,BlinkMacSystemFont,\">Aucune modification sur votre v\u00e9hicule n\u2019est n\u00e9cessaire pour la mise en place de notre produit, nous vous mettons \u00e0 disposition une vid\u00e9o tutoriel, \u00e9tape par \u00e9tape, pour une installation r\u00e9ussie.<\/p>","protected":false},"excerpt":{"rendered":"<p>Ce produit s&rsquo;adapte sur des v\u00e9hicules ayant un volant d&rsquo;un diam\u00e8tre compris en 36 et 38 centim\u00e8tres inclus. Ce couvre volant en su\u00e8de \u00e0 coudre effet alcantara vous permettra d\u2019am\u00e9liorer facilement l\u2019esth\u00e9tique de votre v\u00e9hicule. Cette simple installation vous offre la possibilit\u00e9 de moderniser facilement l\u2019int\u00e9rieur de votre v\u00e9hicule, en plus d\u2019apporter un confort de [&hellip;]<\/p>","protected":false},"featured_media":2912,"comment_status":"open","ping_status":"closed","template":"","meta":[],"product_brand":[],"product_cat":[24],"product_tag":[],"class_list":{"0":"post-2915","1":"product","2":"type-product","3":"status-publish","4":"has-post-thumbnail","6":"product_cat-accessoires-interieur","8":"first","9":"instock","10":"shipping-taxable","11":"purchasable","12":"product-type-variable"},"jetpack_sharing_enabled":true,"_links":{"self":[{"href":"https:\/\/autopdz.com\/ar\/wp-json\/wp\/v2\/product\/2915","targetHints":{"allow":["GET"]}}],"collection":[{"href":"https:\/\/autopdz.com\/ar\/wp-json\/wp\/v2\/product"}],"about":[{"href":"https:\/\/autopdz.com\/ar\/wp-json\/wp\/v2\/types\/product"}],"replies":[{"embeddable":true,"href":"https:\/\/autopdz.com\/ar\/wp-json\/wp\/v2\/comments?post=2915"}],"wp:featuredmedia":[{"embeddable":true,"href":"https:\/\/autopdz.com\/ar\/wp-json\/wp\/v2\/media\/2912"}],"wp:attachment":[{"href":"https:\/\/autopdz.com\/ar\/wp-json\/wp\/v2\/media?parent=2915"}],"wp:term":[{"taxonomy":"product_brand","embeddable":true,"href":"https:\/\/autopdz.com\/ar\/wp-json\/wp\/v2\/product_brand?post=2915"},{"taxonomy":"product_cat","embeddable":true,"href":"https:\/\/autopdz.com\/ar\/wp-json\/wp\/v2\/product_cat?post=2915"},{"taxonomy":"product_tag","embeddable":true,"href":"https:\/\/autopdz.com\/ar\/wp-json\/wp\/v2\/product_tag?post=2915"}],"curies":[{"name":"wp","href":"https:\/\/api.w.org\/{rel}","templated":true}]}}