{"id":29372,"date":"2025-12-01T14:44:56","date_gmt":"2025-12-01T13:44:56","guid":{"rendered":"https:\/\/autopdz.com\/product\/chargeur-de-voiture-starlight-multifonctions-5en1\/"},"modified":"2026-04-04T05:54:47","modified_gmt":"2026-04-04T04:54:47","slug":"chargeur-de-voiture-starlight-multifonctions-5en1","status":"publish","type":"product","link":"https:\/\/autopdz.com\/ar\/product\/chargeur-de-voiture-starlight-multifonctions-5en1\/","title":{"rendered":"Chargeur de voiture Starlight Multifonctions 5en1"},"content":{"rendered":"<p>Contenu :<\/p>\n<p>Chargeur x 1<\/p>\n<p>Atomiseur x 1<\/p>\n<p>Flacons de parfum x 3<\/p>\n<p>Coton-tige<\/p>\n<p>Dimensions : 157 x 66 x 39 mm<\/p>\n<p>Mat\u00e9riaux : Aluminium, PC<\/p>\n<p>Puissance totale : 45 W<\/p>\n<p>Longueur du c\u00e2ble : 800 mm<\/p>\n<p>Tension d&rsquo;entr\u00e9e : 12-24 V<\/p>\n<p>Sortie USB-C : 5 V\/3 A<\/p>\n<p>Sortie iOS : 5 V\/3 A<\/p>\n<p>Sortie Type-C : PD3.0 30 W<\/p>\n<p>MOD\u00c8LE : D1<\/p>\n<p>Normes de diffusion du parfum :<\/p>\n<p>Q\/SZS-TZXF002-2022<\/p>\n<p>3<\/p>\n<p>C\u00e2ble de charge t\u00e9lescopique<\/p>\n<p>Fusible int\u00e9gr\u00e9<\/p>\n<p>Protection contre les surintensit\u00e9s et les courts-circuits. Peut charger des t\u00e9l\u00e9phones portables simultan\u00e9ment.<\/p>\n<p>AVERTISSEMENT :<\/p>\n<p>Veuillez utiliser cette marque d&rsquo;huile essentielle afin d&rsquo;\u00e9viter tout probl\u00e8me de pulv\u00e9risation d\u00fb \u00e0 une diff\u00e9rence de densit\u00e9, ce qui pourrait affecter le fonctionnement normal de l&rsquo;appareil.<\/p>\n<p>CHARGEUR DE VOYAGE<\/p>\n<p>Convient pour charger des appareils \u00e9lectroniques tels que smartphones, appareils photo num\u00e9riques, GPS, lecteurs MP3, MP4 et<\/p>\n<p>INTELLIGENT<\/p>\n<p>Fabriqu\u00e9 en Chine.<\/p>","protected":false},"excerpt":{"rendered":"<p>Contenu : Chargeur x 1 Atomiseur x 1 Flacons de parfum x 3 Coton-tige Dimensions : 157 x 66 x 39 mm Mat\u00e9riaux : Aluminium, PC Puissance totale : 45 W Longueur du c\u00e2ble : 800 mm Tension d&rsquo;entr\u00e9e : 12-24 V Sortie USB-C : 5 V\/3 A Sortie iOS : 5 V\/3 A Sortie [&hellip;]<\/p>","protected":false},"featured_media":29369,"comment_status":"open","ping_status":"closed","template":"","meta":[],"product_brand":[],"product_cat":[24],"product_tag":[],"class_list":{"0":"post-29372","1":"product","2":"type-product","3":"status-publish","4":"has-post-thumbnail","6":"product_cat-accessoires-interieur","8":"first","9":"instock","10":"sale","11":"shipping-taxable","12":"purchasable","13":"product-type-simple"},"jetpack_sharing_enabled":true,"_links":{"self":[{"href":"https:\/\/autopdz.com\/ar\/wp-json\/wp\/v2\/product\/29372","targetHints":{"allow":["GET"]}}],"collection":[{"href":"https:\/\/autopdz.com\/ar\/wp-json\/wp\/v2\/product"}],"about":[{"href":"https:\/\/autopdz.com\/ar\/wp-json\/wp\/v2\/types\/product"}],"replies":[{"embeddable":true,"href":"https:\/\/autopdz.com\/ar\/wp-json\/wp\/v2\/comments?post=29372"}],"wp:featuredmedia":[{"embeddable":true,"href":"https:\/\/autopdz.com\/ar\/wp-json\/wp\/v2\/media\/29369"}],"wp:attachment":[{"href":"https:\/\/autopdz.com\/ar\/wp-json\/wp\/v2\/media?parent=29372"}],"wp:term":[{"taxonomy":"product_brand","embeddable":true,"href":"https:\/\/autopdz.com\/ar\/wp-json\/wp\/v2\/product_brand?post=29372"},{"taxonomy":"product_cat","embeddable":true,"href":"https:\/\/autopdz.com\/ar\/wp-json\/wp\/v2\/product_cat?post=29372"},{"taxonomy":"product_tag","embeddable":true,"href":"https:\/\/autopdz.com\/ar\/wp-json\/wp\/v2\/product_tag?post=29372"}],"curies":[{"name":"wp","href":"https:\/\/api.w.org\/{rel}","templated":true}]}}