{"id":30104,"date":"2025-12-09T14:19:55","date_gmt":"2025-12-09T13:19:55","guid":{"rendered":"https:\/\/autopdz.com\/product\/retroviseur-dashcam-full-hd-1080p-pioneer\/"},"modified":"2025-12-09T14:22:39","modified_gmt":"2025-12-09T13:22:39","slug":"retroviseur-dashcam-full-hd-1080p-pioneer","status":"publish","type":"product","link":"https:\/\/autopdz.com\/ar\/product\/retroviseur-dashcam-full-hd-1080p-pioneer\/","title":{"rendered":"Retroviseur Dashcam full HD 1080P Pioneer"},"content":{"rendered":"<p>Sp\u00e9cifications du produit :<\/p>\n<p>Nom du produit<\/p>\n<p>Enregistreur double canal pour r\u00e9troviseur<\/p>\n<p>Caract\u00e9ristiques du produit<\/p>\n<p>Tr\u00e8s large angle de 170\u00b0, Full HD 1080p<\/p>\n<p>Capteur G<\/p>\n<p>Int\u00e9gr\u00e9<\/p>\n<p>Taille de l&rsquo;\u00e9cran<\/p>\n<p>IPS 9,66&Prime;<\/p>\n<p>Objectif de la cam\u00e9ra<\/p>\n<p>Objectif 170\u00b0 de niveau A+<\/p>\n<p>Langue<\/p>\n<p>Multilingue<\/p>\n<p>Format de fichier<\/p>\n<p>AVI<\/p>\n<p>R\u00e9solution vid\u00e9o<\/p>\n<p>1920 x 1080p 1280 x 720p<\/p>\n<p>Format vid\u00e9o<\/p>\n<p>H.264, Audio : AAC<\/p>\n<p>Effet couleur<\/p>\n<p>Standard<\/p>\n<p>Vid\u00e9o en boucle<\/p>\n<p>Vid\u00e9o en boucle sans interruption, sans fuite<\/p>\n<p>Commutateur de voiture<\/p>\n<p>Prise en charge<\/p>\n<p>D\u00e9tection de mouvement<\/p>\n<p>Prise en charge<\/p>\n<p>Date et heure<\/p>\n<p>Prise en charge<\/p>\n<p>support op\u00e9rateur<\/p>\n<p>int\u00e9gr\u00e9 (total : 1024 Mo)<\/p>\n<p>Photo<\/p>\n<p>500 M<\/p>\n<p>Format photo<\/p>\n<p>JPEG<\/p>\n<p>Carte m\u00e9moire<\/p>\n<p>TF (prise en charge maximale de 32 Go)<\/p>\n<p>Microphone<\/p>\n<p>Prise en charge<\/p>\n<p>son<\/p>\n<p>Int\u00e9gr\u00e9<\/p>\n<p>Aide au stationnement<\/p>\n<p>Prise en charge<\/p>\n<p>Format vid\u00e9o<\/p>\n<p>PAL\/NTSC<\/p>\n<p>fr\u00e9quence actuelle<\/p>\n<p>50 Hz\/60 Hz<\/p>\n<p>Fonction USB<\/p>\n<p>1 : Cam\u00e9ra arri\u00e8re<\/p>\n<p>2 : Donn\u00e9es PC<\/p>\n<p>Interface d&rsquo;alimentation<\/p>\n<p>12-24V 2A<\/p>\n<p>Batterie<\/p>\n<p>Int\u00e9gr\u00e9e 450 mAh<\/p>","protected":false},"excerpt":{"rendered":"<p>Sp\u00e9cifications du produit : Nom du produit Enregistreur double canal pour r\u00e9troviseur Caract\u00e9ristiques du produit Tr\u00e8s large angle de 170\u00b0, Full HD 1080p Capteur G Int\u00e9gr\u00e9 Taille de l&rsquo;\u00e9cran IPS 9,66&Prime; Objectif de la cam\u00e9ra Objectif 170\u00b0 de niveau A+ Langue Multilingue Format de fichier AVI R\u00e9solution vid\u00e9o 1920 x 1080p 1280 x 720p Format [&hellip;]<\/p>","protected":false},"featured_media":30099,"comment_status":"open","ping_status":"closed","template":"","meta":[],"product_brand":[],"product_cat":[15],"product_tag":[],"class_list":{"0":"post-30104","1":"product","2":"type-product","3":"status-publish","4":"has-post-thumbnail","6":"product_cat-divers","8":"first","9":"instock","10":"shipping-taxable","11":"purchasable","12":"product-type-simple"},"jetpack_sharing_enabled":true,"_links":{"self":[{"href":"https:\/\/autopdz.com\/ar\/wp-json\/wp\/v2\/product\/30104","targetHints":{"allow":["GET"]}}],"collection":[{"href":"https:\/\/autopdz.com\/ar\/wp-json\/wp\/v2\/product"}],"about":[{"href":"https:\/\/autopdz.com\/ar\/wp-json\/wp\/v2\/types\/product"}],"replies":[{"embeddable":true,"href":"https:\/\/autopdz.com\/ar\/wp-json\/wp\/v2\/comments?post=30104"}],"wp:featuredmedia":[{"embeddable":true,"href":"https:\/\/autopdz.com\/ar\/wp-json\/wp\/v2\/media\/30099"}],"wp:attachment":[{"href":"https:\/\/autopdz.com\/ar\/wp-json\/wp\/v2\/media?parent=30104"}],"wp:term":[{"taxonomy":"product_brand","embeddable":true,"href":"https:\/\/autopdz.com\/ar\/wp-json\/wp\/v2\/product_brand?post=30104"},{"taxonomy":"product_cat","embeddable":true,"href":"https:\/\/autopdz.com\/ar\/wp-json\/wp\/v2\/product_cat?post=30104"},{"taxonomy":"product_tag","embeddable":true,"href":"https:\/\/autopdz.com\/ar\/wp-json\/wp\/v2\/product_tag?post=30104"}],"curies":[{"name":"wp","href":"https:\/\/api.w.org\/{rel}","templated":true}]}}