{"id":3024,"date":"2024-06-27T14:58:30","date_gmt":"2024-06-27T13:58:30","guid":{"rendered":"https:\/\/autopdz.com\/product\/support-magnetique-de-telephone\/"},"modified":"2024-06-27T14:58:30","modified_gmt":"2024-06-27T13:58:30","slug":"support-magnetique-de-telephone","status":"publish","type":"product","link":"https:\/\/autopdz.com\/ar\/product\/support-magnetique-de-telephone\/","title":{"rendered":"Support Magn\u00e9tique de T\u00e9l\u00e9phone"},"content":{"rendered":"<p><span style=\"font-family:\">SUPPORT DE BASE Design \u00e0 360 degr\u00e9s que vous parliez, naviguiez ou utiliser gps, ce support de t\u00e9l\u00e9phone pour grille d&rsquo;a\u00e9ration de voiture enti\u00e8rement rotatif vous offre les meilleurs angles de vision tout en favorisant une conduite s\u00fbre. Convivial lorsque vous le posez, il sera serr\u00e9, retir\u00e9 et rel\u00e2ch\u00e9, et la gravit\u00e9 sera simple et rapide. Petite taille le support de t\u00e9l\u00e9phone portable est de petite taille,<\/span><\/p>\n<p>support magn\u00e9tique fort<\/p>","protected":false},"excerpt":{"rendered":"<p>SUPPORT DE BASE Design \u00e0 360 degr\u00e9s que vous parliez, naviguiez ou utiliser gps, ce support de t\u00e9l\u00e9phone pour grille d&rsquo;a\u00e9ration de voiture enti\u00e8rement rotatif vous offre les meilleurs angles de vision tout en favorisant une conduite s\u00fbre. Convivial lorsque vous le posez, il sera serr\u00e9, retir\u00e9 et rel\u00e2ch\u00e9, et la gravit\u00e9 sera simple et [&hellip;]<\/p>","protected":false},"featured_media":3020,"comment_status":"open","ping_status":"closed","template":"","meta":[],"product_brand":[],"product_cat":[38],"product_tag":[],"class_list":{"0":"post-3024","1":"product","2":"type-product","3":"status-publish","4":"has-post-thumbnail","6":"product_cat-support-telephone","8":"first","9":"instock","10":"shipping-taxable","11":"purchasable","12":"product-type-simple"},"jetpack_sharing_enabled":true,"_links":{"self":[{"href":"https:\/\/autopdz.com\/ar\/wp-json\/wp\/v2\/product\/3024","targetHints":{"allow":["GET"]}}],"collection":[{"href":"https:\/\/autopdz.com\/ar\/wp-json\/wp\/v2\/product"}],"about":[{"href":"https:\/\/autopdz.com\/ar\/wp-json\/wp\/v2\/types\/product"}],"replies":[{"embeddable":true,"href":"https:\/\/autopdz.com\/ar\/wp-json\/wp\/v2\/comments?post=3024"}],"wp:featuredmedia":[{"embeddable":true,"href":"https:\/\/autopdz.com\/ar\/wp-json\/wp\/v2\/media\/3020"}],"wp:attachment":[{"href":"https:\/\/autopdz.com\/ar\/wp-json\/wp\/v2\/media?parent=3024"}],"wp:term":[{"taxonomy":"product_brand","embeddable":true,"href":"https:\/\/autopdz.com\/ar\/wp-json\/wp\/v2\/product_brand?post=3024"},{"taxonomy":"product_cat","embeddable":true,"href":"https:\/\/autopdz.com\/ar\/wp-json\/wp\/v2\/product_cat?post=3024"},{"taxonomy":"product_tag","embeddable":true,"href":"https:\/\/autopdz.com\/ar\/wp-json\/wp\/v2\/product_tag?post=3024"}],"curies":[{"name":"wp","href":"https:\/\/api.w.org\/{rel}","templated":true}]}}