{"id":3031,"date":"2024-06-27T15:07:33","date_gmt":"2024-06-27T14:07:33","guid":{"rendered":"https:\/\/autopdz.com\/product\/support-pour-smartphone-de-voiture\/"},"modified":"2024-06-27T15:08:14","modified_gmt":"2024-06-27T14:08:14","slug":"support-pour-smartphone-de-voiture","status":"publish","type":"product","link":"https:\/\/autopdz.com\/ar\/product\/support-pour-smartphone-de-voiture\/","title":{"rendered":"Support pour smartphone de voiture"},"content":{"rendered":"<p>Support voiture universel<br \/>\nNous pr\u00e9sentons \u00e0 votre attention un support de t\u00e9l\u00e9phone. Ce qui lib\u00e9rera vos mains et vous pourrez facilement utiliser votre t\u00e9l\u00e9phone, diverses cartes et bien plus encore. Le t\u00e9l\u00e9phone ou la tablette est fix\u00e9 avec un aimant, et une plaque m\u00e9tallique est \u00e9galement incluse dans le kit ; ces plaques peuvent \u00eatre fix\u00e9es avec le c\u00f4t\u00e9 collant au t\u00e9l\u00e9phone ou \u00e0 la tablette pour \u00eatre fix\u00e9es au support. Le support lui-m\u00eame est fix\u00e9 \u00e0 une ventouse en gel<\/p>","protected":false},"excerpt":{"rendered":"<p>Support voiture universel Nous pr\u00e9sentons \u00e0 votre attention un support de t\u00e9l\u00e9phone. Ce qui lib\u00e9rera vos mains et vous pourrez facilement utiliser votre t\u00e9l\u00e9phone, diverses cartes et bien plus encore. Le t\u00e9l\u00e9phone ou la tablette est fix\u00e9 avec un aimant, et une plaque m\u00e9tallique est \u00e9galement incluse dans le kit ; ces plaques peuvent \u00eatre [&hellip;]<\/p>","protected":false},"featured_media":3029,"comment_status":"open","ping_status":"closed","template":"","meta":[],"product_brand":[],"product_cat":[38],"product_tag":[],"class_list":{"0":"post-3031","1":"product","2":"type-product","3":"status-publish","4":"has-post-thumbnail","6":"product_cat-support-telephone","8":"first","9":"instock","10":"shipping-taxable","11":"purchasable","12":"product-type-simple"},"jetpack_sharing_enabled":true,"_links":{"self":[{"href":"https:\/\/autopdz.com\/ar\/wp-json\/wp\/v2\/product\/3031","targetHints":{"allow":["GET"]}}],"collection":[{"href":"https:\/\/autopdz.com\/ar\/wp-json\/wp\/v2\/product"}],"about":[{"href":"https:\/\/autopdz.com\/ar\/wp-json\/wp\/v2\/types\/product"}],"replies":[{"embeddable":true,"href":"https:\/\/autopdz.com\/ar\/wp-json\/wp\/v2\/comments?post=3031"}],"wp:featuredmedia":[{"embeddable":true,"href":"https:\/\/autopdz.com\/ar\/wp-json\/wp\/v2\/media\/3029"}],"wp:attachment":[{"href":"https:\/\/autopdz.com\/ar\/wp-json\/wp\/v2\/media?parent=3031"}],"wp:term":[{"taxonomy":"product_brand","embeddable":true,"href":"https:\/\/autopdz.com\/ar\/wp-json\/wp\/v2\/product_brand?post=3031"},{"taxonomy":"product_cat","embeddable":true,"href":"https:\/\/autopdz.com\/ar\/wp-json\/wp\/v2\/product_cat?post=3031"},{"taxonomy":"product_tag","embeddable":true,"href":"https:\/\/autopdz.com\/ar\/wp-json\/wp\/v2\/product_tag?post=3031"}],"curies":[{"name":"wp","href":"https:\/\/api.w.org\/{rel}","templated":true}]}}